{"id":698279,"date":"2025-08-27T14:44:39","date_gmt":"2025-08-27T11:44:39","guid":{"rendered":"https:\/\/roveyayinevi.com.tr\/index.php\/urun\/bati-medeniyetinin-dogulu-kokenleri\/"},"modified":"2026-04-16T02:07:51","modified_gmt":"2026-04-15T23:07:51","slug":"bati-medeniyetinin-dogulu-kokenleri","status":"publish","type":"product","link":"https:\/\/roveyayinevi.com.tr\/index.php\/urun\/bati-medeniyetinin-dogulu-kokenleri\/","title":{"rendered":"Bat\u0131 Medeniyetinin Do\u011fulu K\u00f6kenleri"},"content":{"rendered":"<p>John Hobson, Bat\u0131&#8217;n\u0131n y\u00fckseli\u015fine dair yayg\u0131n g\u00f6r\u00fc\u015flerin etnomerkezci \u00f6nyarg\u0131lar\u0131yla m\u00fccadele ediyor. Antik Yunan&#8217;dan bu yana Avrupal\u0131lar\u0131n kendi geli\u015fimlerine \u00f6nc\u00fcl\u00fck ettikleri ve Do\u011fu&#8217;nun geli\u015fen d\u00fcnya tarihi i\u00e7inde pasif bir izleyici olarak kald\u0131\u011f\u0131 ileri s\u00fcr\u00fcl\u00fcr. Hobson, Oryantal Bat\u0131 n\u0131n y\u00fckseli\u015fini m\u00fcmk\u00fcn k\u0131lan iki s\u00fcre\u00e7 oldu\u011funu \u00f6ne s\u00fcr\u00fcyor. Birincisi, Avrupa&#8217;da her bir \u00f6nemli geli\u015fimsel d\u00f6n\u00fcm noktas\u0131 500-1800 tarihleri aras\u0131nda Do\u011fu&#8217;nun ba\u015f\u0131 \u00e7ekti\u011fi d\u00fcnya ekonomisine Ortantal k\u00fcreselle\u015fme ile dahil olan Do\u011fu&#8217;ya ait bulu\u015flarla desteklenmi\u015ftir (d\u00fc\u015f\u00fcnceler, teknoloji ve kurumlar gibi). \u0130kincisi, 1453 y\u0131l\u0131ndan sonra Avrupa kimli\u011finin olu\u015fturulmas\u0131 Avrupal\u0131lar\u0131n pek \u00e7ok Do\u011fulu kayna\u011f\u0131 (toprak, emek ve pazar) kendilerine mal etmesiyle emperyalizme yol a\u00e7m\u0131\u015ft\u0131r. Hobson&#8217;\u0131n kitab\u0131 bug\u00fcne kadar bir kenarda b\u0131rak\u0131lm\u0131\u015f Do\u011fulular\u0131 d\u00fcnya tarihinin geli\u015fim hik\u00e2yesinde \u00f6ne \u00e7\u0131kar\u0131yor.<\/p>\n","protected":false},"excerpt":{"rendered":"<p>John Hobson, Bat\u0131&#8217;n\u0131n y\u00fckseli\u015fine dair yayg\u0131n g\u00f6r\u00fc\u015flerin etnomerkezci \u00f6nyarg\u0131lar\u0131yla m\u00fccadele ediyor. Antik Yunan&#8217;dan bu yana Avrupal\u0131lar\u0131n kendi geli\u015fimlerine \u00f6nc\u00fcl\u00fck ettikleri ve Do\u011fu&#8217;nun geli\u015fen d\u00fcnya tarihi i\u00e7inde<span class=\"excerpt-hellip\"> [\u2026]<\/span><\/p>\n","protected":false},"featured_media":0,"template":"","meta":{"_monsterinsights_skip_tracking":false,"_monsterinsights_sitenote_active":false,"_monsterinsights_sitenote_note":"","_monsterinsights_sitenote_category":0},"product_brand":[],"product_cat":[12312,12304],"product_tag":[],"class_list":{"0":"post-698279","1":"product","2":"type-product","3":"status-publish","5":"product_cat-diger","6":"product_cat-tarih","7":"pa_cilt-ciltsiz","8":"pa_tur-kitap","9":"pa_yayinevi-yapi-kredi-yayinlari","10":"pa_yazar-john-m-hobson","12":"first","13":"instock","14":"sale","15":"shipping-taxable","16":"purchasable","17":"product-type-simple"},"_links":{"self":[{"href":"https:\/\/roveyayinevi.com.tr\/index.php\/wp-json\/wp\/v2\/product\/698279","targetHints":{"allow":["GET"]}}],"collection":[{"href":"https:\/\/roveyayinevi.com.tr\/index.php\/wp-json\/wp\/v2\/product"}],"about":[{"href":"https:\/\/roveyayinevi.com.tr\/index.php\/wp-json\/wp\/v2\/types\/product"}],"wp:attachment":[{"href":"https:\/\/roveyayinevi.com.tr\/index.php\/wp-json\/wp\/v2\/media?parent=698279"}],"wp:term":[{"taxonomy":"product_brand","embeddable":true,"href":"https:\/\/roveyayinevi.com.tr\/index.php\/wp-json\/wp\/v2\/product_brand?post=698279"},{"taxonomy":"product_cat","embeddable":true,"href":"https:\/\/roveyayinevi.com.tr\/index.php\/wp-json\/wp\/v2\/product_cat?post=698279"},{"taxonomy":"product_tag","embeddable":true,"href":"https:\/\/roveyayinevi.com.tr\/index.php\/wp-json\/wp\/v2\/product_tag?post=698279"}],"curies":[{"name":"wp","href":"https:\/\/api.w.org\/{rel}","templated":true}]}}