{"id":698274,"date":"2025-08-27T14:44:38","date_gmt":"2025-08-27T11:44:38","guid":{"rendered":"https:\/\/roveyayinevi.com.tr\/index.php\/urun\/ben-minicik-bir-bebektim-2-sekiller-ve-kavramlar\/"},"modified":"2026-04-16T02:07:50","modified_gmt":"2026-04-15T23:07:50","slug":"ben-minicik-bir-bebektim-2-sekiller-ve-kavramlar","status":"publish","type":"product","link":"https:\/\/roveyayinevi.com.tr\/index.php\/urun\/ben-minicik-bir-bebektim-2-sekiller-ve-kavramlar\/","title":{"rendered":"Ben Minicik Bir Bebektim 2 &#8211; \u015eekiller ve Kavramlar"},"content":{"rendered":"<p>Un, \u015feker, yumurta&#8230;Do\u011fru \u00f6l\u00e7\u00fclerde kar\u0131\u015ft\u0131r\u0131l\u0131p pi\u015firilince ne olur? Bir s\u00fcr\u00fc kurabiye!Ama en zevklisi de hamurdan \u015fekiller \u00e7\u0131karmak.Konuklar gelecekmi\u015f, peki kurabiyeleri kim yapacak?Ayt\u00fcl Akal bu kitab\u0131yla, erken \u00f6\u011frenme d\u00f6nemindeki \u00e7ocuklar\u0131 \u015fekiller ve kavramlarla tan\u0131\u015ft\u0131r\u0131yor, onlar\u0131 hayal g\u00fc\u00e7lerini konu\u015fturmaya davet ediyor. Say\u0131lar, \u015fekiller ve renkler i\u00e7inde \u00f6yk\u00fcler\u2026Sevilen yazar Ayt\u00fcl Akal\u2019\u0131n erken \u00f6\u011frenme d\u00f6nemindeki \u00e7ocuklar i\u00e7in kaleme ald\u0131\u011f\u0131 \u201cBen Minicik Bir Bebektim\u201d serisi, Berk \u00d6zt\u00fcrk taraf\u0131ndan yenilenen resimleri ve de\u011fi\u015fen bask\u0131 \u00f6zellikleriyle yeniden okurlarla bulu\u015fuyor.&#8221;Say\u0131lar ve Renkler&#8221; ile &#8220;\u015eekiller ve Kavramlar&#8221; \u00fczerine miniklerin ilgisini \u00e7ekecek iki k\u0131sa \u00f6yk\u00fcden olu\u015fan seri, yazar\u0131n \u00e7ocukluk an\u0131lar\u0131ndan, \u00f6zellikle de aile ili\u015fkilerinden izler ta\u015f\u0131yor&#8230;Her sayfas\u0131nda farkl\u0131 bir ayr\u0131nt\u0131n\u0131n ke\u015ffedilebilece\u011fi \u00f6yk\u00fcs\u00fc ve resimleriyle merak uyand\u0131ran kitaplar, miniklere keyifli bir g\u00f6rsel okuma deneyimi kazand\u0131r\u0131yor.&#8221;Okul \u00f6ncesi d\u00f6nemindeki \u00e7ocuklar\u0131 \u015fekiller ve kavramlarla hayal g\u00fcc\u00fcn\u00fcn sonsuzlu\u011funa ta\u015f\u0131yan, okul \u00f6ncesi e\u011fitime katk\u0131da bulunan kitaplar.&#8221;Pedagog Ay\u015fen \u00d6zen\u00e7<\/p>\n","protected":false},"excerpt":{"rendered":"<p>Un, \u015feker, yumurta&#8230;Do\u011fru \u00f6l\u00e7\u00fclerde kar\u0131\u015ft\u0131r\u0131l\u0131p pi\u015firilince ne olur? Bir s\u00fcr\u00fc kurabiye!Ama en zevklisi de hamurdan \u015fekiller \u00e7\u0131karmak.Konuklar gelecekmi\u015f, peki kurabiyeleri kim yapacak?Ayt\u00fcl Akal bu kitab\u0131yla, erken<span class=\"excerpt-hellip\"> [\u2026]<\/span><\/p>\n","protected":false},"featured_media":0,"template":"","meta":{"_monsterinsights_skip_tracking":false,"_monsterinsights_sitenote_active":false,"_monsterinsights_sitenote_note":"","_monsterinsights_sitenote_category":0},"product_brand":[],"product_cat":[12274,12518],"product_tag":[],"class_list":{"0":"post-698274","1":"product","2":"type-product","3":"status-publish","5":"product_cat-cocuk-ve-genclik-kitaplari","6":"product_cat-okul-oncesi-kitaplar","7":"pa_tur-kitap","8":"pa_yayinevi-ucanbalik-yayincilik","9":"pa_yazar-aytul-akal","11":"first","12":"instock","13":"sale","14":"shipping-taxable","15":"purchasable","16":"product-type-simple"},"_links":{"self":[{"href":"https:\/\/roveyayinevi.com.tr\/index.php\/wp-json\/wp\/v2\/product\/698274","targetHints":{"allow":["GET"]}}],"collection":[{"href":"https:\/\/roveyayinevi.com.tr\/index.php\/wp-json\/wp\/v2\/product"}],"about":[{"href":"https:\/\/roveyayinevi.com.tr\/index.php\/wp-json\/wp\/v2\/types\/product"}],"wp:attachment":[{"href":"https:\/\/roveyayinevi.com.tr\/index.php\/wp-json\/wp\/v2\/media?parent=698274"}],"wp:term":[{"taxonomy":"product_brand","embeddable":true,"href":"https:\/\/roveyayinevi.com.tr\/index.php\/wp-json\/wp\/v2\/product_brand?post=698274"},{"taxonomy":"product_cat","embeddable":true,"href":"https:\/\/roveyayinevi.com.tr\/index.php\/wp-json\/wp\/v2\/product_cat?post=698274"},{"taxonomy":"product_tag","embeddable":true,"href":"https:\/\/roveyayinevi.com.tr\/index.php\/wp-json\/wp\/v2\/product_tag?post=698274"}],"curies":[{"name":"wp","href":"https:\/\/api.w.org\/{rel}","templated":true}]}}