{"id":698268,"date":"2025-08-27T14:44:36","date_gmt":"2025-08-27T11:44:36","guid":{"rendered":"https:\/\/roveyayinevi.com.tr\/index.php\/urun\/yonetimde-cagdas-ve-guncel-konular\/"},"modified":"2026-04-16T02:07:50","modified_gmt":"2026-04-15T23:07:50","slug":"yonetimde-cagdas-ve-guncel-konular","status":"publish","type":"product","link":"https:\/\/roveyayinevi.com.tr\/index.php\/urun\/yonetimde-cagdas-ve-guncel-konular\/","title":{"rendered":"Y\u00f6netimde \u00c7a\u011fda\u015f ve G\u00fcncel Konular"},"content":{"rendered":"<p>Geleneksel d\u00fcnyada ya\u015fanan rekabet, \u00fcretim, pazarlama ve liderlik davran\u0131\u015flar\u0131n\u0131n h\u0131zla de\u011fi\u015fti\u011fi ve geli\u015fti\u011fi g\u00fcn\u00fcm\u00fcz ekonomik d\u00fczeninde firmalar\u0131n ili\u015fkileri ve yap\u0131lar\u0131 her ge\u00e7en g\u00fcn de\u011fi\u015fmekte, m\u00fc\u015fteri, rakip, tedarik\u00e7i, \u00e7al\u0131\u015fan ve liderlik olgular\u0131 yeniden ele al\u0131nmaktad\u0131r. Taylor&#8217;un i\u015fletmecilikte \u00e7\u0131\u011f\u0131r a\u00e7an ve bilimsel y\u00f6netim yakla\u015f\u0131m\u0131n\u0131n ortaya \u00e7\u0131kt\u0131\u011f\u0131, verimsiz \u00e7al\u0131\u015fan organizasyonlar\u0131n verimlili\u011fini ve kararl\u0131l\u0131\u011f\u0131n\u0131 artt\u0131rmak i\u00e7in yap\u0131lan \u00e7al\u0131\u015fmalar, firmalar\u0131n bu g\u00fcnk\u00fc piyasa \u015fartlar\u0131nda ba\u015far\u0131l\u0131 olmalar\u0131 i\u00e7in yeterli g\u00f6r\u00fclmemektedir.G\u00fcn\u00fcm\u00fcz organizasyonlar\u0131nda ba\u015far\u0131n\u0131n sa\u011flanmas\u0131nda g\u00f6rev odakl\u0131, yapt\u0131klar\u0131 i\u015fe kendilerini adayan, standart performans \u00f6l\u00e7\u00fctlerinin \u00f6tesinde ba\u015far\u0131lar\u0131 arayan organizasyonel yap\u0131lar\u0131n olu\u015fturdu\u011fu tak\u0131m bazl\u0131 organizasyonlar\u0131n kurulmas\u0131 a\u015famas\u0131na ge\u00e7ilmi\u015f ve \u00e7al\u0131\u015fanlar\u0131n art\u0131k organizasyon i\u00e7erisinde stratejik \u00f6neme sahip temel bir unsur oldu\u011fu ger\u00e7e\u011fi benimsenilmi\u015f ve \u00f6rg\u00fcte ba\u011fl\u0131l\u0131\u011f\u0131 y\u00fcksek ve \u00f6rg\u00fctsel vatanda\u015fl\u0131k bilincine sahip \u00e7al\u0131\u015fanlar\u0131n \u00f6nemi iyice anla\u015f\u0131lm\u0131\u015ft\u0131r. <\/p>\n","protected":false},"excerpt":{"rendered":"<p>Geleneksel d\u00fcnyada ya\u015fanan rekabet, \u00fcretim, pazarlama ve liderlik davran\u0131\u015flar\u0131n\u0131n h\u0131zla de\u011fi\u015fti\u011fi ve geli\u015fti\u011fi g\u00fcn\u00fcm\u00fcz ekonomik d\u00fczeninde firmalar\u0131n ili\u015fkileri ve yap\u0131lar\u0131 her ge\u00e7en g\u00fcn de\u011fi\u015fmekte, m\u00fc\u015fteri, rakip,<span class=\"excerpt-hellip\"> [\u2026]<\/span><\/p>\n","protected":false},"featured_media":0,"template":"","meta":{"_monsterinsights_skip_tracking":false,"_monsterinsights_sitenote_active":false,"_monsterinsights_sitenote_note":"","_monsterinsights_sitenote_category":0},"product_brand":[],"product_cat":[13043],"product_tag":[],"class_list":{"0":"post-698268","1":"product","2":"type-product","3":"status-publish","5":"product_cat-ekonomi","6":"pa_cilt-ciltsiz","7":"pa_tur-kitap","8":"pa_yayinevi-gazi-kitabevi","9":"pa_yazar-kolektif","11":"first","12":"instock","13":"sale","14":"shipping-taxable","15":"purchasable","16":"product-type-simple"},"_links":{"self":[{"href":"https:\/\/roveyayinevi.com.tr\/index.php\/wp-json\/wp\/v2\/product\/698268","targetHints":{"allow":["GET"]}}],"collection":[{"href":"https:\/\/roveyayinevi.com.tr\/index.php\/wp-json\/wp\/v2\/product"}],"about":[{"href":"https:\/\/roveyayinevi.com.tr\/index.php\/wp-json\/wp\/v2\/types\/product"}],"wp:attachment":[{"href":"https:\/\/roveyayinevi.com.tr\/index.php\/wp-json\/wp\/v2\/media?parent=698268"}],"wp:term":[{"taxonomy":"product_brand","embeddable":true,"href":"https:\/\/roveyayinevi.com.tr\/index.php\/wp-json\/wp\/v2\/product_brand?post=698268"},{"taxonomy":"product_cat","embeddable":true,"href":"https:\/\/roveyayinevi.com.tr\/index.php\/wp-json\/wp\/v2\/product_cat?post=698268"},{"taxonomy":"product_tag","embeddable":true,"href":"https:\/\/roveyayinevi.com.tr\/index.php\/wp-json\/wp\/v2\/product_tag?post=698268"}],"curies":[{"name":"wp","href":"https:\/\/api.w.org\/{rel}","templated":true}]}}