{"id":698267,"date":"2025-08-27T14:44:36","date_gmt":"2025-08-27T11:44:36","guid":{"rendered":"https:\/\/roveyayinevi.com.tr\/index.php\/urun\/ruslan-ve-ludmila\/"},"modified":"2026-04-16T02:07:50","modified_gmt":"2026-04-15T23:07:50","slug":"ruslan-ve-ludmila","status":"publish","type":"product","link":"https:\/\/roveyayinevi.com.tr\/index.php\/urun\/ruslan-ve-ludmila\/","title":{"rendered":"Ruslan ve Ludmila"},"content":{"rendered":"<p>Aleksandr Sergeyevi\u00e7 Pu\u015fkin&#8217;in 21 ya\u015f\u0131nda kaleme ald\u0131\u011f\u0131 Ruslan ve Ludmila o tarihe kadar Rus edebiyat\u0131n\u0131n bir benzeri g\u00f6r\u00fclmemi\u015f olan, mizah\u0131n, kahramanl\u0131\u011f\u0131n, ironinin, h\u00fczn\u00fcn ve o d\u00f6nemin tutucu \u00e7evrelerince fazla cesur bulunarak, b\u00fcy\u00fck tepkilere yol a\u00e7an bi\u00e7imde cinselli\u011fin bir arada kullan\u0131ld\u0131\u011f\u0131 epik bir yap\u0131tt\u0131r. Pu\u015fkin, alt\u0131 \u015fark\u0131 ve epilogtan olu\u015fan bu masapoemada Rus tarihinden, eski Rus masallar\u0131ndan geni\u015f bi\u00e7imde yararlan\u0131lm\u0131\u015ft\u0131r; okuyucunun duygular\u0131n\u0131 sarsacak anlat\u0131mdan \u00f6zenle ka\u00e7\u0131narak, yer yer kaba halk diliyle, yal\u0131n ve s\u00fcslemesiz bir dil kullanm\u0131\u015ft\u0131r. <\/p>\n","protected":false},"excerpt":{"rendered":"<p>Aleksandr Sergeyevi\u00e7 Pu\u015fkin&#8217;in 21 ya\u015f\u0131nda kaleme ald\u0131\u011f\u0131 Ruslan ve Ludmila o tarihe kadar Rus edebiyat\u0131n\u0131n bir benzeri g\u00f6r\u00fclmemi\u015f olan, mizah\u0131n, kahramanl\u0131\u011f\u0131n, ironinin, h\u00fczn\u00fcn ve o d\u00f6nemin<span class=\"excerpt-hellip\"> [\u2026]<\/span><\/p>\n","protected":false},"featured_media":0,"template":"","meta":{"_monsterinsights_skip_tracking":false,"_monsterinsights_sitenote_active":false,"_monsterinsights_sitenote_note":"","_monsterinsights_sitenote_category":0},"product_brand":[],"product_cat":[12291,13570],"product_tag":[],"class_list":{"0":"post-698267","1":"product","2":"type-product","3":"status-publish","5":"product_cat-edebiyat","6":"product_cat-rus-edebiyati","7":"pa_cilt-ciltsiz","8":"pa_tur-kitap","9":"pa_yayinevi-yapi-kredi-yayinlari","10":"pa_yazar-aleksandr-sergeyevic-puskin","12":"first","13":"instock","14":"sale","15":"shipping-taxable","16":"purchasable","17":"product-type-simple"},"_links":{"self":[{"href":"https:\/\/roveyayinevi.com.tr\/index.php\/wp-json\/wp\/v2\/product\/698267","targetHints":{"allow":["GET"]}}],"collection":[{"href":"https:\/\/roveyayinevi.com.tr\/index.php\/wp-json\/wp\/v2\/product"}],"about":[{"href":"https:\/\/roveyayinevi.com.tr\/index.php\/wp-json\/wp\/v2\/types\/product"}],"wp:attachment":[{"href":"https:\/\/roveyayinevi.com.tr\/index.php\/wp-json\/wp\/v2\/media?parent=698267"}],"wp:term":[{"taxonomy":"product_brand","embeddable":true,"href":"https:\/\/roveyayinevi.com.tr\/index.php\/wp-json\/wp\/v2\/product_brand?post=698267"},{"taxonomy":"product_cat","embeddable":true,"href":"https:\/\/roveyayinevi.com.tr\/index.php\/wp-json\/wp\/v2\/product_cat?post=698267"},{"taxonomy":"product_tag","embeddable":true,"href":"https:\/\/roveyayinevi.com.tr\/index.php\/wp-json\/wp\/v2\/product_tag?post=698267"}],"curies":[{"name":"wp","href":"https:\/\/api.w.org\/{rel}","templated":true}]}}