{"id":698266,"date":"2025-08-27T14:44:35","date_gmt":"2025-08-27T11:44:35","guid":{"rendered":"https:\/\/roveyayinevi.com.tr\/index.php\/urun\/ingilizce-sozluk-standart-sozluk\/"},"modified":"2026-04-16T02:07:50","modified_gmt":"2026-04-15T23:07:50","slug":"ingilizce-sozluk-standart-sozluk","status":"publish","type":"product","link":"https:\/\/roveyayinevi.com.tr\/index.php\/urun\/ingilizce-sozluk-standart-sozluk\/","title":{"rendered":"\u0130ngilizce S\u00f6zl\u00fck (Standart S\u00f6zl\u00fck)"},"content":{"rendered":"<p>\ufffcTan\u0131t\u0131m Metni<\/p>\n","protected":false},"excerpt":{"rendered":"<p>\ufffcTan\u0131t\u0131m Metni<\/p>\n","protected":false},"featured_media":0,"template":"","meta":{"_monsterinsights_skip_tracking":false,"_monsterinsights_sitenote_active":false,"_monsterinsights_sitenote_note":"","_monsterinsights_sitenote_category":0},"product_brand":[],"product_cat":[12566,15788,13611],"product_tag":[],"class_list":{"0":"post-698266","1":"product","2":"type-product","3":"status-publish","5":"product_cat-egitim","6":"product_cat-ingilizce-sozlukler","7":"product_cat-sozlukler-ve-konusma-kilavuzlari","8":"pa_tur-kitap","9":"pa_yayinevi-engin-yayinevi","10":"pa_yazar-yesim-erman","12":"first","13":"instock","14":"sale","15":"shipping-taxable","16":"purchasable","17":"product-type-simple"},"_links":{"self":[{"href":"https:\/\/roveyayinevi.com.tr\/index.php\/wp-json\/wp\/v2\/product\/698266","targetHints":{"allow":["GET"]}}],"collection":[{"href":"https:\/\/roveyayinevi.com.tr\/index.php\/wp-json\/wp\/v2\/product"}],"about":[{"href":"https:\/\/roveyayinevi.com.tr\/index.php\/wp-json\/wp\/v2\/types\/product"}],"wp:attachment":[{"href":"https:\/\/roveyayinevi.com.tr\/index.php\/wp-json\/wp\/v2\/media?parent=698266"}],"wp:term":[{"taxonomy":"product_brand","embeddable":true,"href":"https:\/\/roveyayinevi.com.tr\/index.php\/wp-json\/wp\/v2\/product_brand?post=698266"},{"taxonomy":"product_cat","embeddable":true,"href":"https:\/\/roveyayinevi.com.tr\/index.php\/wp-json\/wp\/v2\/product_cat?post=698266"},{"taxonomy":"product_tag","embeddable":true,"href":"https:\/\/roveyayinevi.com.tr\/index.php\/wp-json\/wp\/v2\/product_tag?post=698266"}],"curies":[{"name":"wp","href":"https:\/\/api.w.org\/{rel}","templated":true}]}}