{"id":698264,"date":"2025-08-27T14:44:35","date_gmt":"2025-08-27T11:44:35","guid":{"rendered":"https:\/\/roveyayinevi.com.tr\/index.php\/urun\/julius-caesar-3\/"},"modified":"2026-04-16T02:07:50","modified_gmt":"2026-04-15T23:07:50","slug":"julius-caesar-3","status":"publish","type":"product","link":"https:\/\/roveyayinevi.com.tr\/index.php\/urun\/julius-caesar-3\/","title":{"rendered":"Julius Caesar"},"content":{"rendered":"<p>Ni\u00e7in bayram edecekmi\u015fsiniz? Hangi zaferle yurda d\u00f6n\u00fcyor bug\u00fcn? Hangi krallar\u0131 vergiye ba\u011flam\u0131\u015f ta Getiriyor Roma&#8217;ya arabas\u0131n\u0131n ard\u0131 s\u0131ra? Sizi gidi kat\u0131 y\u00fcrekli herifler sizi, Sizi gidi kaya par\u00e7alar\u0131, ta\u015f y\u0131\u011f\u0131nlar\u0131, Cans\u0131z k\u00fct\u00fcklerden daha duygusuz yarat\u0131klar Zalim \u00e7ocuklar\u0131 Roma&#8217;n\u0131n, Pompeius&#8217;u hi\u00e7 tan\u0131mad\u0131\u011f\u0131n\u0131z, g\u00f6rmedi\u011finiz mi siz? Siz de\u011fil miydiniz surlara, mazgallara \u00fc\u015f\u00fc\u015fen, Kulelere, damlara, bacalara t\u0131rmanan, \u00c7ocuklar\u0131n\u0131z kuca\u011f\u0131n\u0131zda Ak\u015famlara dek sab\u0131rla bekleyenler g\u00f6rmek i\u00e7in Koca Pompeius&#8217;un Roma sokaklar\u0131ndan ge\u00e7ti\u011fini? Siz de\u011fil miydiniz, daha akrabas\u0131 g\u00f6r\u00fcn\u00fcr g\u00f6r\u00fcnmez Hep bir a\u011f\u0131zdan ba\u011fr\u0131\u015farak Tiber nehrinin derin oyuklu k\u0131y\u0131lar\u0131n\u0131 Yank\u0131lara bo\u011fup zang\u0131r zang\u0131r titretenler? \u00d6yleyken bug\u00fcn yine siz giyinmi\u015f ku\u015fanm\u0131\u015f D\u00fc\u011f\u00fcn bayram ediyorsunuz \u00f6yle mi? \u00c7i\u00e7ekler sa\u00e7\u0131yorsunuz yollar\u0131na Pompei&#8217;nin kan\u0131 \u00fcst\u00fcnde zafer y\u00fcr\u00fcy\u00fc\u015f\u00fc yapan\u0131n!Da\u011f\u0131l\u0131n! Ko\u015fun evlerinize, diz \u00e7\u00f6k\u00fcp yalvar\u0131n tanr\u0131lara Durdursunlar diye bir an \u00f6nce Bu nank\u00f6rl\u00fc\u011f\u00fcn\u00fcz \u00fcst\u00fcne ya\u011fd\u0131 ya\u011facak belay\u0131.<\/p>\n","protected":false},"excerpt":{"rendered":"<p>Ni\u00e7in bayram edecekmi\u015fsiniz? Hangi zaferle yurda d\u00f6n\u00fcyor bug\u00fcn? Hangi krallar\u0131 vergiye ba\u011flam\u0131\u015f ta Getiriyor Roma&#8217;ya arabas\u0131n\u0131n ard\u0131 s\u0131ra? Sizi gidi kat\u0131 y\u00fcrekli herifler sizi, Sizi gidi<span class=\"excerpt-hellip\"> [\u2026]<\/span><\/p>\n","protected":false},"featured_media":0,"template":"","meta":{"_monsterinsights_skip_tracking":false,"_monsterinsights_sitenote_active":false,"_monsterinsights_sitenote_note":"","_monsterinsights_sitenote_category":0},"product_brand":[],"product_cat":[12291,14272],"product_tag":[],"class_list":{"0":"post-698264","1":"product","2":"type-product","3":"status-publish","5":"product_cat-edebiyat","6":"product_cat-tiyatro","7":"pa_cilt-ciltsiz","8":"pa_tur-kitap","9":"pa_yayinevi-remzi-kitabevi","10":"pa_yazar-william-shakespeare","12":"first","13":"instock","14":"sale","15":"shipping-taxable","16":"purchasable","17":"product-type-simple"},"_links":{"self":[{"href":"https:\/\/roveyayinevi.com.tr\/index.php\/wp-json\/wp\/v2\/product\/698264","targetHints":{"allow":["GET"]}}],"collection":[{"href":"https:\/\/roveyayinevi.com.tr\/index.php\/wp-json\/wp\/v2\/product"}],"about":[{"href":"https:\/\/roveyayinevi.com.tr\/index.php\/wp-json\/wp\/v2\/types\/product"}],"wp:attachment":[{"href":"https:\/\/roveyayinevi.com.tr\/index.php\/wp-json\/wp\/v2\/media?parent=698264"}],"wp:term":[{"taxonomy":"product_brand","embeddable":true,"href":"https:\/\/roveyayinevi.com.tr\/index.php\/wp-json\/wp\/v2\/product_brand?post=698264"},{"taxonomy":"product_cat","embeddable":true,"href":"https:\/\/roveyayinevi.com.tr\/index.php\/wp-json\/wp\/v2\/product_cat?post=698264"},{"taxonomy":"product_tag","embeddable":true,"href":"https:\/\/roveyayinevi.com.tr\/index.php\/wp-json\/wp\/v2\/product_tag?post=698264"}],"curies":[{"name":"wp","href":"https:\/\/api.w.org\/{rel}","templated":true}]}}