{"id":698263,"date":"2025-08-27T14:44:34","date_gmt":"2025-08-27T11:44:34","guid":{"rendered":"https:\/\/roveyayinevi.com.tr\/index.php\/urun\/tarihten-guncellige-sinif-savaslari-ve-devlet\/"},"modified":"2026-04-16T02:07:50","modified_gmt":"2026-04-15T23:07:50","slug":"tarihten-guncellige-sinif-savaslari-ve-devlet","status":"publish","type":"product","link":"https:\/\/roveyayinevi.com.tr\/index.php\/urun\/tarihten-guncellige-sinif-savaslari-ve-devlet\/","title":{"rendered":"Tarihten G\u00fcncelli\u011fe S\u0131n\u0131f Sava\u015flar\u0131 ve Devlet"},"content":{"rendered":"<p>Devlet, hem son derece somut, elle tutulur ili\u015fkiler toplam\u0131, hem de soyut bir kavramd\u0131r. Me\u015fru \u015fiddet, vergi toplama, yarg\u0131lama ve cezaland\u0131rma i\u015flevleri devletin tekelindedir. Devlet milyonlarca insan\u0131n g\u00f6z\u00fcnde hakem dir ; baba d\u0131r; kamu d\u00fczeni dir; g\u00f6zleri ba\u011fl\u0131 adalet da\u011f\u0131t\u0131c\u0131s\u0131d\u0131r&#8230; Bir kytsall\u0131k halesidir. Bunlar devleti, ideolojik ve siyasal m\u00fccadelenin de kritik konusu ve alan\u0131 durumuna getiriyor. \ufffcTan\u0131t\u0131m Metni<\/p>\n","protected":false},"excerpt":{"rendered":"<p>Devlet, hem son derece somut, elle tutulur ili\u015fkiler toplam\u0131, hem de soyut bir kavramd\u0131r. Me\u015fru \u015fiddet, vergi toplama, yarg\u0131lama ve cezaland\u0131rma i\u015flevleri devletin tekelindedir. Devlet milyonlarca<span class=\"excerpt-hellip\"> [\u2026]<\/span><\/p>\n","protected":false},"featured_media":0,"template":"","meta":{"_monsterinsights_skip_tracking":false,"_monsterinsights_sitenote_active":false,"_monsterinsights_sitenote_note":"","_monsterinsights_sitenote_category":0},"product_brand":[],"product_cat":[12337,14706],"product_tag":[],"class_list":{"0":"post-698263","1":"product","2":"type-product","3":"status-publish","5":"product_cat-politika-siyaset","6":"product_cat-siyaset-bilimi","7":"pa_cilt-ciltsiz","8":"pa_tur-kitap","9":"pa_yayinevi-yordam-kitap","10":"pa_yazar-haluk-yurtsever","12":"first","13":"instock","14":"sale","15":"shipping-taxable","16":"purchasable","17":"product-type-simple"},"_links":{"self":[{"href":"https:\/\/roveyayinevi.com.tr\/index.php\/wp-json\/wp\/v2\/product\/698263","targetHints":{"allow":["GET"]}}],"collection":[{"href":"https:\/\/roveyayinevi.com.tr\/index.php\/wp-json\/wp\/v2\/product"}],"about":[{"href":"https:\/\/roveyayinevi.com.tr\/index.php\/wp-json\/wp\/v2\/types\/product"}],"wp:attachment":[{"href":"https:\/\/roveyayinevi.com.tr\/index.php\/wp-json\/wp\/v2\/media?parent=698263"}],"wp:term":[{"taxonomy":"product_brand","embeddable":true,"href":"https:\/\/roveyayinevi.com.tr\/index.php\/wp-json\/wp\/v2\/product_brand?post=698263"},{"taxonomy":"product_cat","embeddable":true,"href":"https:\/\/roveyayinevi.com.tr\/index.php\/wp-json\/wp\/v2\/product_cat?post=698263"},{"taxonomy":"product_tag","embeddable":true,"href":"https:\/\/roveyayinevi.com.tr\/index.php\/wp-json\/wp\/v2\/product_tag?post=698263"}],"curies":[{"name":"wp","href":"https:\/\/api.w.org\/{rel}","templated":true}]}}