{"id":698259,"date":"2025-08-27T14:44:33","date_gmt":"2025-08-27T11:44:33","guid":{"rendered":"https:\/\/roveyayinevi.com.tr\/index.php\/urun\/firtinali-denizin-yolculari-sedat-gocmen-kitabi\/"},"modified":"2026-04-16T02:07:50","modified_gmt":"2026-04-15T23:07:50","slug":"firtinali-denizin-yolculari-sedat-gocmen-kitabi","status":"publish","type":"product","link":"https:\/\/roveyayinevi.com.tr\/index.php\/urun\/firtinali-denizin-yolculari-sedat-gocmen-kitabi\/","title":{"rendered":"F\u0131rt\u0131nal\u0131 Denizin Yolcular\u0131 &#8211; Sedat G\u00f6\u00e7men Kitab\u0131"},"content":{"rendered":"<p>K\u00f6yler dahil olmak \u00fczere, bu y\u00f6rede kararlar, Halk Komiteleri arac\u0131l\u0131\u011f\u0131yla ve demokratik bir \u015fekilde al\u0131n\u0131rd\u0131. Buralarda biz, do\u011frudan, halk demokrasisinin temellerini atmaya \u00e7al\u0131\u015ft\u0131k. Kararlar saydam, uygulamalar kolektif bir \u015fekilde yap\u0131l\u0131rd\u0131. \u00c7\u00f6z\u00fcm\u00fc de halk ile birlikte planlard\u0131k. Orada ak\u0131tt\u0131\u011f\u0131m\u0131z ter ve sarf etti\u011fimiz emek kar\u015f\u0131l\u0131\u011f\u0131n\u0131 bulmu\u015ftur!    Bu kitap, Zonguldak\u2019ta maden i\u015f\u00e7ileriyle omuz omuza direnenlerin, Fatsa\u2019da \u201chalk y\u00f6netimi\u201d olu\u015fturanlar\u0131n, Ordu\u2019da, Giresun\u2019da f\u0131nd\u0131k mitinglerini \u00f6rg\u00fctleyenlerin, Rize\u2019de, Hopa\u2019da \u201c\u00e7ayda s\u00f6m\u00fcr\u00fcye son\u201d diyenlerin, Samsun\u2019da, Artvin\u2019de fa\u015fist sald\u0131r\u0131lar\u0131 g\u00f6\u011f\u00fcsleyenlerin,  \u00dcnye\u2019de, Pazar\u2019da, Aybast\u0131\u2019da tefecili\u011fi ve karaborsac\u0131l\u0131\u011f\u0131 engelleyenlerin, Per\u015fembe\u2019de trolc\u00fclere kar\u015f\u0131 bal\u0131k\u00e7\u0131lar\u0131n hakk\u0131n\u0131 savunanlar\u0131n, resmi tarih kitaplar\u0131nda yazmayan ger\u00e7ek hik\u00e2yesidir.Bu kitap,  Devrimci Yol\u2019un \u201cf\u0131rt\u0131nal\u0131 bir denizde\u201d, Karadeniz B\u00f6lgesi\u2019ndeki m\u00fccadele ser\u00fcvenidir! Onlar ki, G\u00fcm\u00fc\u015fhane\u2019de yoksul \u00e7ocuklar i\u00e7in patates ekmeyi de, Bulan\u0131k\u2019ta k\u00f6y camiini onarmay\u0131 da, \u00e7ocuklar\u0131n kendi \u015fark\u0131lar\u0131n\u0131 s\u00f6yledikleri korolar olu\u015fturmay\u0131 da devrimcilik sayd\u0131lar! Bu kitap, Fikri\u2019nin, \u015eehittin\u2019in, Cumali\u2019nin, Ahmet\u2019in, Erkan\u2019\u0131n, Ay\u015fe\u2019nin ve yumruklu y\u0131ld\u0131z olmu\u015f nice devrimcinin al\u0131n teridir!Bu kitap, Gezi eylemlerinde direnen gen\u00e7lere 30 k\u00fcsur y\u0131l \u00f6ncesinden g\u00f6nderilen bir selamd\u0131r!Bu kitapta anlat\u0131lan bizim hik\u00e2yemizdir! Ge\u00e7mi\u015f unutulmas\u0131n diye\u2026 Gelecek umut edilsin diye\u2026  <\/p>\n","protected":false},"excerpt":{"rendered":"<p>K\u00f6yler dahil olmak \u00fczere, bu y\u00f6rede kararlar, Halk Komiteleri arac\u0131l\u0131\u011f\u0131yla ve demokratik bir \u015fekilde al\u0131n\u0131rd\u0131. Buralarda biz, do\u011frudan, halk demokrasisinin temellerini atmaya \u00e7al\u0131\u015ft\u0131k. Kararlar saydam, uygulamalar<span class=\"excerpt-hellip\"> [\u2026]<\/span><\/p>\n","protected":false},"featured_media":0,"template":"","meta":{"_monsterinsights_skip_tracking":false,"_monsterinsights_sitenote_active":false,"_monsterinsights_sitenote_note":"","_monsterinsights_sitenote_category":0},"product_brand":[],"product_cat":[12364,12826],"product_tag":[],"class_list":{"0":"post-698259","1":"product","2":"type-product","3":"status-publish","5":"product_cat-genel-konular","6":"product_cat-soylesi","7":"pa_cilt-ciltsiz","8":"pa_tur-kitap","9":"pa_yayinevi-ayrinti-yayinlari","10":"pa_yazar-ilbay-kahraman","12":"first","13":"instock","14":"sale","15":"shipping-taxable","16":"purchasable","17":"product-type-simple"},"_links":{"self":[{"href":"https:\/\/roveyayinevi.com.tr\/index.php\/wp-json\/wp\/v2\/product\/698259","targetHints":{"allow":["GET"]}}],"collection":[{"href":"https:\/\/roveyayinevi.com.tr\/index.php\/wp-json\/wp\/v2\/product"}],"about":[{"href":"https:\/\/roveyayinevi.com.tr\/index.php\/wp-json\/wp\/v2\/types\/product"}],"wp:attachment":[{"href":"https:\/\/roveyayinevi.com.tr\/index.php\/wp-json\/wp\/v2\/media?parent=698259"}],"wp:term":[{"taxonomy":"product_brand","embeddable":true,"href":"https:\/\/roveyayinevi.com.tr\/index.php\/wp-json\/wp\/v2\/product_brand?post=698259"},{"taxonomy":"product_cat","embeddable":true,"href":"https:\/\/roveyayinevi.com.tr\/index.php\/wp-json\/wp\/v2\/product_cat?post=698259"},{"taxonomy":"product_tag","embeddable":true,"href":"https:\/\/roveyayinevi.com.tr\/index.php\/wp-json\/wp\/v2\/product_tag?post=698259"}],"curies":[{"name":"wp","href":"https:\/\/api.w.org\/{rel}","templated":true}]}}