{"id":698257,"date":"2025-08-27T14:44:32","date_gmt":"2025-08-27T11:44:32","guid":{"rendered":"https:\/\/roveyayinevi.com.tr\/index.php\/urun\/cocuk-kalbi-7\/"},"modified":"2026-04-16T02:07:50","modified_gmt":"2026-04-15T23:07:50","slug":"cocuk-kalbi-7","status":"publish","type":"product","link":"https:\/\/roveyayinevi.com.tr\/index.php\/urun\/cocuk-kalbi-7\/","title":{"rendered":"\u00c7ocuk Kalbi"},"content":{"rendered":"<p>\u00c7ocuk Kalbi, \u0130talya\u2019n\u0131n yeti\u015ftirdi\u011fi en b\u00fcy\u00fck yazar ve e\u011fitimcilerden Edmondo de Amicis\u2019in ba\u015fyap\u0131t\u0131d\u0131r. T\u00fcm d\u00fcnya dillerine \u00e7evrilen ve her dilde y\u00fczlerce kez bas\u0131lan bu eser, e\u011fitimcilerce d\u00fcnyan\u0131n en yararl\u0131 \u00e7ocuk kitab\u0131 olarak kabul edilir.\u00c7ocuk Kalbi\u2019nde, Enrico ad\u0131ndaki bir \u00f6\u011frencinin okul ve toplum ya\u015fam\u0131, \u00e7ocuklara \u00f6zg\u00fc s\u0131cak ve i\u00e7tenlikli bir dille anlat\u0131l\u0131r. Enrico\u2019nun g\u00fcnl\u00fcklerinden yola \u00e7\u0131k\u0131lan eserde \u00f6zveri, yard\u0131mla\u015fma, d\u00fcr\u00fcstl\u00fck, iyilik ve vatan sevgisi gibi erdemlerin \u00f6nemi vurgulan\u0131r.De Amicis bu hem keyifli hem d\u00fc\u015f\u00fcnd\u00fcr\u00fcc\u00fc romanda, \u00e7ocuklar\u0131 erdemli bireyler ve iyi vatanda\u015flar olarak ailelerine ve topluma kazand\u0131rmay\u0131 ama\u00e7lam\u0131\u015ft\u0131r.Say\u0131s\u0131z film, radyo oyunu ve tiyatroya uyarlanan \u00c7ocuk Kalbi, \u00e7ocuklar i\u00e7in Enrico ile birlikte hayat\u0131 t\u00fcm y\u00f6nleriyle \u00f6\u011frenecekleri iyi bir dost; veli ve \u00f6\u011fretmenler i\u00e7in de alt\u0131n bir rehber niteli\u011fini ta\u015f\u0131r. <\/p>\n","protected":false},"excerpt":{"rendered":"<p>\u00c7ocuk Kalbi, \u0130talya\u2019n\u0131n yeti\u015ftirdi\u011fi en b\u00fcy\u00fck yazar ve e\u011fitimcilerden Edmondo de Amicis\u2019in ba\u015fyap\u0131t\u0131d\u0131r. T\u00fcm d\u00fcnya dillerine \u00e7evrilen ve her dilde y\u00fczlerce kez bas\u0131lan bu eser, e\u011fitimcilerce<span class=\"excerpt-hellip\"> [\u2026]<\/span><\/p>\n","protected":false},"featured_media":0,"template":"","meta":{"_monsterinsights_skip_tracking":false,"_monsterinsights_sitenote_active":false,"_monsterinsights_sitenote_note":"","_monsterinsights_sitenote_category":0},"product_brand":[],"product_cat":[12291,15117],"product_tag":[],"class_list":{"0":"post-698257","1":"product","2":"type-product","3":"status-publish","5":"product_cat-edebiyat","6":"product_cat-genclik-edebiyati","7":"pa_cilt-ciltsiz","8":"pa_tur-kitap","9":"pa_yayinevi-kirmizi-kedi-yayinevi","10":"pa_yazar-edmondo-de-amicis","12":"first","13":"instock","14":"sale","15":"shipping-taxable","16":"purchasable","17":"product-type-simple"},"_links":{"self":[{"href":"https:\/\/roveyayinevi.com.tr\/index.php\/wp-json\/wp\/v2\/product\/698257","targetHints":{"allow":["GET"]}}],"collection":[{"href":"https:\/\/roveyayinevi.com.tr\/index.php\/wp-json\/wp\/v2\/product"}],"about":[{"href":"https:\/\/roveyayinevi.com.tr\/index.php\/wp-json\/wp\/v2\/types\/product"}],"wp:attachment":[{"href":"https:\/\/roveyayinevi.com.tr\/index.php\/wp-json\/wp\/v2\/media?parent=698257"}],"wp:term":[{"taxonomy":"product_brand","embeddable":true,"href":"https:\/\/roveyayinevi.com.tr\/index.php\/wp-json\/wp\/v2\/product_brand?post=698257"},{"taxonomy":"product_cat","embeddable":true,"href":"https:\/\/roveyayinevi.com.tr\/index.php\/wp-json\/wp\/v2\/product_cat?post=698257"},{"taxonomy":"product_tag","embeddable":true,"href":"https:\/\/roveyayinevi.com.tr\/index.php\/wp-json\/wp\/v2\/product_tag?post=698257"}],"curies":[{"name":"wp","href":"https:\/\/api.w.org\/{rel}","templated":true}]}}