{"id":698255,"date":"2025-08-27T14:44:32","date_gmt":"2025-08-27T11:44:32","guid":{"rendered":"https:\/\/roveyayinevi.com.tr\/index.php\/urun\/notre-damein-kamburu-5\/"},"modified":"2026-04-16T02:07:50","modified_gmt":"2026-04-15T23:07:50","slug":"notre-damein-kamburu-5","status":"publish","type":"product","link":"https:\/\/roveyayinevi.com.tr\/index.php\/urun\/notre-damein-kamburu-5\/","title":{"rendered":"Notre Dame&#8217;\u0131n Kamburu"},"content":{"rendered":"<p>Victor Hugo (1802-1885): Frans\u0131z edebiyat\u0131n\u0131n en \u00fcnl\u00fc yazarlar\u0131ndan biri olan sanat\u00e7\u0131, edebi \u00fcn\u00fcn\u00fc \u015fiirleri ve oyunlar\u0131 ile kazand\u0131. Romantik ak\u0131m\u0131n en tan\u0131nm\u0131\u015f adlar\u0131 aras\u0131nda yer ald\u0131. Toplumsal sorunlar ve politikayla yak\u0131ndan ilgilendi, 1848 ayaklanmalar\u0131n\u0131n ard\u0131ndan Kurucu Meclis&#8217;e kat\u0131ld\u0131, daha sonra milletvekilli\u011fi yapt\u0131, l&#8217;Evenement adl\u0131 bir gazete \u00e7\u0131kard\u0131. 1852&#8217;de Louis Bonaparte&#8217;\u0131n imparatorlu\u011funu ilan etti\u011fi h\u00fck\u00fcmet darbesine kar\u015f\u0131 \u00e7\u0131kt\u0131\u011f\u0131 i\u00e7in s\u00fcrg\u00fcn edildi. Cezas\u0131 1859&#8217;da sona erdi, fakat imparatorluk y\u0131k\u0131lana kadar g\u00f6n\u00fcll\u00fc olarak s\u00fcrg\u00fcnde kald\u0131, 1870&#8217;de Fransa&#8217;ya d\u00f6nd\u00fc. 1871&#8217;de Paris Kom\u00fcn\u00fc&#8217;n\u00fc desteklemese de kom\u00fcnc\u00fcleri savundu. 1831 y\u0131l\u0131nda yay\u0131mlanan roman\u0131 Notre Dame&#8217;\u0131n Kamburu klasik edebiyat\u0131n \u015faheserleri aras\u0131nda yer al\u0131r. \ufffc<\/p>\n","protected":false},"excerpt":{"rendered":"<p>Victor Hugo (1802-1885): Frans\u0131z edebiyat\u0131n\u0131n en \u00fcnl\u00fc yazarlar\u0131ndan biri olan sanat\u00e7\u0131, edebi \u00fcn\u00fcn\u00fc \u015fiirleri ve oyunlar\u0131 ile kazand\u0131. Romantik ak\u0131m\u0131n en tan\u0131nm\u0131\u015f adlar\u0131 aras\u0131nda yer ald\u0131.<span class=\"excerpt-hellip\"> [\u2026]<\/span><\/p>\n","protected":false},"featured_media":0,"template":"","meta":{"_monsterinsights_skip_tracking":false,"_monsterinsights_sitenote_active":false,"_monsterinsights_sitenote_note":"","_monsterinsights_sitenote_category":0},"product_brand":[],"product_cat":[12291,13376],"product_tag":[],"class_list":{"0":"post-698255","1":"product","2":"type-product","3":"status-publish","5":"product_cat-edebiyat","6":"product_cat-fransiz-edebiyati","7":"pa_cilt-ciltsiz","8":"pa_tur-kitap","9":"pa_yayinevi-is-bankasi-kultur-yayinlari","10":"pa_yazar-victor-hugo","12":"first","13":"instock","14":"sale","15":"shipping-taxable","16":"purchasable","17":"product-type-simple"},"_links":{"self":[{"href":"https:\/\/roveyayinevi.com.tr\/index.php\/wp-json\/wp\/v2\/product\/698255","targetHints":{"allow":["GET"]}}],"collection":[{"href":"https:\/\/roveyayinevi.com.tr\/index.php\/wp-json\/wp\/v2\/product"}],"about":[{"href":"https:\/\/roveyayinevi.com.tr\/index.php\/wp-json\/wp\/v2\/types\/product"}],"wp:attachment":[{"href":"https:\/\/roveyayinevi.com.tr\/index.php\/wp-json\/wp\/v2\/media?parent=698255"}],"wp:term":[{"taxonomy":"product_brand","embeddable":true,"href":"https:\/\/roveyayinevi.com.tr\/index.php\/wp-json\/wp\/v2\/product_brand?post=698255"},{"taxonomy":"product_cat","embeddable":true,"href":"https:\/\/roveyayinevi.com.tr\/index.php\/wp-json\/wp\/v2\/product_cat?post=698255"},{"taxonomy":"product_tag","embeddable":true,"href":"https:\/\/roveyayinevi.com.tr\/index.php\/wp-json\/wp\/v2\/product_tag?post=698255"}],"curies":[{"name":"wp","href":"https:\/\/api.w.org\/{rel}","templated":true}]}}