{"id":698249,"date":"2025-08-27T14:44:30","date_gmt":"2025-08-27T11:44:30","guid":{"rendered":"https:\/\/roveyayinevi.com.tr\/index.php\/urun\/egitici-sozluk-italyanca-turkce\/"},"modified":"2026-04-16T02:07:50","modified_gmt":"2026-04-15T23:07:50","slug":"egitici-sozluk-italyanca-turkce","status":"publish","type":"product","link":"https:\/\/roveyayinevi.com.tr\/index.php\/urun\/egitici-sozluk-italyanca-turkce\/","title":{"rendered":"E\u011fitici S\u00f6zl\u00fck \u0130talyanca &#8211; T\u00fcrk\u00e7e"},"content":{"rendered":"","protected":false},"excerpt":{"rendered":"","protected":false},"featured_media":0,"template":"","meta":{"_monsterinsights_skip_tracking":false,"_monsterinsights_sitenote_active":false,"_monsterinsights_sitenote_note":"","_monsterinsights_sitenote_category":0},"product_brand":[],"product_cat":[12566,13612,13611],"product_tag":[],"class_list":{"0":"post-698249","1":"product","2":"type-product","3":"status-publish","5":"product_cat-egitim","6":"product_cat-italyanca-sozlukler","7":"product_cat-sozlukler-ve-konusma-kilavuzlari","8":"pa_tur-kitap","9":"pa_yayinevi-parilti-yayinlari","10":"pa_yazar-fatih-okta","12":"first","13":"instock","14":"sale","15":"shipping-taxable","16":"purchasable","17":"product-type-simple"},"_links":{"self":[{"href":"https:\/\/roveyayinevi.com.tr\/index.php\/wp-json\/wp\/v2\/product\/698249","targetHints":{"allow":["GET"]}}],"collection":[{"href":"https:\/\/roveyayinevi.com.tr\/index.php\/wp-json\/wp\/v2\/product"}],"about":[{"href":"https:\/\/roveyayinevi.com.tr\/index.php\/wp-json\/wp\/v2\/types\/product"}],"wp:attachment":[{"href":"https:\/\/roveyayinevi.com.tr\/index.php\/wp-json\/wp\/v2\/media?parent=698249"}],"wp:term":[{"taxonomy":"product_brand","embeddable":true,"href":"https:\/\/roveyayinevi.com.tr\/index.php\/wp-json\/wp\/v2\/product_brand?post=698249"},{"taxonomy":"product_cat","embeddable":true,"href":"https:\/\/roveyayinevi.com.tr\/index.php\/wp-json\/wp\/v2\/product_cat?post=698249"},{"taxonomy":"product_tag","embeddable":true,"href":"https:\/\/roveyayinevi.com.tr\/index.php\/wp-json\/wp\/v2\/product_tag?post=698249"}],"curies":[{"name":"wp","href":"https:\/\/api.w.org\/{rel}","templated":true}]}}