{"id":698242,"date":"2025-08-27T14:44:28","date_gmt":"2025-08-27T11:44:28","guid":{"rendered":"https:\/\/roveyayinevi.com.tr\/index.php\/urun\/burjuva-sosyolojisi-bati-sosyolojisini-yeniden-dusunmek-cilt-2\/"},"modified":"2026-04-16T02:07:50","modified_gmt":"2026-04-15T23:07:50","slug":"burjuva-sosyolojisi-bati-sosyolojisini-yeniden-dusunmek-cilt-2","status":"publish","type":"product","link":"https:\/\/roveyayinevi.com.tr\/index.php\/urun\/burjuva-sosyolojisi-bati-sosyolojisini-yeniden-dusunmek-cilt-2\/","title":{"rendered":"Burjuva Sosyolojisi  Bat\u0131 Sosyolojisini Yeniden D\u00fc\u015f\u00fcnmek Cilt 2"},"content":{"rendered":"<p>Bu eserde, d\u00fcnyada ilk kez burjuva sosyolojisinin do\u011fas\u0131 ve mant\u0131\u011f\u0131, \u00f6zellikle de Marx&#8217;\u0131n hayaletiyle sava\u015fan ve onun sosyolojisinin d\u00fc\u015fmanl\u0131\u011f\u0131na dayal\u0131 g\u00f6vdesi, detayl\u0131 bir bi\u00e7imde Auguste Comte, Emile Durkheim ve Max Weber gibi \u00f6nc\u00fclerinin sosyolojik arg\u00fcmanlar\u0131ndan ve onlar\u0131n devamc\u0131lar\u0131 olan \u00e7a\u011fda\u015f hempalar\u0131n\u0131n teorilerinden hareketle if\u015fa edilmi\u015ftir. Marx&#8217;a kar\u015f\u0131 burjuva tepkisi olarak Durkheim-Weber cephesini ve Marx&#8217;\u0131n sosyolojisinin reddiyesi ya da burjuva d\u00fczeninin me\u015frula\u015ft\u0131r\u0131c\u0131s\u0131 olarak \u00e7a\u011fda\u015f sosyoloji teorilerini do\u011fru anlamak isteyenlere\u2026 Bat\u0131&#8217;da ve T\u00fcrkiye&#8217;de kutsanan burjuva sosyolojisinin ger\u00e7ek y\u00fcz\u00fcn\u00fc merak edenlere\u2026 Sosyoloji diye bize \u00f6\u011fretilenler \u00fczerine yeniden d\u00fc\u015f\u00fcnmeyi g\u00f6ze alanlara\u2026 Sosyolojiyi sosyalizm kar\u015f\u0131t\u0131 bir ideoloji olarak okumay\u0131 arzulayanlara\u2026 <\/p>\n","protected":false},"excerpt":{"rendered":"<p>Bu eserde, d\u00fcnyada ilk kez burjuva sosyolojisinin do\u011fas\u0131 ve mant\u0131\u011f\u0131, \u00f6zellikle de Marx&#8217;\u0131n hayaletiyle sava\u015fan ve onun sosyolojisinin d\u00fc\u015fmanl\u0131\u011f\u0131na dayal\u0131 g\u00f6vdesi, detayl\u0131 bir bi\u00e7imde Auguste Comte,<span class=\"excerpt-hellip\"> [\u2026]<\/span><\/p>\n","protected":false},"featured_media":0,"template":"","meta":{"_monsterinsights_skip_tracking":false,"_monsterinsights_sitenote_active":false,"_monsterinsights_sitenote_note":"","_monsterinsights_sitenote_category":0},"product_brand":[],"product_cat":[12835,12324],"product_tag":[],"class_list":{"0":"post-698242","1":"product","2":"type-product","3":"status-publish","5":"product_cat-genel-sosyoloji","6":"product_cat-sosyoloji","7":"pa_cilt-ciltsiz","8":"pa_tur-kitap","9":"pa_yayinevi-ani-yayincilik","10":"pa_yazar-sezgin-kizilcelik","12":"first","13":"instock","14":"sale","15":"shipping-taxable","16":"purchasable","17":"product-type-simple"},"_links":{"self":[{"href":"https:\/\/roveyayinevi.com.tr\/index.php\/wp-json\/wp\/v2\/product\/698242","targetHints":{"allow":["GET"]}}],"collection":[{"href":"https:\/\/roveyayinevi.com.tr\/index.php\/wp-json\/wp\/v2\/product"}],"about":[{"href":"https:\/\/roveyayinevi.com.tr\/index.php\/wp-json\/wp\/v2\/types\/product"}],"wp:attachment":[{"href":"https:\/\/roveyayinevi.com.tr\/index.php\/wp-json\/wp\/v2\/media?parent=698242"}],"wp:term":[{"taxonomy":"product_brand","embeddable":true,"href":"https:\/\/roveyayinevi.com.tr\/index.php\/wp-json\/wp\/v2\/product_brand?post=698242"},{"taxonomy":"product_cat","embeddable":true,"href":"https:\/\/roveyayinevi.com.tr\/index.php\/wp-json\/wp\/v2\/product_cat?post=698242"},{"taxonomy":"product_tag","embeddable":true,"href":"https:\/\/roveyayinevi.com.tr\/index.php\/wp-json\/wp\/v2\/product_tag?post=698242"}],"curies":[{"name":"wp","href":"https:\/\/api.w.org\/{rel}","templated":true}]}}