{"id":698232,"date":"2025-08-27T14:44:10","date_gmt":"2025-08-27T11:44:10","guid":{"rendered":"https:\/\/roveyayinevi.com.tr\/index.php\/urun\/butun-yonleriyle-spss-ornekli-nonparametrik-istatistiksel-yontemler\/"},"modified":"2026-04-16T02:07:50","modified_gmt":"2026-04-15T23:07:50","slug":"butun-yonleriyle-spss-ornekli-nonparametrik-istatistiksel-yontemler","status":"publish","type":"product","link":"https:\/\/roveyayinevi.com.tr\/index.php\/urun\/butun-yonleriyle-spss-ornekli-nonparametrik-istatistiksel-yontemler\/","title":{"rendered":"B\u00fct\u00fcn Y\u00f6nleriyle SPSS \u00d6rnekli Nonparametrik \u0130statistiksel Y\u00f6ntemler"},"content":{"rendered":"<p>Bu kitab\u0131n en temel \u00f6zelli\u011fi, Nonparametrik istatistik konular\u0131n\u0131 hem teorik hem de uygulamal\u0131 olarak ayn\u0131 anda i\u00e7ermesidir. Olu\u015fturulan \u00f6rnek ara\u015ft\u0131rmalar hem geleneksel y\u00f6ntemlerle hem de SPSS (Statistical Package for Social Sciences) ile analiz edilerek g\u00f6sterilmektedir. B\u00f6ylece okuyucular\u0131n her iki uygulamay\u0131 da birden \u00f6\u011frenme ve bunlar\u0131 kar\u015f\u0131la\u015ft\u0131rma olana\u011f\u0131na sahip olmalar\u0131 sa\u011flanmaktad\u0131r. Bu kitap, kar\u015f\u0131la\u015ft\u0131klar\u0131 ara\u015ft\u0131rma problemlerine Nonparametrik istatistik kullanarak \u00e7\u00f6z\u00fcm yolu bulmaya \u00e7al\u0131\u015fan herkese, \u00f6zellikle y\u00fcksek\u00f6\u011fretimdeki \u00f6\u011frencilere kaynak olu\u015fturabilecek niteliktedir. Ayr\u0131ca \u00dcniversitelerde g\u00f6rev yapan b\u00fct\u00fcn akademisyenlere ve amat\u00f6r seviyedeki ara\u015ft\u0131rmac\u0131lara da yol g\u00f6stermesi \u00fcmit edilmektedir. <\/p>\n","protected":false},"excerpt":{"rendered":"<p>Bu kitab\u0131n en temel \u00f6zelli\u011fi, Nonparametrik istatistik konular\u0131n\u0131 hem teorik hem de uygulamal\u0131 olarak ayn\u0131 anda i\u00e7ermesidir. Olu\u015fturulan \u00f6rnek ara\u015ft\u0131rmalar hem geleneksel y\u00f6ntemlerle hem de SPSS<span class=\"excerpt-hellip\"> [\u2026]<\/span><\/p>\n","protected":false},"featured_media":0,"template":"","meta":{"_monsterinsights_skip_tracking":false,"_monsterinsights_sitenote_active":false,"_monsterinsights_sitenote_note":"","_monsterinsights_sitenote_category":0},"product_brand":[],"product_cat":[12573,12566],"product_tag":[],"class_list":{"0":"post-698232","1":"product","2":"type-product","3":"status-publish","5":"product_cat-akademik-kitaplar","6":"product_cat-egitim","7":"pa_cilt-ciltsiz","8":"pa_tur-kitap","9":"pa_yayinevi-ani-yayincilik","10":"pa_yazar-ramazan-basturk","12":"first","13":"instock","14":"sale","15":"shipping-taxable","16":"purchasable","17":"product-type-simple"},"_links":{"self":[{"href":"https:\/\/roveyayinevi.com.tr\/index.php\/wp-json\/wp\/v2\/product\/698232","targetHints":{"allow":["GET"]}}],"collection":[{"href":"https:\/\/roveyayinevi.com.tr\/index.php\/wp-json\/wp\/v2\/product"}],"about":[{"href":"https:\/\/roveyayinevi.com.tr\/index.php\/wp-json\/wp\/v2\/types\/product"}],"wp:attachment":[{"href":"https:\/\/roveyayinevi.com.tr\/index.php\/wp-json\/wp\/v2\/media?parent=698232"}],"wp:term":[{"taxonomy":"product_brand","embeddable":true,"href":"https:\/\/roveyayinevi.com.tr\/index.php\/wp-json\/wp\/v2\/product_brand?post=698232"},{"taxonomy":"product_cat","embeddable":true,"href":"https:\/\/roveyayinevi.com.tr\/index.php\/wp-json\/wp\/v2\/product_cat?post=698232"},{"taxonomy":"product_tag","embeddable":true,"href":"https:\/\/roveyayinevi.com.tr\/index.php\/wp-json\/wp\/v2\/product_tag?post=698232"}],"curies":[{"name":"wp","href":"https:\/\/api.w.org\/{rel}","templated":true}]}}