{"id":698231,"date":"2025-08-27T14:44:10","date_gmt":"2025-08-27T11:44:10","guid":{"rendered":"https:\/\/roveyayinevi.com.tr\/index.php\/urun\/new-yorku-yasamak\/"},"modified":"2026-04-16T02:07:50","modified_gmt":"2026-04-15T23:07:50","slug":"new-yorku-yasamak","status":"publish","type":"product","link":"https:\/\/roveyayinevi.com.tr\/index.php\/urun\/new-yorku-yasamak\/","title":{"rendered":"New York\u2019u Ya\u015famak"},"content":{"rendered":"<p>11 Eyl\u00fcl\u2019den Covid-19 Salg\u0131n\u0131na Son 20 Y\u0131l \u0130kiz Kulelere ter\u00f6r sald\u0131r\u0131s\u0131 ve 20 y\u0131l sonra New York&#8230;New York, d\u00fcnyan\u0131n k\u00fclt\u00fcr ve ticaret ba\u015fkenti. Pek \u00e7ok ki\u015finin r\u00fcyas\u0131n\u0131 s\u00fcsleyen kent. Z\u00fclal Kalkandelen, New York\u2019un \u0131\u015f\u0131lt\u0131l\u0131 g\u00f6r\u00fcnt\u00fcs\u00fcn\u00fc ve bu g\u00f6r\u00fcnt\u00fcn\u00fcn ard\u0131ndaki yap\u0131y\u0131, t\u00fcm ilgin\u00e7likleri, iyi ve k\u00f6t\u00fc y\u00f6nleriyle anlat\u0131yor: 11 Eyl\u00fcl ter\u00f6r\u00fcn\u00fcn \u015foku ve y\u00fckselen milliyet\u00e7ilik New York\u2019ta \u00e7\u00f6pl\u00fcklerin i\u015flevi Kentteki yabanc\u0131lar\u0131n ve T\u00fcrklerin ya\u015fam\u0131 \u0130\u015f bulma ve ya\u015fam zorluklar\u0131 Turistler i\u00e7in gizli New York rehberi Vejeteryanlar ve veganlar i\u00e7in olanaklar Gece ya\u015fam\u0131, m\u00fczik d\u00fcnyas\u0131 ve konserler Parklar\u0131, k\u00fct\u00fcphaneleri ve metrosu Bir y\u0131l sonra 11 Eyl\u00fcl Z\u00fclal Kalkandelen\u2019in k\u0131vrak kaleminden okuyaca\u011f\u0131n\u0131z New York, sizibamba\u015fka bir d\u00fcnyan\u0131n kendine \u00f6zg\u00fc atmosferine ta\u015f\u0131yacak! <\/p>\n","protected":false},"excerpt":{"rendered":"<p>11 Eyl\u00fcl\u2019den Covid-19 Salg\u0131n\u0131na Son 20 Y\u0131l \u0130kiz Kulelere ter\u00f6r sald\u0131r\u0131s\u0131 ve 20 y\u0131l sonra New York&#8230;New York, d\u00fcnyan\u0131n k\u00fclt\u00fcr ve ticaret ba\u015fkenti. Pek \u00e7ok ki\u015finin<span class=\"excerpt-hellip\"> [\u2026]<\/span><\/p>\n","protected":false},"featured_media":0,"template":"","meta":{"_monsterinsights_skip_tracking":false,"_monsterinsights_sitenote_active":false,"_monsterinsights_sitenote_note":"","_monsterinsights_sitenote_category":0},"product_brand":[],"product_cat":[13055,13054],"product_tag":[],"class_list":{"0":"post-698231","1":"product","2":"type-product","3":"status-publish","5":"product_cat-gezi-rehberi","6":"product_cat-gezi-ve-rehber-kitaplari","7":"pa_cilt-ciltsiz","8":"pa_tur-kitap","9":"pa_yayinevi-remzi-kitabevi","10":"pa_yazar-zulal-kalkandelen","12":"first","13":"instock","14":"sale","15":"shipping-taxable","16":"purchasable","17":"product-type-simple"},"_links":{"self":[{"href":"https:\/\/roveyayinevi.com.tr\/index.php\/wp-json\/wp\/v2\/product\/698231","targetHints":{"allow":["GET"]}}],"collection":[{"href":"https:\/\/roveyayinevi.com.tr\/index.php\/wp-json\/wp\/v2\/product"}],"about":[{"href":"https:\/\/roveyayinevi.com.tr\/index.php\/wp-json\/wp\/v2\/types\/product"}],"wp:attachment":[{"href":"https:\/\/roveyayinevi.com.tr\/index.php\/wp-json\/wp\/v2\/media?parent=698231"}],"wp:term":[{"taxonomy":"product_brand","embeddable":true,"href":"https:\/\/roveyayinevi.com.tr\/index.php\/wp-json\/wp\/v2\/product_brand?post=698231"},{"taxonomy":"product_cat","embeddable":true,"href":"https:\/\/roveyayinevi.com.tr\/index.php\/wp-json\/wp\/v2\/product_cat?post=698231"},{"taxonomy":"product_tag","embeddable":true,"href":"https:\/\/roveyayinevi.com.tr\/index.php\/wp-json\/wp\/v2\/product_tag?post=698231"}],"curies":[{"name":"wp","href":"https:\/\/api.w.org\/{rel}","templated":true}]}}