{"id":698228,"date":"2025-08-27T14:44:09","date_gmt":"2025-08-27T11:44:09","guid":{"rendered":"https:\/\/roveyayinevi.com.tr\/index.php\/urun\/allahaismarladik\/"},"modified":"2026-04-16T02:07:49","modified_gmt":"2026-04-15T23:07:49","slug":"allahaismarladik","status":"publish","type":"product","link":"https:\/\/roveyayinevi.com.tr\/index.php\/urun\/allahaismarladik\/","title":{"rendered":"Allaha\u0131smarlad\u0131k"},"content":{"rendered":"<p>&#8230;Yeni gelen emirde, be\u015f g\u00fcnde Akba\u015f \u0130skelesi&#8217;ne gidecek, oradan da vapur ile Anadolu&#8217;ya ge\u00e7ecekmi\u015fiz. &#8230;Ben siperde d\u00fc\u015fmanla kar\u015f\u0131 kar\u015f\u0131ya olmal\u0131y\u0131m. \u00c7\u00fcnk\u00fc \u00e7arp\u0131\u015fmak, bo\u011fu\u015fmak istiyorum. Hem ben, kendimin ne oldu\u011funu anlayay\u0131m, hem d\u00fc\u015fman&#8230; &#8230;Maydos (Eceabat)&#8230; Bu k\u00fc\u00e7\u00fck ve \u015firin kasaba \u015fimdi ne matem\u00ee bir manzara arz ediyordu. Binalar\u0131n hemen hepsi d\u00fc\u015fman mermileri ile y\u0131k\u0131lm\u0131\u015f, yak\u0131lm\u0131\u015ft\u0131. &#8230;Yan\u0131mda ak\u015fam namaz\u0131 k\u0131l\u0131nd\u0131. Hu\u015f\u00fb i\u00e7inde dinledim. Bu dindar seslerde \u00f6yle ho\u015f bir ahenk vard\u0131 ki&#8230; Hikmet-i il\u00e2h\u00ee, dinledik\u00e7e kalbime so\u011fuk bir su serpiliyor gibi oluyor. &#8230;Vadiye paralel giden yamaca \u00e7\u0131kt\u0131\u011f\u0131m\u0131z zaman, solda yeni birka\u00e7 mezar nazar-\u0131 dikkatimizi \u00e7ekti. Bunlar\u0131n ekserisinin \u00fczerinde hi\u00e7bir i\u015faret yoktu. Baz\u0131lar\u0131n\u0131nda birer a\u011fa\u00e7 dal\u0131, iki \u00fc\u00e7 tanesinde de k\u0131r\u0131k tahtalar vard\u0131. &#8230;\u015eimdi d\u00fc\u015f\u00fcn\u00fcyorum. \u015eehit olursam ben de mi b\u00f6yle solgun yaprakl\u0131 birka\u00e7 kel a\u011fac\u0131n dibine g\u00f6m\u00fcl\u00fcp terk edilece\u011fim. &#8230;Muharebeye girdik. Milyonlarla top ve t\u00fcfek pal\u0131yor&#8230; \u015eimdi birinci onba\u015f\u0131m yaraland\u0131. Allah&#8217;a \u0131smarlad\u0131k&#8230; <\/p>\n","protected":false},"excerpt":{"rendered":"<p>&#8230;Yeni gelen emirde, be\u015f g\u00fcnde Akba\u015f \u0130skelesi&#8217;ne gidecek, oradan da vapur ile Anadolu&#8217;ya ge\u00e7ecekmi\u015fiz. &#8230;Ben siperde d\u00fc\u015fmanla kar\u015f\u0131 kar\u015f\u0131ya olmal\u0131y\u0131m. \u00c7\u00fcnk\u00fc \u00e7arp\u0131\u015fmak, bo\u011fu\u015fmak istiyorum. Hem ben,<span class=\"excerpt-hellip\"> [\u2026]<\/span><\/p>\n","protected":false},"featured_media":0,"template":"","meta":{"_monsterinsights_skip_tracking":false,"_monsterinsights_sitenote_active":false,"_monsterinsights_sitenote_note":"","_monsterinsights_sitenote_category":0},"product_brand":[],"product_cat":[13701,12291],"product_tag":[],"class_list":{"0":"post-698228","1":"product","2":"type-product","3":"status-publish","5":"product_cat-ani-mektup-gunluk","6":"product_cat-edebiyat","7":"pa_cilt-ciltsiz","8":"pa_tur-kitap","9":"pa_yayinevi-yeditepe-yayinevi","10":"pa_yazar-ibrahim-naci","12":"first","13":"instock","14":"sale","15":"shipping-taxable","16":"purchasable","17":"product-type-simple"},"_links":{"self":[{"href":"https:\/\/roveyayinevi.com.tr\/index.php\/wp-json\/wp\/v2\/product\/698228","targetHints":{"allow":["GET"]}}],"collection":[{"href":"https:\/\/roveyayinevi.com.tr\/index.php\/wp-json\/wp\/v2\/product"}],"about":[{"href":"https:\/\/roveyayinevi.com.tr\/index.php\/wp-json\/wp\/v2\/types\/product"}],"wp:attachment":[{"href":"https:\/\/roveyayinevi.com.tr\/index.php\/wp-json\/wp\/v2\/media?parent=698228"}],"wp:term":[{"taxonomy":"product_brand","embeddable":true,"href":"https:\/\/roveyayinevi.com.tr\/index.php\/wp-json\/wp\/v2\/product_brand?post=698228"},{"taxonomy":"product_cat","embeddable":true,"href":"https:\/\/roveyayinevi.com.tr\/index.php\/wp-json\/wp\/v2\/product_cat?post=698228"},{"taxonomy":"product_tag","embeddable":true,"href":"https:\/\/roveyayinevi.com.tr\/index.php\/wp-json\/wp\/v2\/product_tag?post=698228"}],"curies":[{"name":"wp","href":"https:\/\/api.w.org\/{rel}","templated":true}]}}