{"id":698219,"date":"2025-08-27T14:44:06","date_gmt":"2025-08-27T11:44:06","guid":{"rendered":"https:\/\/roveyayinevi.com.tr\/index.php\/urun\/hatali-alanlariniz\/"},"modified":"2026-04-07T02:13:28","modified_gmt":"2026-04-06T23:13:28","slug":"hatali-alanlariniz","status":"publish","type":"product","link":"https:\/\/roveyayinevi.com.tr\/index.php\/urun\/hatali-alanlariniz\/","title":{"rendered":"Hatal\u0131 Alanlar\u0131n\u0131z"},"content":{"rendered":"<p>Kendinizi durduk yere su\u00e7lu mu hissediyorsunuz, birden endi\u015feye mi kap\u0131l\u0131yorsunuz ya da bir t\u00fcrl\u00fc olumsuz duygulardan kurtulam\u0131yor musunuz? Ba\u015fkalar\u0131 ne der demekten kendinizi i\u015finize tam olarak veremiyor musunuz? \u201cBen tembelim, ben i\u015fe yaramam, ben unutkan\u0131m, ben ba\u015far\u0131s\u0131z\u0131m\u201d gibi olumsuz d\u00fc\u015f\u00fcnceler pe\u015finizi b\u0131rakm\u0131yor mu? O zaman \u201cHatal\u0131 Alanlar\u0131n\u0131z\u201d var demektir.   Ba\u015far\u0131 ve mutlulu\u011fa giden yolda \u00f6n\u00fcn\u00fcze \u00e7\u0131kan \u201cHatal\u0131 Alanlar\u0131\u201d a\u015fabilirsiniz. Kitaplar\u0131 milyonlar satan Dr. Wayne W. Dyer engelleri a\u015fman\u0131z i\u00e7in size kusursuz bir re\u00e7ete sunuyor. E\u011fer duygular\u0131n\u0131z\u0131 ve tepkilerinizi kontrol edemedi\u011finizi d\u00fc\u015f\u00fcn\u00fcyorsan\u0131z, \u201cHatal\u0131 Alanlar\u0131n\u0131z\u201d direksiyon hakimiyetinin tekrar size ge\u00e7mesini sa\u011flayacak. Ki\u015fisel problemlerden alg\u0131 problemlerine kadar Dyer\u2019\u0131n size sundu\u011fu \u00f6neriler bundan sonra hayat\u0131n\u0131z\u0131 daha da kolayla\u015ft\u0131racak. <\/p>\n","protected":false},"excerpt":{"rendered":"<p>Kendinizi durduk yere su\u00e7lu mu hissediyorsunuz, birden endi\u015feye mi kap\u0131l\u0131yorsunuz ya da bir t\u00fcrl\u00fc olumsuz duygulardan kurtulam\u0131yor musunuz? Ba\u015fkalar\u0131 ne der demekten kendinizi i\u015finize tam olarak<span class=\"excerpt-hellip\"> [\u2026]<\/span><\/p>\n","protected":false},"featured_media":0,"template":"","meta":{"_monsterinsights_skip_tracking":false,"_monsterinsights_sitenote_active":false,"_monsterinsights_sitenote_note":"","_monsterinsights_sitenote_category":0},"product_brand":[],"product_cat":[12364,12376],"product_tag":[],"class_list":{"0":"post-698219","1":"product","2":"type-product","3":"status-publish","5":"product_cat-genel-konular","6":"product_cat-kisisel-gelisim","7":"pa_cilt-ciltsiz","8":"pa_tur-kitap","9":"pa_yayinevi-profil-kitap","10":"pa_yazar-wayne-w-dyer","12":"first","13":"instock","14":"sale","15":"shipping-taxable","16":"purchasable","17":"product-type-simple"},"_links":{"self":[{"href":"https:\/\/roveyayinevi.com.tr\/index.php\/wp-json\/wp\/v2\/product\/698219","targetHints":{"allow":["GET"]}}],"collection":[{"href":"https:\/\/roveyayinevi.com.tr\/index.php\/wp-json\/wp\/v2\/product"}],"about":[{"href":"https:\/\/roveyayinevi.com.tr\/index.php\/wp-json\/wp\/v2\/types\/product"}],"wp:attachment":[{"href":"https:\/\/roveyayinevi.com.tr\/index.php\/wp-json\/wp\/v2\/media?parent=698219"}],"wp:term":[{"taxonomy":"product_brand","embeddable":true,"href":"https:\/\/roveyayinevi.com.tr\/index.php\/wp-json\/wp\/v2\/product_brand?post=698219"},{"taxonomy":"product_cat","embeddable":true,"href":"https:\/\/roveyayinevi.com.tr\/index.php\/wp-json\/wp\/v2\/product_cat?post=698219"},{"taxonomy":"product_tag","embeddable":true,"href":"https:\/\/roveyayinevi.com.tr\/index.php\/wp-json\/wp\/v2\/product_tag?post=698219"}],"curies":[{"name":"wp","href":"https:\/\/api.w.org\/{rel}","templated":true}]}}