{"id":698218,"date":"2025-08-27T14:44:06","date_gmt":"2025-08-27T11:44:06","guid":{"rendered":"https:\/\/roveyayinevi.com.tr\/index.php\/urun\/insanlari-okumak\/"},"modified":"2026-04-08T02:10:28","modified_gmt":"2026-04-07T23:10:28","slug":"insanlari-okumak","status":"publish","type":"product","link":"https:\/\/roveyayinevi.com.tr\/index.php\/urun\/insanlari-okumak\/","title":{"rendered":"\u0130nsanlar\u0131 Okumak"},"content":{"rendered":"<p>Beden dilinin \u00f6nemini vurgulayan bir kitaptan daha fazlas\u0131n\u0131 bulaca\u011f\u0131n\u0131z bu titizlikle ara\u015ft\u0131r\u0131lm\u0131\u015f ve detayland\u0131r\u0131lm\u0131\u015f rehberde fiziksel \u00f6zellikler, ses kal\u0131plar\u0131, ofis dekorlar\u0131 ve konu\u015fma esnas\u0131ndaki davran\u0131\u015flar gibi pek \u00e7ok konu hakk\u0131nda \u015fa\u015f\u0131rt\u0131c\u0131 bilgiler edineceksiniz. Patronunuzun masas\u0131ndaki foto\u011fraf \u00e7er\u00e7evesinin \u015feklinden bir tan\u0131d\u0131\u011f\u0131n\u0131z\u0131n f\u0131rt\u0131naya k\u00fcfretme bi\u00e7imine kadar g\u00fcnl\u00fck hayatta kar\u015f\u0131la\u015faca\u011f\u0131n\u0131z y\u00fczlerce ayr\u0131nt\u0131y\u0131 nas\u0131l analiz edece\u011finizi yine bu e\u015fsiz eserde \u00f6\u011freneceksiniz. Amerika\u2019n\u0131n bir numaral\u0131 davran\u0131\u015f uzman\u0131 Jo-Ellan Dimitrius bir insan\u0131 kitap gibi okuyabilece\u011fimizi s\u00f6yl\u00fcyor. Yazar; g\u00f6r\u00fcnt\u00fc, ses tonu, y\u00fcz ifadesi ve ki\u015fisel al\u0131\u015fkanl\u0131klardaki gizli mesajlar\u0131 yorumlayarak son yirmi y\u0131lda en \u00fcnl\u00fc duru\u015fmalardaki j\u00fcri \u00fcyeleri, tan\u0131klar, avukatlar ve yarg\u0131\u00e7lar\u0131n davran\u0131\u015flar\u0131n\u0131 do\u011fru tahmin edebildi. Fenomen yaratan bu kitapta ise evde, i\u015fyerinde ve ili\u015fkilerimizde kar\u015f\u0131la\u015ft\u0131\u011f\u0131m\u0131z g\u00fcnl\u00fck problemleri \u00e7\u00f6zmedeki kendi s\u0131rad\u0131\u015f\u0131 ba\u015far\u0131s\u0131n\u0131n s\u0131rlar\u0131n\u0131 anlat\u0131yor. D\u00fcnyaca \u00fcnl\u00fc davran\u0131\u015f uzmanlar\u0131ndan hayat\u0131n\u0131z\u0131 de\u011fi\u015ftirecek gizli ipu\u00e7lar\u0131. -Larry King- Paha Bi\u00e7ilmez Bir K\u0131lavuz.. \u0130nsanlar\u0131 ak\u0131ll\u0131ca okuma konusunda yaln\u0131zca pratik ve de\u011ferli tavsiyeler i\u00e7ermiyor, ayn\u0131 zamanda say\u0131lamayacak kadar \u00e7ok s\u00f6zs\u00fcz mesaj\u0131n fark\u0131na varmam\u0131z\u0131 sa\u011fl\u0131yor. -Kirkus Reviews- \u0130nsanlar\u0131n ger\u00e7ek g\u00f6r\u00fc\u015fleri, g\u00fcd\u00fcleri ve karakteristik \u00f6zellikleri hakk\u0131nda stratejiler&#8230; Bu kapsaml\u0131 ve ayr\u0131nt\u0131l\u0131 k\u0131lavuz, ki\u015finin de\u011ferlendirme yetene\u011fi ile de\u011ferlendirilme kriterlerini geli\u015ftirmede \u00e7ok \u00f6nemli bir kaynak. -Publishers Weekly- \ufffcTan\u0131t\u0131m Metni<\/p>\n","protected":false},"excerpt":{"rendered":"<p>Beden dilinin \u00f6nemini vurgulayan bir kitaptan daha fazlas\u0131n\u0131 bulaca\u011f\u0131n\u0131z bu titizlikle ara\u015ft\u0131r\u0131lm\u0131\u015f ve detayland\u0131r\u0131lm\u0131\u015f rehberde fiziksel \u00f6zellikler, ses kal\u0131plar\u0131, ofis dekorlar\u0131 ve konu\u015fma esnas\u0131ndaki davran\u0131\u015flar gibi<span class=\"excerpt-hellip\"> [\u2026]<\/span><\/p>\n","protected":false},"featured_media":0,"template":"","meta":{"_monsterinsights_skip_tracking":false,"_monsterinsights_sitenote_active":false,"_monsterinsights_sitenote_note":"","_monsterinsights_sitenote_category":0},"product_brand":[],"product_cat":[12364,12376],"product_tag":[],"class_list":{"0":"post-698218","1":"product","2":"type-product","3":"status-publish","5":"product_cat-genel-konular","6":"product_cat-kisisel-gelisim","7":"pa_cilt-ciltsiz","8":"pa_tur-kitap","9":"pa_yayinevi-koridor-yayincilik","10":"pa_yazar-jo-ellan-dimitrius","12":"first","13":"instock","14":"sale","15":"shipping-taxable","16":"purchasable","17":"product-type-simple"},"_links":{"self":[{"href":"https:\/\/roveyayinevi.com.tr\/index.php\/wp-json\/wp\/v2\/product\/698218","targetHints":{"allow":["GET"]}}],"collection":[{"href":"https:\/\/roveyayinevi.com.tr\/index.php\/wp-json\/wp\/v2\/product"}],"about":[{"href":"https:\/\/roveyayinevi.com.tr\/index.php\/wp-json\/wp\/v2\/types\/product"}],"wp:attachment":[{"href":"https:\/\/roveyayinevi.com.tr\/index.php\/wp-json\/wp\/v2\/media?parent=698218"}],"wp:term":[{"taxonomy":"product_brand","embeddable":true,"href":"https:\/\/roveyayinevi.com.tr\/index.php\/wp-json\/wp\/v2\/product_brand?post=698218"},{"taxonomy":"product_cat","embeddable":true,"href":"https:\/\/roveyayinevi.com.tr\/index.php\/wp-json\/wp\/v2\/product_cat?post=698218"},{"taxonomy":"product_tag","embeddable":true,"href":"https:\/\/roveyayinevi.com.tr\/index.php\/wp-json\/wp\/v2\/product_tag?post=698218"}],"curies":[{"name":"wp","href":"https:\/\/api.w.org\/{rel}","templated":true}]}}