{"id":698215,"date":"2025-08-27T14:44:05","date_gmt":"2025-08-27T11:44:05","guid":{"rendered":"https:\/\/roveyayinevi.com.tr\/index.php\/urun\/biyoloji-uygulamalari-2\/"},"modified":"2026-04-16T02:07:49","modified_gmt":"2026-04-15T23:07:49","slug":"biyoloji-uygulamalari-2","status":"publish","type":"product","link":"https:\/\/roveyayinevi.com.tr\/index.php\/urun\/biyoloji-uygulamalari-2\/","title":{"rendered":"Biyoloji Uygulamalar\u0131 2"},"content":{"rendered":"<p>Bu kitap E\u011fitim Fak\u00fcltelerinin \u0130lk\u00f6\u011fretim B\u00f6l\u00fcm\u00fc, Fen, Fen ve Edebiyat Fak\u00fcltelerinin biyoloji ve zooloji b\u00f6l\u00fcm\u00fc \u00f6\u011frencilerinin yaralanmas\u0131 i\u00e7in haz\u0131rlanm\u0131\u015ft\u0131r. Ayn\u0131 zamanda Milli E\u011fitim Bakanl\u0131\u011f\u0131na ba\u011fl\u0131 ilk ve orta \u00f6\u011fretim kurumlar\u0131nda fen ve biyoloji derslerinde gen\u00e7 \u00f6\u011frencilerimize temel baz\u0131 biyolojik bilgileri sistematik \u015fekilde veren referans kitap bi\u00e7iminde kullan\u0131labilir. Kitab\u0131n okuyuculara yararl\u0131 olmas\u0131 dile\u011fiyle&#8230; <\/p>\n","protected":false},"excerpt":{"rendered":"<p>Bu kitap E\u011fitim Fak\u00fcltelerinin \u0130lk\u00f6\u011fretim B\u00f6l\u00fcm\u00fc, Fen, Fen ve Edebiyat Fak\u00fcltelerinin biyoloji ve zooloji b\u00f6l\u00fcm\u00fc \u00f6\u011frencilerinin yaralanmas\u0131 i\u00e7in haz\u0131rlanm\u0131\u015ft\u0131r. Ayn\u0131 zamanda Milli E\u011fitim Bakanl\u0131\u011f\u0131na ba\u011fl\u0131 ilk<span class=\"excerpt-hellip\"> [\u2026]<\/span><\/p>\n","protected":false},"featured_media":0,"template":"","meta":{"_monsterinsights_skip_tracking":false,"_monsterinsights_sitenote_active":false,"_monsterinsights_sitenote_note":"","_monsterinsights_sitenote_category":0},"product_brand":[],"product_cat":[12573,12566],"product_tag":[],"class_list":{"0":"post-698215","1":"product","2":"type-product","3":"status-publish","5":"product_cat-akademik-kitaplar","6":"product_cat-egitim","7":"pa_cilt-ciltsiz","8":"pa_tur-kitap","9":"pa_yayinevi-ani-yayincilik","10":"pa_yazar-teoman-kesercioglu","12":"first","13":"instock","14":"sale","15":"shipping-taxable","16":"purchasable","17":"product-type-simple"},"_links":{"self":[{"href":"https:\/\/roveyayinevi.com.tr\/index.php\/wp-json\/wp\/v2\/product\/698215","targetHints":{"allow":["GET"]}}],"collection":[{"href":"https:\/\/roveyayinevi.com.tr\/index.php\/wp-json\/wp\/v2\/product"}],"about":[{"href":"https:\/\/roveyayinevi.com.tr\/index.php\/wp-json\/wp\/v2\/types\/product"}],"wp:attachment":[{"href":"https:\/\/roveyayinevi.com.tr\/index.php\/wp-json\/wp\/v2\/media?parent=698215"}],"wp:term":[{"taxonomy":"product_brand","embeddable":true,"href":"https:\/\/roveyayinevi.com.tr\/index.php\/wp-json\/wp\/v2\/product_brand?post=698215"},{"taxonomy":"product_cat","embeddable":true,"href":"https:\/\/roveyayinevi.com.tr\/index.php\/wp-json\/wp\/v2\/product_cat?post=698215"},{"taxonomy":"product_tag","embeddable":true,"href":"https:\/\/roveyayinevi.com.tr\/index.php\/wp-json\/wp\/v2\/product_tag?post=698215"}],"curies":[{"name":"wp","href":"https:\/\/api.w.org\/{rel}","templated":true}]}}