{"id":698213,"date":"2025-08-27T14:44:05","date_gmt":"2025-08-27T11:44:05","guid":{"rendered":"https:\/\/roveyayinevi.com.tr\/index.php\/urun\/cagdas-devlet-sistemleri\/"},"modified":"2026-04-16T02:07:49","modified_gmt":"2026-04-15T23:07:49","slug":"cagdas-devlet-sistemleri","status":"publish","type":"product","link":"https:\/\/roveyayinevi.com.tr\/index.php\/urun\/cagdas-devlet-sistemleri\/","title":{"rendered":"\u00c7a\u011fda\u015f Devlet Sistemleri"},"content":{"rendered":"<p>\u00c7a\u011fda\u015f Devlet Sistemleri, yazar Michael Roskin taraf\u0131ndan hemen her y\u0131l g\u00fcncellenen ve geni\u015fletilen \u00f6nemli ve temel bir kar\u015f\u0131la\u015ft\u0131rmal\u0131 devlet sistemleri kitab\u0131d\u0131r. Roskin\u2019in eseri, gerek kapsam, gerek i\u00e7erik, gerekse metot olarak bu alanda haz\u0131rlanm\u0131\u015f \u015f\u00fcphesiz en yetkin eserlerden biridir. Countries and Concepts\u00fcia Soma g\u00f6sterilen tevecc\u00fch de bunun g\u00f6stergelerindendir. \u00c7a\u011fda\u015f Devlet Sistemleri\u2019nin kuvveti, anla\u015f\u0131l\u0131r ve ak\u0131c\u0131 dili; teorik altyap\u0131s\u0131, sistemati\u011fi ve \u00e7\u00f6z\u00fcmlemelerinde oldu\u011fu kadar, ayn\u0131 zamanda da okurunun entelekt\u00fcel merak\u0131n\u0131 motive etmesindedir. Sayfalar\u0131 \u00e7evirmeye ba\u015flad\u0131k\u00e7a okurun da g\u00f6rece\u011fi \u00fczere, Roskin\u2019in ele al\u0131p inceledi\u011fi \u00fclkeler iyi bir \u00f6rnek grubudur. Bu hacimde bir kitaba d\u00fcnyan\u0131n b\u00fct\u00fcn \u00fclkelerinin veya b\u00fct\u00fcn birinci d\u00fcnya \u00fclkelerinin detayl\u0131 incelemelerini s\u0131\u011fd\u0131rabilme imk\u00e2n\u0131n\u0131n olmay\u0131\u015f\u0131 ancak bu t\u00fcr bir se\u00e7imle tel\u00e2fi edilebilir. \u00d6rne\u011fin T\u00fcrk okurunun T\u00fcrkiye b\u00f6l\u00fcm\u00fcn\u00fc kitapta bulamamas\u0131 onu kar\u015f\u0131la\u015ft\u0131rma yapabilme imk\u00e2n\u0131ndan mahrum k\u0131lmamaktad\u0131r. Bil\u00e2kis elinizdeki kitap, do\u011fru se\u00e7ilen \u00f6rneklerle T\u00fcrkiye\u2019yi \u00e7a\u011fda\u015f devlet sistemleri aras\u0131nda de\u011ferlendirirken  alet-edavat  sa\u011flamada olduk\u00e7a c\u00f6merttir. \u00dclkelerin incelenmesi kitapta be\u015f ba\u015fl\u0131k \u00fczerinden ilerlemektedir: Ge\u00e7mi\u015fin etkisi, anahtar kurumlar, siyas\u00ee k\u00fclt\u00fcr, etkile\u015fme modelleri ve halk neleri tart\u0131\u015f\u0131yor. Okurun yapaca\u011f\u0131 kar\u015f\u0131la\u015ft\u0131rmaya kolayl\u0131k sa\u011flama amac\u0131yla yer verilen bir\u00e7ok \u00e7apraz referansa ek olarak t\u00fcm b\u00f6l\u00fcmler, hem kitab\u0131n zenginli\u011fini ve ak\u0131c\u0131l\u0131\u011f\u0131n\u0131 \u00e7o\u011faltan hem de okura farkl\u0131 merak pencereleri a\u00e7an kutularla peki\u015ftirilmi\u015ftir. Ayn\u0131 zamanda sayfa i\u00e7lerinde mini bir terimler s\u00f6zl\u00fc\u011f\u00fc sunan kitab\u0131n tasar\u0131m\u0131 da metnin daha rahat okunabilmesine uygun olacak \u015fekilde geli\u015ftirilmi\u015f ve T\u00fcrk\u00e7e bask\u0131da da bu formata sad\u0131k kal\u0131nm\u0131\u015ft\u0131r.<\/p>\n","protected":false},"excerpt":{"rendered":"<p>\u00c7a\u011fda\u015f Devlet Sistemleri, yazar Michael Roskin taraf\u0131ndan hemen her y\u0131l g\u00fcncellenen ve geni\u015fletilen \u00f6nemli ve temel bir kar\u015f\u0131la\u015ft\u0131rmal\u0131 devlet sistemleri kitab\u0131d\u0131r. Roskin\u2019in eseri, gerek kapsam, gerek<span class=\"excerpt-hellip\"> [\u2026]<\/span><\/p>\n","protected":false},"featured_media":0,"template":"","meta":{"_monsterinsights_skip_tracking":false,"_monsterinsights_sitenote_active":false,"_monsterinsights_sitenote_note":"","_monsterinsights_sitenote_category":0},"product_brand":[],"product_cat":[12337,14543],"product_tag":[],"class_list":{"0":"post-698213","1":"product","2":"type-product","3":"status-publish","5":"product_cat-politika-siyaset","6":"product_cat-turkiye-siyaseti-ve-politikasi","7":"pa_cilt-ciltsiz","8":"pa_tur-kitap","9":"pa_yayinevi-adres-yayinlari","10":"pa_yazar-michael-g-roskin","12":"first","13":"instock","14":"sale","15":"shipping-taxable","16":"purchasable","17":"product-type-simple"},"_links":{"self":[{"href":"https:\/\/roveyayinevi.com.tr\/index.php\/wp-json\/wp\/v2\/product\/698213","targetHints":{"allow":["GET"]}}],"collection":[{"href":"https:\/\/roveyayinevi.com.tr\/index.php\/wp-json\/wp\/v2\/product"}],"about":[{"href":"https:\/\/roveyayinevi.com.tr\/index.php\/wp-json\/wp\/v2\/types\/product"}],"wp:attachment":[{"href":"https:\/\/roveyayinevi.com.tr\/index.php\/wp-json\/wp\/v2\/media?parent=698213"}],"wp:term":[{"taxonomy":"product_brand","embeddable":true,"href":"https:\/\/roveyayinevi.com.tr\/index.php\/wp-json\/wp\/v2\/product_brand?post=698213"},{"taxonomy":"product_cat","embeddable":true,"href":"https:\/\/roveyayinevi.com.tr\/index.php\/wp-json\/wp\/v2\/product_cat?post=698213"},{"taxonomy":"product_tag","embeddable":true,"href":"https:\/\/roveyayinevi.com.tr\/index.php\/wp-json\/wp\/v2\/product_tag?post=698213"}],"curies":[{"name":"wp","href":"https:\/\/api.w.org\/{rel}","templated":true}]}}