{"id":698211,"date":"2025-08-27T14:44:04","date_gmt":"2025-08-27T11:44:04","guid":{"rendered":"https:\/\/roveyayinevi.com.tr\/index.php\/urun\/oyunbaz\/"},"modified":"2026-04-16T02:07:49","modified_gmt":"2026-04-15T23:07:49","slug":"oyunbaz","status":"publish","type":"product","link":"https:\/\/roveyayinevi.com.tr\/index.php\/urun\/oyunbaz\/","title":{"rendered":"Oyunbaz"},"content":{"rendered":"<p>Psikiyatr Jan Forstner bir g\u00fcn beklenmedik bir anda, kimden geldi\u011fi belli olmayan g\u00fcller al\u0131r. \u0130lk ba\u015fta g\u00fcllerin, kitab\u0131n\u0131 okuyan bir hayran\u0131ndan geldi\u011fini d\u00fc\u015f\u00fcnen Jan bir s\u00fcre sonra kasabadaki korkun\u00e7 cinayetler ile evinin kap\u0131s\u0131na b\u0131rak\u0131lan imzas\u0131z mektuplar ve hediyeler aras\u0131nda bir ba\u011flant\u0131 kurar. Ona s\u0131r\u0131ls\u0131klam \u00e2\u015f\u0131k oldu\u011funu itiraf eden, hi\u00e7 tan\u0131mad\u0131\u011f\u0131 bir kad\u0131ndan telefon ald\u0131\u011f\u0131nda da her an takip edildi\u011finin fark\u0131na var\u0131r. Ve en k\u00f6t\u00fcs\u00fc, bu kad\u0131n\u0131 durdurman\u0131n hi\u00e7bir yolu yoktur\u2026 \ufffcTan\u0131t\u0131m Metni<\/p>\n","protected":false},"excerpt":{"rendered":"<p>Psikiyatr Jan Forstner bir g\u00fcn beklenmedik bir anda, kimden geldi\u011fi belli olmayan g\u00fcller al\u0131r. \u0130lk ba\u015fta g\u00fcllerin, kitab\u0131n\u0131 okuyan bir hayran\u0131ndan geldi\u011fini d\u00fc\u015f\u00fcnen Jan bir s\u00fcre<span class=\"excerpt-hellip\"> [\u2026]<\/span><\/p>\n","protected":false},"featured_media":0,"template":"","meta":{"_monsterinsights_skip_tracking":false,"_monsterinsights_sitenote_active":false,"_monsterinsights_sitenote_note":"","_monsterinsights_sitenote_category":0},"product_brand":[],"product_cat":[12891,12291],"product_tag":[],"class_list":{"0":"post-698211","1":"product","2":"type-product","3":"status-publish","5":"product_cat-amerikan-edebiyati","6":"product_cat-edebiyat","7":"pa_tur-kitap","8":"pa_yayinevi-pegasus-yayinlari","9":"pa_yazar-wulf-dorn","11":"first","12":"instock","13":"sale","14":"shipping-taxable","15":"purchasable","16":"product-type-simple"},"_links":{"self":[{"href":"https:\/\/roveyayinevi.com.tr\/index.php\/wp-json\/wp\/v2\/product\/698211","targetHints":{"allow":["GET"]}}],"collection":[{"href":"https:\/\/roveyayinevi.com.tr\/index.php\/wp-json\/wp\/v2\/product"}],"about":[{"href":"https:\/\/roveyayinevi.com.tr\/index.php\/wp-json\/wp\/v2\/types\/product"}],"wp:attachment":[{"href":"https:\/\/roveyayinevi.com.tr\/index.php\/wp-json\/wp\/v2\/media?parent=698211"}],"wp:term":[{"taxonomy":"product_brand","embeddable":true,"href":"https:\/\/roveyayinevi.com.tr\/index.php\/wp-json\/wp\/v2\/product_brand?post=698211"},{"taxonomy":"product_cat","embeddable":true,"href":"https:\/\/roveyayinevi.com.tr\/index.php\/wp-json\/wp\/v2\/product_cat?post=698211"},{"taxonomy":"product_tag","embeddable":true,"href":"https:\/\/roveyayinevi.com.tr\/index.php\/wp-json\/wp\/v2\/product_tag?post=698211"}],"curies":[{"name":"wp","href":"https:\/\/api.w.org\/{rel}","templated":true}]}}