{"id":698207,"date":"2025-08-27T14:44:03","date_gmt":"2025-08-27T11:44:03","guid":{"rendered":"https:\/\/roveyayinevi.com.tr\/index.php\/urun\/yumusak-guc\/"},"modified":"2026-04-16T02:07:49","modified_gmt":"2026-04-15T23:07:49","slug":"yumusak-guc","status":"publish","type":"product","link":"https:\/\/roveyayinevi.com.tr\/index.php\/urun\/yumusak-guc\/","title":{"rendered":"Yumu\u015fak G\u00fc\u00e7"},"content":{"rendered":"<p>\u201c\u0130\u00e7erik ve anlat\u0131\u015f\u0131 m\u00fckemmel buldum. Sevgiyi, sayg\u0131y\u0131, anlay\u0131\u015f\u0131 bir kenara iten, kini, nefreti, kibiri i\u00e7inde bar\u0131nd\u0131ran siyasi s\u00f6ylevler toplumu \u00f6ylesine kutuplara ay\u0131rd\u0131 ki. \u00dcstelik k\u00f6t\u00fc \u00f6rnek de olu\u015fturdu ve olu\u015fturmaya devam ediyor.\u2026Sal\u0131 Grup toplant\u0131lar\u0131nda kin, nefret ve \u00f6fkenin dayan\u0131lmaz y\u00fckseli\u015fini g\u00f6r\u00fcyor ve ger\u00e7ekten \u00fcz\u00fcl\u00fcyorum. \u201cYumu\u015fak G\u00fc\u00e7\u201d \u00fc \u00f6nce siyasilere \u00f6\u011fretmek gerekiyor. \u201c <\/p>\n","protected":false},"excerpt":{"rendered":"<p>\u201c\u0130\u00e7erik ve anlat\u0131\u015f\u0131 m\u00fckemmel buldum. Sevgiyi, sayg\u0131y\u0131, anlay\u0131\u015f\u0131 bir kenara iten, kini, nefreti, kibiri i\u00e7inde bar\u0131nd\u0131ran siyasi s\u00f6ylevler toplumu \u00f6ylesine kutuplara ay\u0131rd\u0131 ki. \u00dcstelik k\u00f6t\u00fc \u00f6rnek<span class=\"excerpt-hellip\"> [\u2026]<\/span><\/p>\n","protected":false},"featured_media":0,"template":"","meta":{"_monsterinsights_skip_tracking":false,"_monsterinsights_sitenote_active":false,"_monsterinsights_sitenote_note":"","_monsterinsights_sitenote_category":0},"product_brand":[],"product_cat":[12364,12376],"product_tag":[],"class_list":{"0":"post-698207","1":"product","2":"type-product","3":"status-publish","5":"product_cat-genel-konular","6":"product_cat-kisisel-gelisim","7":"pa_tur-kitap","8":"pa_yayinevi-profil-kitap","9":"pa_yazar-caglar-cabuk","11":"first","12":"instock","13":"sale","14":"shipping-taxable","15":"purchasable","16":"product-type-simple"},"_links":{"self":[{"href":"https:\/\/roveyayinevi.com.tr\/index.php\/wp-json\/wp\/v2\/product\/698207","targetHints":{"allow":["GET"]}}],"collection":[{"href":"https:\/\/roveyayinevi.com.tr\/index.php\/wp-json\/wp\/v2\/product"}],"about":[{"href":"https:\/\/roveyayinevi.com.tr\/index.php\/wp-json\/wp\/v2\/types\/product"}],"wp:attachment":[{"href":"https:\/\/roveyayinevi.com.tr\/index.php\/wp-json\/wp\/v2\/media?parent=698207"}],"wp:term":[{"taxonomy":"product_brand","embeddable":true,"href":"https:\/\/roveyayinevi.com.tr\/index.php\/wp-json\/wp\/v2\/product_brand?post=698207"},{"taxonomy":"product_cat","embeddable":true,"href":"https:\/\/roveyayinevi.com.tr\/index.php\/wp-json\/wp\/v2\/product_cat?post=698207"},{"taxonomy":"product_tag","embeddable":true,"href":"https:\/\/roveyayinevi.com.tr\/index.php\/wp-json\/wp\/v2\/product_tag?post=698207"}],"curies":[{"name":"wp","href":"https:\/\/api.w.org\/{rel}","templated":true}]}}