{"id":698205,"date":"2025-08-27T14:44:03","date_gmt":"2025-08-27T11:44:03","guid":{"rendered":"https:\/\/roveyayinevi.com.tr\/index.php\/urun\/efesin-sirlari\/"},"modified":"2026-04-16T02:07:49","modified_gmt":"2026-04-15T23:07:49","slug":"efesin-sirlari","status":"publish","type":"product","link":"https:\/\/roveyayinevi.com.tr\/index.php\/urun\/efesin-sirlari\/","title":{"rendered":"Efes&#8217;in S\u0131rlar\u0131"},"content":{"rendered":"<p>Eren, \u0130rem, Burcu ve Tolga, Japon yengeleri bir hediyelik e\u015fya d\u00fckk\u00e2n\u0131 a\u00e7maya karar verince \u00e7ok sevinirler. Kalabal\u0131k bir a\u00e7\u0131l\u0131\u015ftan sonra d\u00fckk\u00e2n, \u00e7ocuklar\u0131n favori mek\u00e2n\u0131 haline gelir. Oradan ayr\u0131lmaz olurlar. Burcu ve \u0130rem k\u00fc\u00e7\u00fck hayvan biblolar\u0131na, Tolga daha \u00f6nce g\u00f6rmedi\u011fi e\u015fyalara bay\u0131lm\u0131\u015ft\u0131r. Polisiye merakl\u0131s\u0131 Eren ise d\u00fckk\u00e2nda s\u00fcrekli gizemli \u015feyler arar ve sonunda yengesinin antikac\u0131dan ald\u0131\u011f\u0131 eski kutuyu bulur. \u0130kiz karde\u015fi \u0130rem ve kuzenleri Tolga ile Burcu, Eren\u2019e s\u00fcrekli Midas maceralar\u0131n\u0131 ve ge\u00e7en sefer ne kadar yan\u0131ld\u0131\u011f\u0131n\u0131 hat\u0131rlat\u0131p onu uyarsalar da kutu, kafadar kuzenleri ger\u00e7ekten merakland\u0131rm\u0131\u015ft\u0131r. Kutudaki b\u00fct\u00fcn i\u015faretler Efes antik kentini g\u00f6stermektedir. Yar\u0131y\u0131l tatilinde Efes\u2019e gideceklerini de \u00f6\u011frenen kafadar kuzenler \u015fimdi de Efes\u2019teki s\u0131rlar\u0131n pe\u015finde!<\/p>\n","protected":false},"excerpt":{"rendered":"<p>Eren, \u0130rem, Burcu ve Tolga, Japon yengeleri bir hediyelik e\u015fya d\u00fckk\u00e2n\u0131 a\u00e7maya karar verince \u00e7ok sevinirler. Kalabal\u0131k bir a\u00e7\u0131l\u0131\u015ftan sonra d\u00fckk\u00e2n, \u00e7ocuklar\u0131n favori mek\u00e2n\u0131 haline gelir.<span class=\"excerpt-hellip\"> [\u2026]<\/span><\/p>\n","protected":false},"featured_media":0,"template":"","meta":{"_monsterinsights_skip_tracking":false,"_monsterinsights_sitenote_active":false,"_monsterinsights_sitenote_note":"","_monsterinsights_sitenote_category":0},"product_brand":[],"product_cat":[12274,12284],"product_tag":[],"class_list":{"0":"post-698205","1":"product","2":"type-product","3":"status-publish","5":"product_cat-cocuk-ve-genclik-kitaplari","6":"product_cat-hikayeler","7":"pa_cilt-ciltsiz","8":"pa_tur-kitap","9":"pa_yayinevi-kirmizi-kedi-yayinevi","10":"pa_yazar-koray-avci-cakman","12":"first","13":"instock","14":"sale","15":"shipping-taxable","16":"purchasable","17":"product-type-simple"},"_links":{"self":[{"href":"https:\/\/roveyayinevi.com.tr\/index.php\/wp-json\/wp\/v2\/product\/698205","targetHints":{"allow":["GET"]}}],"collection":[{"href":"https:\/\/roveyayinevi.com.tr\/index.php\/wp-json\/wp\/v2\/product"}],"about":[{"href":"https:\/\/roveyayinevi.com.tr\/index.php\/wp-json\/wp\/v2\/types\/product"}],"wp:attachment":[{"href":"https:\/\/roveyayinevi.com.tr\/index.php\/wp-json\/wp\/v2\/media?parent=698205"}],"wp:term":[{"taxonomy":"product_brand","embeddable":true,"href":"https:\/\/roveyayinevi.com.tr\/index.php\/wp-json\/wp\/v2\/product_brand?post=698205"},{"taxonomy":"product_cat","embeddable":true,"href":"https:\/\/roveyayinevi.com.tr\/index.php\/wp-json\/wp\/v2\/product_cat?post=698205"},{"taxonomy":"product_tag","embeddable":true,"href":"https:\/\/roveyayinevi.com.tr\/index.php\/wp-json\/wp\/v2\/product_tag?post=698205"}],"curies":[{"name":"wp","href":"https:\/\/api.w.org\/{rel}","templated":true}]}}