{"id":698204,"date":"2025-08-27T14:44:02","date_gmt":"2025-08-27T11:44:02","guid":{"rendered":"https:\/\/roveyayinevi.com.tr\/index.php\/urun\/cocuk-kalbi-6\/"},"modified":"2026-04-16T02:07:49","modified_gmt":"2026-04-15T23:07:49","slug":"cocuk-kalbi-6","status":"publish","type":"product","link":"https:\/\/roveyayinevi.com.tr\/index.php\/urun\/cocuk-kalbi-6\/","title":{"rendered":"\u00c7ocuk Kalbi"},"content":{"rendered":"<p>\u00c7ocuk Kalbi, bir \u00e7ocu\u011fun okul hat\u0131ralar\u0131n\u0131 anlatan bir eserdir. D\u00fcnyan\u0131n en \u00e7ok okunan kitaplar\u0131ndan birisidir. Ayn\u0131 zamanda bir e\u011fitimci olan Edmonda De Amicis, \u00f6\u011fretmen ve \u00f6\u011frenci ili\u015fkilerini, okul ve aile i\u015fbirli\u011fini zengin bir dille anlatmaktad\u0131r.MEB Talim ve Terbiye Kurulunun 2207 say\u0131l\u0131 Tebli\u011fler Dergisinde yay\u0131nlanan karar\u0131 ile ilk ve ortaokul \u00f6\u011frencilerine tavsiye edilmi\u015ftir<\/p>\n","protected":false},"excerpt":{"rendered":"<p>\u00c7ocuk Kalbi, bir \u00e7ocu\u011fun okul hat\u0131ralar\u0131n\u0131 anlatan bir eserdir. D\u00fcnyan\u0131n en \u00e7ok okunan kitaplar\u0131ndan birisidir. Ayn\u0131 zamanda bir e\u011fitimci olan Edmonda De Amicis, \u00f6\u011fretmen ve \u00f6\u011frenci<span class=\"excerpt-hellip\"> [\u2026]<\/span><\/p>\n","protected":false},"featured_media":0,"template":"","meta":{"_monsterinsights_skip_tracking":false,"_monsterinsights_sitenote_active":false,"_monsterinsights_sitenote_note":"","_monsterinsights_sitenote_category":0},"product_brand":[],"product_cat":[12274,12284],"product_tag":[],"class_list":{"0":"post-698204","1":"product","2":"type-product","3":"status-publish","5":"product_cat-cocuk-ve-genclik-kitaplari","6":"product_cat-hikayeler","7":"pa_cilt-ciltsiz","8":"pa_tur-kitap","9":"pa_yayinevi-erdem-cocuk","10":"pa_yazar-edmondo-de-amicis","12":"first","13":"instock","14":"sale","15":"shipping-taxable","16":"purchasable","17":"product-type-simple"},"_links":{"self":[{"href":"https:\/\/roveyayinevi.com.tr\/index.php\/wp-json\/wp\/v2\/product\/698204","targetHints":{"allow":["GET"]}}],"collection":[{"href":"https:\/\/roveyayinevi.com.tr\/index.php\/wp-json\/wp\/v2\/product"}],"about":[{"href":"https:\/\/roveyayinevi.com.tr\/index.php\/wp-json\/wp\/v2\/types\/product"}],"wp:attachment":[{"href":"https:\/\/roveyayinevi.com.tr\/index.php\/wp-json\/wp\/v2\/media?parent=698204"}],"wp:term":[{"taxonomy":"product_brand","embeddable":true,"href":"https:\/\/roveyayinevi.com.tr\/index.php\/wp-json\/wp\/v2\/product_brand?post=698204"},{"taxonomy":"product_cat","embeddable":true,"href":"https:\/\/roveyayinevi.com.tr\/index.php\/wp-json\/wp\/v2\/product_cat?post=698204"},{"taxonomy":"product_tag","embeddable":true,"href":"https:\/\/roveyayinevi.com.tr\/index.php\/wp-json\/wp\/v2\/product_tag?post=698204"}],"curies":[{"name":"wp","href":"https:\/\/api.w.org\/{rel}","templated":true}]}}