{"id":698203,"date":"2025-08-27T14:44:02","date_gmt":"2025-08-27T11:44:02","guid":{"rendered":"https:\/\/roveyayinevi.com.tr\/index.php\/urun\/masalistanbul\/"},"modified":"2026-04-16T02:07:49","modified_gmt":"2026-04-15T23:07:49","slug":"masalistanbul","status":"publish","type":"product","link":"https:\/\/roveyayinevi.com.tr\/index.php\/urun\/masalistanbul\/","title":{"rendered":"Masalistanbul"},"content":{"rendered":"<p>Kerem\u2019in tek dostu dedesi ve kitaplar\u0131d\u0131r. Dedesi vefat edince b\u00fcy\u00fck bir bo\u015flu\u011fa d\u00fc\u015fer. Fakat dedesinin k\u00fc\u00e7\u00fck sahaf d\u00fckk\u00e2n\u0131nda buldu\u011fu bir kitapla hayat\u0131 tamamen de\u011fi\u015fir. Kendini bir maceran\u0131n i\u00e7inde bulur. Kay\u0131p masallar\u0131n \u0130stanbul\u2019unu kurtarmas\u0131 gerekmektedir. Bu macerada en b\u00fcy\u00fck yard\u0131mc\u0131s\u0131 ise Masal \u00dclkesi\u2019nin mart\u0131ya d\u00f6n\u00fc\u015fen prensesi R\u00e2n\u00e2 olacakt\u0131r. D\u00fc\u015fman m\u0131? O her yerde, aman dikkatli olun k\u00f6t\u00fcl\u00fc\u011f\u00fcn kokusuna yakla\u015fmay\u0131n! Merza kar\u015f\u0131n\u0131za \u00e7\u0131kabilir.Ya\u015f Grubu: Ortaokul&#8217;dur.<\/p>\n","protected":false},"excerpt":{"rendered":"<p>Kerem\u2019in tek dostu dedesi ve kitaplar\u0131d\u0131r. Dedesi vefat edince b\u00fcy\u00fck bir bo\u015flu\u011fa d\u00fc\u015fer. Fakat dedesinin k\u00fc\u00e7\u00fck sahaf d\u00fckk\u00e2n\u0131nda buldu\u011fu bir kitapla hayat\u0131 tamamen de\u011fi\u015fir. Kendini bir<span class=\"excerpt-hellip\"> [\u2026]<\/span><\/p>\n","protected":false},"featured_media":0,"template":"","meta":{"_monsterinsights_skip_tracking":false,"_monsterinsights_sitenote_active":false,"_monsterinsights_sitenote_note":"","_monsterinsights_sitenote_category":0},"product_brand":[],"product_cat":[12275,12274],"product_tag":[],"class_list":{"0":"post-698203","1":"product","2":"type-product","3":"status-publish","5":"product_cat-6-12-yas-kitaplari","6":"product_cat-cocuk-ve-genclik-kitaplari","7":"pa_cilt-ciltsiz","8":"pa_tur-kitap","9":"pa_yayinevi-erdem-cocuk","10":"pa_yazar-figen-yaman-cosar","12":"first","13":"instock","14":"sale","15":"shipping-taxable","16":"purchasable","17":"product-type-simple"},"_links":{"self":[{"href":"https:\/\/roveyayinevi.com.tr\/index.php\/wp-json\/wp\/v2\/product\/698203","targetHints":{"allow":["GET"]}}],"collection":[{"href":"https:\/\/roveyayinevi.com.tr\/index.php\/wp-json\/wp\/v2\/product"}],"about":[{"href":"https:\/\/roveyayinevi.com.tr\/index.php\/wp-json\/wp\/v2\/types\/product"}],"wp:attachment":[{"href":"https:\/\/roveyayinevi.com.tr\/index.php\/wp-json\/wp\/v2\/media?parent=698203"}],"wp:term":[{"taxonomy":"product_brand","embeddable":true,"href":"https:\/\/roveyayinevi.com.tr\/index.php\/wp-json\/wp\/v2\/product_brand?post=698203"},{"taxonomy":"product_cat","embeddable":true,"href":"https:\/\/roveyayinevi.com.tr\/index.php\/wp-json\/wp\/v2\/product_cat?post=698203"},{"taxonomy":"product_tag","embeddable":true,"href":"https:\/\/roveyayinevi.com.tr\/index.php\/wp-json\/wp\/v2\/product_tag?post=698203"}],"curies":[{"name":"wp","href":"https:\/\/api.w.org\/{rel}","templated":true}]}}