{"id":698202,"date":"2025-08-27T14:44:02","date_gmt":"2025-08-27T11:44:02","guid":{"rendered":"https:\/\/roveyayinevi.com.tr\/index.php\/urun\/allah-de-otesini-birak\/"},"modified":"2026-04-16T02:07:49","modified_gmt":"2026-04-15T23:07:49","slug":"allah-de-otesini-birak","status":"publish","type":"product","link":"https:\/\/roveyayinevi.com.tr\/index.php\/urun\/allah-de-otesini-birak\/","title":{"rendered":"Allah De \u00d6tesini B\u0131rak"},"content":{"rendered":"<p>&#8220;\u0130\u015fin Allah&#8217;a kalm\u0131\u015fsa olmu\u015f bil!&#8221;- \u015eems-i TebriziAllah her \u015feyden haberdard\u0131r. sanmay\u0131nki size yap\u0131lan haks\u0131zl\u0131\u011fa kay\u0131ts\u0131z kal\u0131yor. O size bir annenin evlad\u0131na yakla\u015ft\u0131\u011f\u0131 merhametten daha fazla merhamet duyand\u0131r. Duan\u0131n kar\u015f\u0131l\u0131\u011f\u0131n\u0131 takip etmeden &#8220;Allah De \u00d6tesini B\u0131rak&#8221; Kul Rabb&#8217;ini imtihan etmez. O&#8217;na tevekk\u00fcle yakla\u015ft\u0131\u011f\u0131nda rahmetini t\u00fcm h\u00fccrelerinde hissedeceksin.Kar\u015f\u0131nda o kadar \u00e7ok maskeli insan var ki onlar\u0131 tan\u0131mak i\u00e7in yoruluyorsun. \u015eayet dikkat edersen g\u00fczel olan bir \u015fey var; o senin hakk\u0131n\u0131 ald\u0131k\u00e7a, sen onun sevaplar\u0131ndan kazan\u0131yorsun. O halde kaybettim diye \u00fcz\u00fclme, biraz daha derin bakarsan, asl\u0131nda kazand\u0131\u011f\u0131n\u0131 fark edeceksin. A\u015f\u0131k olacaks\u0131n evet ama kalbini Allah a\u015fk\u0131yla yakacaks\u0131n&#8230;D\u00fcnyan\u0131n ge\u00e7ici oldu\u011funu, bitece\u011fini idrak edeceksin; sadece Allah&#8217;a ba\u011fl\u0131 ya\u015fayacaks\u0131n. \u0130\u015fte U\u011fur Ko\u015far bu kitapta sana herkes gibi Allah&#8217;\u0131 anlatm\u0131yor O&#8217;nu adeta hissettirip ya\u015fat\u0131yor.!&#8230;- Psikolog Cavidan Ebru K\u0131z\u0131lYirmi y\u0131ld\u0131r terapi deneyimlerinde elde etti\u011fim sonu\u00e7ladan biri \u015fudur ki;eksik olan par\u00e7alar\u0131 yitirdi\u011fini d\u00fc\u015f\u00fcnen ve bunlar\u0131 arayarak \u00e7\u0131kmazlara giren ve bunun da d\u0131\u015farda oldu\u011funu sanan \u00e7ok b\u00fcy\u00fck bir \u00e7o\u011funluk \u00e7e\u015fitli psikolojik sorunlarla ruh sa\u011fl\u0131\u011f\u0131n\u0131 bozmu\u015ftur. Bu b\u00fcy\u00fck \u00e7o\u011funlu\u011fa eserlerinde ve g\u00f6r\u00fc\u015flerinde \u00f6ze d\u00f6\u00fcn yolunda katk\u0131 sa\u011flayan, arad\u0131klar\u0131n\u0131 bulabilme cesareti ve \u0131\u015f\u0131\u011f\u0131 olan U\u011fur Ko\u015far Dostuma &#8220;Allah De \u00d6tesini B\u0131rak&#8221; ile \u00f6zlerine d\u00f6nebilmesi ad\u0131na \u0131\u015f\u0131k olan eserinden dolay\u0131 en i\u00e7ten te\u015fekk\u00fcrlerimi sunuyorum.- Uzm. Psikolog Abdullah Topal<\/p>\n","protected":false},"excerpt":{"rendered":"<p>&#8220;\u0130\u015fin Allah&#8217;a kalm\u0131\u015fsa olmu\u015f bil!&#8221;- \u015eems-i TebriziAllah her \u015feyden haberdard\u0131r. sanmay\u0131nki size yap\u0131lan haks\u0131zl\u0131\u011fa kay\u0131ts\u0131z kal\u0131yor. O size bir annenin evlad\u0131na yakla\u015ft\u0131\u011f\u0131 merhametten daha fazla merhamet<span class=\"excerpt-hellip\"> [\u2026]<\/span><\/p>\n","protected":false},"featured_media":0,"template":"","meta":{"_monsterinsights_skip_tracking":false,"_monsterinsights_sitenote_active":false,"_monsterinsights_sitenote_note":"","_monsterinsights_sitenote_category":0},"product_brand":[],"product_cat":[12718,12719,12720],"product_tag":[],"class_list":{"0":"post-698202","1":"product","2":"type-product","3":"status-publish","5":"product_cat-din","6":"product_cat-islam","7":"product_cat-tasavvuf-mezhepler-tarikatlar","8":"pa_cilt-ciltsiz","9":"pa_tur-kitap","10":"pa_yayinevi-destek-yayinlari","11":"pa_yazar-ugur-kosar","13":"first","14":"instock","15":"sale","16":"shipping-taxable","17":"purchasable","18":"product-type-simple"},"_links":{"self":[{"href":"https:\/\/roveyayinevi.com.tr\/index.php\/wp-json\/wp\/v2\/product\/698202","targetHints":{"allow":["GET"]}}],"collection":[{"href":"https:\/\/roveyayinevi.com.tr\/index.php\/wp-json\/wp\/v2\/product"}],"about":[{"href":"https:\/\/roveyayinevi.com.tr\/index.php\/wp-json\/wp\/v2\/types\/product"}],"wp:attachment":[{"href":"https:\/\/roveyayinevi.com.tr\/index.php\/wp-json\/wp\/v2\/media?parent=698202"}],"wp:term":[{"taxonomy":"product_brand","embeddable":true,"href":"https:\/\/roveyayinevi.com.tr\/index.php\/wp-json\/wp\/v2\/product_brand?post=698202"},{"taxonomy":"product_cat","embeddable":true,"href":"https:\/\/roveyayinevi.com.tr\/index.php\/wp-json\/wp\/v2\/product_cat?post=698202"},{"taxonomy":"product_tag","embeddable":true,"href":"https:\/\/roveyayinevi.com.tr\/index.php\/wp-json\/wp\/v2\/product_tag?post=698202"}],"curies":[{"name":"wp","href":"https:\/\/api.w.org\/{rel}","templated":true}]}}