{"id":698199,"date":"2025-08-27T14:44:01","date_gmt":"2025-08-27T11:44:01","guid":{"rendered":"https:\/\/roveyayinevi.com.tr\/index.php\/urun\/osmanli-kimdir\/"},"modified":"2026-04-16T02:07:49","modified_gmt":"2026-04-15T23:07:49","slug":"osmanli-kimdir","status":"publish","type":"product","link":"https:\/\/roveyayinevi.com.tr\/index.php\/urun\/osmanli-kimdir\/","title":{"rendered":"Osmanl\u0131 Kimdir?"},"content":{"rendered":"<p>Ki\u015fiyi bir devlete ba\u011flayan hukuk\u00ee ve siyas\u00ee ba\u011f olan tabiiyet, devletlerce, ekonomik, sosyal ve siyas\u00ee nedenlerle tan\u0131mlanm\u0131\u015ft\u0131r. Bu tan\u0131mda kan ba\u011f\u0131 ve topra\u011fa ba\u011fl\u0131l\u0131k \u00f6l\u00e7\u00fct al\u0131nabildi\u011fi gibi, \u0130sl\u00e2m devletlerinde dini kriterler referans al\u0131nm\u0131\u015ft\u0131r. Ancak tabiiyet \u00fczerine alg\u0131lay\u0131\u015flar ve uygulamalar, Avrupa\u2019da ulus devletlerin ortaya \u00e7\u0131kmas\u0131yla de\u011fi\u015fmeye ba\u015flam\u0131\u015ft\u0131. 18. y\u00fczy\u0131ldan itibaren \u00e7izilen haritalarda devletlerin s\u0131n\u0131rlar\u0131 kesin \u00e7izgilerle belirlenirken; iktidarlar da halk\u0131n\u0131 yeniden tan\u0131ml\u0131yorlard\u0131. S\u0131n\u0131rlar\u0131n d\u0131\u015f\u0131nda kalan topraklar\u0131n halklar\u0131 yabanc\u0131 kabul edilerek, \u00fclkeye giri\u015flerine k\u0131s\u0131tlamalar getirildi. Buna kar\u015f\u0131l\u0131k devletler, ba\u015fka \u00fclkelere giden vatanda\u015flar\u0131n\u0131n haklar\u0131n\u0131 korumaya \u00e7al\u0131\u015ft\u0131lar. Osmanl\u0131 Devleti, hem kaybedilen topraklardan ya\u015fanan g\u00f6\u00e7ler hem de kapit\u00fclasyonlardan kaynakl\u0131 suistimaller dolay\u0131s\u0131yla de\u011fi\u015fen tabiiyet alg\u0131s\u0131yla \u00e7ok ge\u00e7meden tan\u0131\u015ft\u0131.19. y\u00fczy\u0131l, Osmanl\u0131 Devleti i\u00e7in tabiiyet konusunda da de\u011fi\u015fimin ya\u015fand\u0131\u011f\u0131 bir d\u00f6nemdir. Gayrim\u00fcslimler gerek g\u00f6\u00e7 neticesinde gerekse himaye sayesinde ba\u015fka \u00fclke vatanda\u015f\u0131 olarak Osmanl\u0131 Devleti\u2019ne sorun \u00e7\u0131kart\u0131yordu. Bu kitapta 19. y\u00fczy\u0131l ve sonras\u0131 a\u011f\u0131rl\u0131kl\u0131 olmakla birlikte Osmanl\u0131 Devleti\u2019nin kar\u015f\u0131la\u015ft\u0131\u011f\u0131 tabiiyet sorunlar\u0131 ve \u00e7\u00f6z\u00fcmlerine y\u00f6nelik giri\u015fimleri incelenmi\u015ftir. <\/p>\n","protected":false},"excerpt":{"rendered":"<p>Ki\u015fiyi bir devlete ba\u011flayan hukuk\u00ee ve siyas\u00ee ba\u011f olan tabiiyet, devletlerce, ekonomik, sosyal ve siyas\u00ee nedenlerle tan\u0131mlanm\u0131\u015ft\u0131r. Bu tan\u0131mda kan ba\u011f\u0131 ve topra\u011fa ba\u011fl\u0131l\u0131k \u00f6l\u00e7\u00fct al\u0131nabildi\u011fi<span class=\"excerpt-hellip\"> [\u2026]<\/span><\/p>\n","protected":false},"featured_media":0,"template":"","meta":{"_monsterinsights_skip_tracking":false,"_monsterinsights_sitenote_active":false,"_monsterinsights_sitenote_note":"","_monsterinsights_sitenote_category":0},"product_brand":[],"product_cat":[15499,13488],"product_tag":[],"class_list":{"0":"post-698199","1":"product","2":"type-product","3":"status-publish","5":"product_cat-antropoloji","6":"product_cat-toplum-ve-insan","7":"pa_tur-kitap","8":"pa_yayinevi-yeditepe-yayinevi","9":"pa_yazar-ibrahim-serbestoglu","11":"first","12":"instock","13":"sale","14":"shipping-taxable","15":"purchasable","16":"product-type-simple"},"_links":{"self":[{"href":"https:\/\/roveyayinevi.com.tr\/index.php\/wp-json\/wp\/v2\/product\/698199","targetHints":{"allow":["GET"]}}],"collection":[{"href":"https:\/\/roveyayinevi.com.tr\/index.php\/wp-json\/wp\/v2\/product"}],"about":[{"href":"https:\/\/roveyayinevi.com.tr\/index.php\/wp-json\/wp\/v2\/types\/product"}],"wp:attachment":[{"href":"https:\/\/roveyayinevi.com.tr\/index.php\/wp-json\/wp\/v2\/media?parent=698199"}],"wp:term":[{"taxonomy":"product_brand","embeddable":true,"href":"https:\/\/roveyayinevi.com.tr\/index.php\/wp-json\/wp\/v2\/product_brand?post=698199"},{"taxonomy":"product_cat","embeddable":true,"href":"https:\/\/roveyayinevi.com.tr\/index.php\/wp-json\/wp\/v2\/product_cat?post=698199"},{"taxonomy":"product_tag","embeddable":true,"href":"https:\/\/roveyayinevi.com.tr\/index.php\/wp-json\/wp\/v2\/product_tag?post=698199"}],"curies":[{"name":"wp","href":"https:\/\/api.w.org\/{rel}","templated":true}]}}