{"id":698198,"date":"2025-08-27T14:44:01","date_gmt":"2025-08-27T11:44:01","guid":{"rendered":"https:\/\/roveyayinevi.com.tr\/index.php\/urun\/nasil-musluman-olduk\/"},"modified":"2026-04-16T02:07:49","modified_gmt":"2026-04-15T23:07:49","slug":"nasil-musluman-olduk","status":"publish","type":"product","link":"https:\/\/roveyayinevi.com.tr\/index.php\/urun\/nasil-musluman-olduk\/","title":{"rendered":"Nas\u0131l M\u00fcsl\u00fcman Olduk?"},"content":{"rendered":"<p>Nas\u0131l M\u00fcsl\u00fcman oldu\u011fumuzu genellikle sormad\u0131k kendimize. \u00c7\u00fcnk\u00fc \u0130slamiyet\u2019i \u201cdin ve hidayet a\u015fk\u0131yla\u201d, kendili\u011findenbenimsedi\u011fimiz yolunda ko\u015fulland\u0131r\u0131lm\u0131\u015ft\u0131k. Oysa do\u011fruyu arad\u0131\u011f\u0131m\u0131zda, M\u00fcsl\u00fcmanla\u015ft\u0131r\u0131lma tarihimizin, insan\u0131 irkiltenbir vah\u015fet s\u00fcreci oldu\u011fu so\u011fuk ger\u00e7e\u011fiyle kar\u015f\u0131la\u015f\u0131yoruz. Resmi ve geleneksel s\u00f6ylemse, bu ger\u00e7e\u011fi \u0131srarla gizlemeye\u00e7al\u0131\u015f\u0131yor.Bug\u00fcn\u00fc anlamak ve demokratik bir T\u00fcrkiye yaratabilmek i\u00e7in, do\u011fru tarih bilincine sahip olmam\u0131z gerekti\u011findenhareketle Erdo\u011fan Ayd\u0131n, Nas\u0131l M\u00fcsl\u00fcman Olduk kitab\u0131nda, M\u00fcsl\u00fcmanla\u015ft\u0131r\u0131lmam\u0131z\u0131n dramatik \u00f6yk\u00fcs\u00fcn\u00fc ve bununtoplumumuza etkilerini g\u00fcn \u0131\u015f\u0131\u011f\u0131na \u00e7\u0131kar\u0131yor.\u0130\u00e7indekiler;\u00b7 Tarihin Aynas\u0131nda Hak \u0130hlalleri \u00b7 \u0130slami Yay\u0131lman\u0131n Maddi Ko\u015fullar\u0131 ve Dinsel Mant\u0131\u011f\u0131 \u00b7 Yay\u0131lmac\u0131l\u0131\u011f\u0131n Ba\u015flang\u0131c\u0131 ve Ku\u0308rtlerin Mu\u0308slu\u0308manla\u015ft\u0131r\u0131lmas\u0131 \u00b7 \u015eeriat Tu\u0308rkleri Nas\u0131l G\u00f6ru\u0308yor? \u00b7 Araplar\u0131n Tu\u0308rk Yurtlar\u0131na Sald\u0131r\u0131lar\u0131n\u0131n \u0130lk D\u00f6nemi \u00b7 Yurtlar\u0131 \u0130\u015fgal Edilirken Tu\u0308rkler Direniyor \u00b7 Kuteybe, Direni\u015fi Katliamlarla K\u0131rmaya \u00c7al\u0131\u015f\u0131yor \u00b7 \u201cHidayet\u201dten Tu\u0308rklerin Pay\u0131na K\u0131l\u0131\u00e7 ve K\u0131rba\u00e7 Du\u0308\u015fu\u0308yor \u00b7 Mu\u0308slu\u0308man \u0130\u015fgalini K\u0131rmak \u0130\u00e7in Bu\u0308yu\u0308k At\u0131l\u0131m ve Yenilgi \u00b7 Abbasi Devrimi ve \u0130slamiyet\u2019in Kavimsel Karakter De\u011fi\u015fimi \u00b7 Abbasiler D\u00f6nemi\u2019nde Tu\u0308rkler \u00b7 Tu\u0308rk K\u00f6leler, \u0130slam Lejyon Ordusunun Temel Gu\u0308cu\u0308 Oluyor \u00b7 Araplar\u0131n Hazar Yurtlar\u0131n\u0131 \u0130\u015fgali ve Geri At\u0131lmalar\u0131 \u00b7 \u0130\u015fgal \u00d6ncesi Tu\u0308rkistan\u2019da Dinsel Panorama \u00b7 \u0130slamiyet\u2019e Kar\u015f\u0131 \u0130deolojik Direni\u015f ve D\u00f6nu\u0308\u015fu\u0308m \u00b7 Tu\u0308rklerin Mu\u0308slu\u0308manla\u015fmas\u0131n\u0131n Siyasal Bi\u00e7imleni\u015fi \u00b7 Sel\u00e7uklular \u0130slam\u2019\u0131n Siyasal Egemenli\u011fine Yu\u0308kseliyor \u00b7 \u0130slamla\u015fman\u0131n, Tu\u0308rkler \u00dczerindeki Ku\u0308ltu\u0308rel Etkileri Ek: Dinin Tu\u0308rk Toplumuna Etkileri (Dr. Hikmet K\u0131v\u0131lc\u0131ml\u0131)<\/p>\n","protected":false},"excerpt":{"rendered":"<p>Nas\u0131l M\u00fcsl\u00fcman oldu\u011fumuzu genellikle sormad\u0131k kendimize. \u00c7\u00fcnk\u00fc \u0130slamiyet\u2019i \u201cdin ve hidayet a\u015fk\u0131yla\u201d, kendili\u011findenbenimsedi\u011fimiz yolunda ko\u015fulland\u0131r\u0131lm\u0131\u015ft\u0131k. Oysa do\u011fruyu arad\u0131\u011f\u0131m\u0131zda, M\u00fcsl\u00fcmanla\u015ft\u0131r\u0131lma tarihimizin, insan\u0131 irkiltenbir vah\u015fet s\u00fcreci oldu\u011fu so\u011fuk<span class=\"excerpt-hellip\"> [\u2026]<\/span><\/p>\n","protected":false},"featured_media":0,"template":"","meta":{"_monsterinsights_skip_tracking":false,"_monsterinsights_sitenote_active":false,"_monsterinsights_sitenote_note":"","_monsterinsights_sitenote_category":0},"product_brand":[],"product_cat":[12718,12719],"product_tag":[],"class_list":{"0":"post-698198","1":"product","2":"type-product","3":"status-publish","5":"product_cat-din","6":"product_cat-islam","7":"pa_cilt-ciltsiz","8":"pa_tur-kitap","9":"pa_yayinevi-literatur-yayinevi","10":"pa_yazar-erdogan-aydin","12":"first","13":"instock","14":"sale","15":"shipping-taxable","16":"purchasable","17":"product-type-simple"},"_links":{"self":[{"href":"https:\/\/roveyayinevi.com.tr\/index.php\/wp-json\/wp\/v2\/product\/698198","targetHints":{"allow":["GET"]}}],"collection":[{"href":"https:\/\/roveyayinevi.com.tr\/index.php\/wp-json\/wp\/v2\/product"}],"about":[{"href":"https:\/\/roveyayinevi.com.tr\/index.php\/wp-json\/wp\/v2\/types\/product"}],"wp:attachment":[{"href":"https:\/\/roveyayinevi.com.tr\/index.php\/wp-json\/wp\/v2\/media?parent=698198"}],"wp:term":[{"taxonomy":"product_brand","embeddable":true,"href":"https:\/\/roveyayinevi.com.tr\/index.php\/wp-json\/wp\/v2\/product_brand?post=698198"},{"taxonomy":"product_cat","embeddable":true,"href":"https:\/\/roveyayinevi.com.tr\/index.php\/wp-json\/wp\/v2\/product_cat?post=698198"},{"taxonomy":"product_tag","embeddable":true,"href":"https:\/\/roveyayinevi.com.tr\/index.php\/wp-json\/wp\/v2\/product_tag?post=698198"}],"curies":[{"name":"wp","href":"https:\/\/api.w.org\/{rel}","templated":true}]}}