{"id":698197,"date":"2025-08-27T14:44:00","date_gmt":"2025-08-27T11:44:00","guid":{"rendered":"https:\/\/roveyayinevi.com.tr\/index.php\/urun\/uyanin-artik\/"},"modified":"2026-04-16T02:07:49","modified_gmt":"2026-04-15T23:07:49","slug":"uyanin-artik","status":"publish","type":"product","link":"https:\/\/roveyayinevi.com.tr\/index.php\/urun\/uyanin-artik\/","title":{"rendered":"Uyan\u0131n Art\u0131k"},"content":{"rendered":"<p>\u015eimdiye kadar ho\u015fg\u00f6r\u00fc, demokrasi diyerek yolu a\u00e7anlar tehlikeyi ne yaz\u0131k ki g\u00f6rmediler. Onlar\u0131n arkalar\u0131nda, Cumhuriyet\u2019i y\u0131k\u0131m plan\u0131 oldu\u011funu, din devletinin de temellerinin at\u0131ld\u0131\u011f\u0131n\u0131 h\u00e2l\u00e2 alg\u0131lamayanlar var. Demokrasi, milletvekillerini Meclis\u2019e soktuktan sonra onlar\u0131 kendi hallerine b\u0131rak\u0131p \u201cistedi\u011finizi yap\u0131n\u201d demek de\u011fildir. G\u00f6revlerini yapmad\u0131klar\u0131nda derhal tepki g\u00f6sterilmelidir. Muazzez \u0130lmiye \u00c7\u0131\u011f\u2019dan vatanda\u015fl\u0131k tepkileri\u2026 Ba\u015fbakan Recep Tayyip Erdo\u011fan\u2019a, Genelkurmay Ba\u015fkan\u0131 Necdet \u00d6zel\u2019e, Deniz Baykal\u2019a, Kemal K\u0131l\u0131\u00e7daro\u011flu\u2019na, Do\u011fu Perin\u00e7ek\u2019e, Devlet Bah\u00e7eli\u2019ye, Talat Halman\u2019a, Ertu\u011frul G\u00fcnay\u2019a, S\u00fcheyl Batum\u2019a, Birgen Kele\u015f\u2019e, \u00d6mer Din\u00e7er\u2019e, Faz\u0131l Say\u2019a, Murat Bardak\u00e7\u0131\u2019ya, Fatih Altayl\u0131&#8217;ya, Levent K\u0131rca\u2019ya, \u00c7a\u011fda\u015f Cengiz\u2019e mektuplar\u2026 Atat\u00fcrk Devrimleri, laiklik, kad\u0131n sorunu ve dil \u00fczerine yaz\u0131lar\u2026<\/p>\n","protected":false},"excerpt":{"rendered":"<p>\u015eimdiye kadar ho\u015fg\u00f6r\u00fc, demokrasi diyerek yolu a\u00e7anlar tehlikeyi ne yaz\u0131k ki g\u00f6rmediler. Onlar\u0131n arkalar\u0131nda, Cumhuriyet\u2019i y\u0131k\u0131m plan\u0131 oldu\u011funu, din devletinin de temellerinin at\u0131ld\u0131\u011f\u0131n\u0131 h\u00e2l\u00e2 alg\u0131lamayanlar var.<span class=\"excerpt-hellip\"> [\u2026]<\/span><\/p>\n","protected":false},"featured_media":0,"template":"","meta":{"_monsterinsights_skip_tracking":false,"_monsterinsights_sitenote_active":false,"_monsterinsights_sitenote_note":"","_monsterinsights_sitenote_category":0},"product_brand":[],"product_cat":[13059,12337],"product_tag":[],"class_list":{"0":"post-698197","1":"product","2":"type-product","3":"status-publish","5":"product_cat-diger-politika-siyaset","6":"product_cat-politika-siyaset","7":"pa_cilt-ciltsiz","8":"pa_tur-kitap","9":"pa_yayinevi-kaynak-yayinlari","10":"pa_yazar-muazzez-ilmiye-cig","12":"first","13":"instock","14":"sale","15":"shipping-taxable","16":"purchasable","17":"product-type-simple"},"_links":{"self":[{"href":"https:\/\/roveyayinevi.com.tr\/index.php\/wp-json\/wp\/v2\/product\/698197","targetHints":{"allow":["GET"]}}],"collection":[{"href":"https:\/\/roveyayinevi.com.tr\/index.php\/wp-json\/wp\/v2\/product"}],"about":[{"href":"https:\/\/roveyayinevi.com.tr\/index.php\/wp-json\/wp\/v2\/types\/product"}],"wp:attachment":[{"href":"https:\/\/roveyayinevi.com.tr\/index.php\/wp-json\/wp\/v2\/media?parent=698197"}],"wp:term":[{"taxonomy":"product_brand","embeddable":true,"href":"https:\/\/roveyayinevi.com.tr\/index.php\/wp-json\/wp\/v2\/product_brand?post=698197"},{"taxonomy":"product_cat","embeddable":true,"href":"https:\/\/roveyayinevi.com.tr\/index.php\/wp-json\/wp\/v2\/product_cat?post=698197"},{"taxonomy":"product_tag","embeddable":true,"href":"https:\/\/roveyayinevi.com.tr\/index.php\/wp-json\/wp\/v2\/product_tag?post=698197"}],"curies":[{"name":"wp","href":"https:\/\/api.w.org\/{rel}","templated":true}]}}