{"id":698193,"date":"2025-08-27T14:43:59","date_gmt":"2025-08-27T11:43:59","guid":{"rendered":"https:\/\/roveyayinevi.com.tr\/index.php\/urun\/psikolojik-savas-2\/"},"modified":"2026-04-16T02:07:49","modified_gmt":"2026-04-15T23:07:49","slug":"psikolojik-savas-2","status":"publish","type":"product","link":"https:\/\/roveyayinevi.com.tr\/index.php\/urun\/psikolojik-savas-2\/","title":{"rendered":"Psikolojik Sava\u015f"},"content":{"rendered":"<p>S\u00fcperNATO\u2019nun T\u00fcrkiye\u2019de sosyalist sola kar\u015f\u0131 y\u00fcr\u00fctt\u00fc\u011f\u00fc psikolojik sava\u015fta tek bir g\u00f6rev belirlenmi\u015ftir: \u0130\u015f\u00e7i Partisi\u2019ni y\u0131pratmak! \u0130\u015f\u00e7i Partisi, neredeyse 40 y\u0131ld\u0131r S\u00fcperNATO\u2019nun psikolojik sava\u015f\u0131yla bo\u011fu\u015fmaktad\u0131r. Bo\u011fu\u015fa bo\u011fu\u015fa, z\u0131rhland\u0131k. Partimizde psikolojik sava\u015fa kar\u015f\u0131 koyma ustalar\u0131 yeti\u015fti. Bu ustalar\u0131n ustas\u0131 Hasan Yal\u00e7\u0131n\u2019d\u0131r. \u00dcniversite gen\u00e7li\u011finin \u00f6nderi, halk kitlelerinin \u00f6rg\u00fctleyicisi, teorisyen, parti \u00f6nderi, parti okullar\u0131nda \u00f6\u011fretmen, hapisanedeki devrimci, Kontrgerilla merkezlerinde sorgulanan partizan olarak Hasan Yal\u00e7\u0131n, b\u00fcy\u00fck tecr\u00fcbeler kazand\u0131. K\u0131vrak zek\u00e2s\u0131yla, derin bilgisiyle, m\u00fccadele azmiyle, d\u00fcr\u00fcstl\u00fck ve ahlak\u0131yla, her \u015feyden \u00f6nce halka ve partiye ba\u011fl\u0131l\u0131\u011f\u0131yla Hasan Yal\u00e7\u0131n, psikolojik sava\u015fa kar\u015f\u0131 m\u00fccadelenin ba\u015f ustas\u0131d\u0131r. Yalanla nas\u0131l m\u00fccadele edilir? S\u0131n\u0131fl\u0131 toplumun, ikiy\u00fczl\u00fcl\u00fck ve uydurmac\u0131l\u0131k tarihinin b\u00fcy\u00fck sorular\u0131ndan biri de budur. Psikolojik sava\u015f uzmanlar\u0131na g\u00f6re yalan\u0131n binlerce se\u00e7ene\u011fi vard\u0131r; yalan\u0131n se\u00e7ene\u011fi yine yaland\u0131r. Devrimciye g\u00f6re ise, yalan\u0131n tek se\u00e7ene\u011fi bulunmaktad\u0131r: Do\u011fru! Hasan Yal\u00e7\u0131n, bu kitapta, psikolojik sava\u015fa, ancak do\u011fru bilgiyle kar\u015f\u0131 konaca\u011f\u0131n\u0131 ispatlamaktad\u0131r. Do\u011fu Perin\u00e7ek <\/p>\n","protected":false},"excerpt":{"rendered":"<p>S\u00fcperNATO\u2019nun T\u00fcrkiye\u2019de sosyalist sola kar\u015f\u0131 y\u00fcr\u00fctt\u00fc\u011f\u00fc psikolojik sava\u015fta tek bir g\u00f6rev belirlenmi\u015ftir: \u0130\u015f\u00e7i Partisi\u2019ni y\u0131pratmak! \u0130\u015f\u00e7i Partisi, neredeyse 40 y\u0131ld\u0131r S\u00fcperNATO\u2019nun psikolojik sava\u015f\u0131yla bo\u011fu\u015fmaktad\u0131r. Bo\u011fu\u015fa bo\u011fu\u015fa,<span class=\"excerpt-hellip\"> [\u2026]<\/span><\/p>\n","protected":false},"featured_media":0,"template":"","meta":{"_monsterinsights_skip_tracking":false,"_monsterinsights_sitenote_active":false,"_monsterinsights_sitenote_note":"","_monsterinsights_sitenote_category":0},"product_brand":[],"product_cat":[13059,12337],"product_tag":[],"class_list":{"0":"post-698193","1":"product","2":"type-product","3":"status-publish","5":"product_cat-diger-politika-siyaset","6":"product_cat-politika-siyaset","7":"pa_cilt-ciltsiz","8":"pa_tur-kitap","9":"pa_yayinevi-kaynak-yayinlari","10":"pa_yazar-hasan-yalcin","12":"first","13":"instock","14":"sale","15":"shipping-taxable","16":"purchasable","17":"product-type-simple"},"_links":{"self":[{"href":"https:\/\/roveyayinevi.com.tr\/index.php\/wp-json\/wp\/v2\/product\/698193","targetHints":{"allow":["GET"]}}],"collection":[{"href":"https:\/\/roveyayinevi.com.tr\/index.php\/wp-json\/wp\/v2\/product"}],"about":[{"href":"https:\/\/roveyayinevi.com.tr\/index.php\/wp-json\/wp\/v2\/types\/product"}],"wp:attachment":[{"href":"https:\/\/roveyayinevi.com.tr\/index.php\/wp-json\/wp\/v2\/media?parent=698193"}],"wp:term":[{"taxonomy":"product_brand","embeddable":true,"href":"https:\/\/roveyayinevi.com.tr\/index.php\/wp-json\/wp\/v2\/product_brand?post=698193"},{"taxonomy":"product_cat","embeddable":true,"href":"https:\/\/roveyayinevi.com.tr\/index.php\/wp-json\/wp\/v2\/product_cat?post=698193"},{"taxonomy":"product_tag","embeddable":true,"href":"https:\/\/roveyayinevi.com.tr\/index.php\/wp-json\/wp\/v2\/product_tag?post=698193"}],"curies":[{"name":"wp","href":"https:\/\/api.w.org\/{rel}","templated":true}]}}