{"id":698189,"date":"2025-08-27T14:43:58","date_gmt":"2025-08-27T11:43:58","guid":{"rendered":"https:\/\/roveyayinevi.com.tr\/index.php\/urun\/hepimiz-yamyamiz\/"},"modified":"2026-04-16T02:07:49","modified_gmt":"2026-04-15T23:07:49","slug":"hepimiz-yamyamiz","status":"publish","type":"product","link":"https:\/\/roveyayinevi.com.tr\/index.php\/urun\/hepimiz-yamyamiz\/","title":{"rendered":"Hepimiz Yamyam\u0131z"},"content":{"rendered":"<p>Claude L\u00e9vi-Strauss gibi, \u201cuzaktan bakma\u201dy\u0131 tercih etti\u011fini a\u00e7\u0131klam\u0131\u015f bir antropolog, g\u00fcnl\u00fck bir gazeteye yaz\u0131 yazacak olsayd\u0131 ortaya nas\u0131l bir toplam \u00e7\u0131kard\u0131? Bu sorunun cevab\u0131n\u0131 temsil ediyor Hepimiz Yamyam\u0131z: L\u00e9vi-Strauss\u2019un 1989-2000 y\u0131llar\u0131 aras\u0131nda \u0130talyan La Repubblica gazetesine yazd\u0131\u011f\u0131 yaz\u0131lardan olu\u015fuyor esasen. Yeri geldi\u011finde \u201cdeli dana\u201d hastal\u0131\u011f\u0131 veya Lady Diana\u2019n\u0131n \u00f6l\u00fcm\u00fc gibi g\u00fcncel konulardan hareket eden bu yaz\u0131larda, bir yandan antropolojinin ana temalar\u0131 ele al\u0131n\u0131yor, bir yandan da modernli\u011fin getirdi\u011fi \u201cyeni\u201d sorunlara daha geni\u015f bir perspektiften bak\u0131\u015flar geli\u015ftiriliyor. L\u00e9vi-Strauss\u2019un duru bir dille kaleme ald\u0131\u011f\u0131 konular aras\u0131nda ilerleme ve ilkellik, mitik d\u00fc\u015f\u00fcnce ve ensest yasa\u011f\u0131 \u00fczerine g\u00f6r\u00fc\u015fler, aile ve akrabal\u0131k ili\u015fkileri, toplu ya\u015fam\u0131n k\u00f6keni ve kad\u0131n cinselli\u011fi hakk\u0131ndaki biyolojik spek\u00fclasyonlar \u00fczerine ele\u015ftirel notlar, Noel kutlamalar\u0131n\u0131n yayg\u0131nla\u015fmas\u0131n\u0131n nedenleri veya yamyaml\u0131\u011f\u0131n Bat\u0131\u2019ya ait bir fantazi olup olmad\u0131\u011f\u0131 gibi sorular, Poussin\u2019in bir tablosu ile Amerika yerlilerinin mitoslar\u0131 aras\u0131ndaki tematik ili\u015fki yer al\u0131yor. <\/p>\n","protected":false},"excerpt":{"rendered":"<p>Claude L\u00e9vi-Strauss gibi, \u201cuzaktan bakma\u201dy\u0131 tercih etti\u011fini a\u00e7\u0131klam\u0131\u015f bir antropolog, g\u00fcnl\u00fck bir gazeteye yaz\u0131 yazacak olsayd\u0131 ortaya nas\u0131l bir toplam \u00e7\u0131kard\u0131? Bu sorunun cevab\u0131n\u0131 temsil ediyor<span class=\"excerpt-hellip\"> [\u2026]<\/span><\/p>\n","protected":false},"featured_media":0,"template":"","meta":{"_monsterinsights_skip_tracking":false,"_monsterinsights_sitenote_active":false,"_monsterinsights_sitenote_note":"","_monsterinsights_sitenote_category":0},"product_brand":[],"product_cat":[15499,13488],"product_tag":[],"class_list":{"0":"post-698189","1":"product","2":"type-product","3":"status-publish","5":"product_cat-antropoloji","6":"product_cat-toplum-ve-insan","7":"pa_cilt-ciltsiz","8":"pa_tur-kitap","9":"pa_yayinevi-metis-yayinlari","10":"pa_yazar-claude-levi-strauss","12":"first","13":"instock","14":"sale","15":"shipping-taxable","16":"purchasable","17":"product-type-simple"},"_links":{"self":[{"href":"https:\/\/roveyayinevi.com.tr\/index.php\/wp-json\/wp\/v2\/product\/698189","targetHints":{"allow":["GET"]}}],"collection":[{"href":"https:\/\/roveyayinevi.com.tr\/index.php\/wp-json\/wp\/v2\/product"}],"about":[{"href":"https:\/\/roveyayinevi.com.tr\/index.php\/wp-json\/wp\/v2\/types\/product"}],"wp:attachment":[{"href":"https:\/\/roveyayinevi.com.tr\/index.php\/wp-json\/wp\/v2\/media?parent=698189"}],"wp:term":[{"taxonomy":"product_brand","embeddable":true,"href":"https:\/\/roveyayinevi.com.tr\/index.php\/wp-json\/wp\/v2\/product_brand?post=698189"},{"taxonomy":"product_cat","embeddable":true,"href":"https:\/\/roveyayinevi.com.tr\/index.php\/wp-json\/wp\/v2\/product_cat?post=698189"},{"taxonomy":"product_tag","embeddable":true,"href":"https:\/\/roveyayinevi.com.tr\/index.php\/wp-json\/wp\/v2\/product_tag?post=698189"}],"curies":[{"name":"wp","href":"https:\/\/api.w.org\/{rel}","templated":true}]}}