{"id":698188,"date":"2025-08-27T14:43:58","date_gmt":"2025-08-27T11:43:58","guid":{"rendered":"https:\/\/roveyayinevi.com.tr\/index.php\/urun\/modern-turkiyenin-olusumu\/"},"modified":"2026-04-16T02:07:49","modified_gmt":"2026-04-15T23:07:49","slug":"modern-turkiyenin-olusumu","status":"publish","type":"product","link":"https:\/\/roveyayinevi.com.tr\/index.php\/urun\/modern-turkiyenin-olusumu\/","title":{"rendered":"Modern T\u00fcrkiye\u2019nin Olu\u015fumu"},"content":{"rendered":"<p>Ge\u00e7 d\u00f6nem Osmanl\u0131 \u0130mparatorlu\u011fu ve modern T\u00fcrkiye tarihi \u00fczerine uzman olan Feroz Ahmad bu kitab\u0131nda, T\u00fcrkiye Cumhuriyeti\u2019nin olu\u015fumunu toplumsal, siyasal ve ekonomik y\u00f6nleriyle ele al\u0131yor. Kitaptan kimi konu ba\u015fl\u0131klar\u0131 \u015f\u00f6yle: T\u00fcrkiye Askeri Bir Toplum mu?.. Osmanl\u0131 Miras\u0131&#8230; \u0130mparatorluktan Ulusa (1908-1923)&#8230; Yeni T\u00fcrkiye: Siyasal Ya\u015fam (1923-1945)&#8230; Yeni t\u00fcrkiye: Toplum ve Ekonomi (1923-1945)&#8230; \u00c7ok Parti Bilmecesi (1945-1960)&#8230; Askeri M\u00fcdahale, Kurumsal Yeniden Yap\u0131lanma ve \u0130deolojik Siyasetler (1960-1971)&#8230; Askeri M\u00fcdahale, Sosyal demokrasi ve Siyasal Ter\u00f6r (1971-1978)&#8230; Askeri M\u00fcdahele, Siyasal Ekonomik Yeniden Yap\u0131lanma (1980-1991)&#8230; T\u00fcrkiye\u2019nin Bug\u00fcn\u00fc ve Yar\u0131n\u0131&#8230; <\/p>\n","protected":false},"excerpt":{"rendered":"<p>Ge\u00e7 d\u00f6nem Osmanl\u0131 \u0130mparatorlu\u011fu ve modern T\u00fcrkiye tarihi \u00fczerine uzman olan Feroz Ahmad bu kitab\u0131nda, T\u00fcrkiye Cumhuriyeti\u2019nin olu\u015fumunu toplumsal, siyasal ve ekonomik y\u00f6nleriyle ele al\u0131yor. Kitaptan<span class=\"excerpt-hellip\"> [\u2026]<\/span><\/p>\n","protected":false},"featured_media":0,"template":"","meta":{"_monsterinsights_skip_tracking":false,"_monsterinsights_sitenote_active":false,"_monsterinsights_sitenote_note":"","_monsterinsights_sitenote_category":0},"product_brand":[],"product_cat":[12304,13493],"product_tag":[],"class_list":{"0":"post-698188","1":"product","2":"type-product","3":"status-publish","5":"product_cat-tarih","6":"product_cat-turkiye-ve-cumhuriyet-tarihi","7":"pa_cilt-ciltsiz","8":"pa_tur-kitap","9":"pa_yayinevi-kaynak-yayinlari","10":"pa_yazar-feroz-ahmad","12":"first","13":"instock","14":"sale","15":"shipping-taxable","16":"purchasable","17":"product-type-simple"},"_links":{"self":[{"href":"https:\/\/roveyayinevi.com.tr\/index.php\/wp-json\/wp\/v2\/product\/698188","targetHints":{"allow":["GET"]}}],"collection":[{"href":"https:\/\/roveyayinevi.com.tr\/index.php\/wp-json\/wp\/v2\/product"}],"about":[{"href":"https:\/\/roveyayinevi.com.tr\/index.php\/wp-json\/wp\/v2\/types\/product"}],"wp:attachment":[{"href":"https:\/\/roveyayinevi.com.tr\/index.php\/wp-json\/wp\/v2\/media?parent=698188"}],"wp:term":[{"taxonomy":"product_brand","embeddable":true,"href":"https:\/\/roveyayinevi.com.tr\/index.php\/wp-json\/wp\/v2\/product_brand?post=698188"},{"taxonomy":"product_cat","embeddable":true,"href":"https:\/\/roveyayinevi.com.tr\/index.php\/wp-json\/wp\/v2\/product_cat?post=698188"},{"taxonomy":"product_tag","embeddable":true,"href":"https:\/\/roveyayinevi.com.tr\/index.php\/wp-json\/wp\/v2\/product_tag?post=698188"}],"curies":[{"name":"wp","href":"https:\/\/api.w.org\/{rel}","templated":true}]}}