{"id":698187,"date":"2025-08-27T14:43:58","date_gmt":"2025-08-27T11:43:58","guid":{"rendered":"https:\/\/roveyayinevi.com.tr\/index.php\/urun\/leyla\/"},"modified":"2026-04-16T02:07:49","modified_gmt":"2026-04-15T23:07:49","slug":"leyla","status":"publish","type":"product","link":"https:\/\/roveyayinevi.com.tr\/index.php\/urun\/leyla\/","title":{"rendered":"Leyla"},"content":{"rendered":"<p>Bosnal\u0131 Bir K\u0131z\u0131n Y\u00fcre\u011finizi Burkacak ve T\u00fcylerinizi \u00dcrpertecek Ger\u00e7ek Hayat \u00d6yk\u00fcs\u00fc. Bosnal\u0131 Leyla b\u00fcy\u00fck bir k\u00e2busu atlatm\u0131\u015ft\u0131: Bosna\u2019daki toplama kamp\u0131nda ge\u00e7irdi\u011fi iki y\u0131l\u0131. Binlerce kad\u0131n\u0131n travma ge\u00e7irmesine neden olan sava\u015f\u0131n karanl\u0131k ve bask\u0131c\u0131 y\u00fcz\u00fcn\u00fc anlatan bir kad\u0131n&#8230; Onun isyank\u00e2r \u00f6yk\u00fcs\u00fc ve ac\u0131yla dolu dokunakl\u0131 kaderi&#8230; Bu kitab\u0131n kapa\u011f\u0131n\u0131 a\u00e7madan \u00f6nce, cehenneme a\u00e7\u0131lan bir kap\u0131n\u0131n e\u015fi\u011finde oldu\u011funuzu bilmelisiniz. \u0130nsan denilen yarat\u0131\u011f\u0131n b\u00fct\u00fcn k\u00f6t\u00fcl\u00fcklerini sergiye \u00e7\u0131kartt\u0131\u011f\u0131 bir co\u011frafyaya, Balkanlara ad\u0131m atacaks\u0131n\u0131z&#8230; Kad\u0131nlar\u0131n beden ve ruhlar\u0131n\u0131n nas\u0131l lime lime edildi\u011fini okurken insan uygarl\u0131\u011f\u0131 denilen barbarl\u0131ktan ka\u00e7\u0131p, en vah\u015fi hayvanlar\u0131n \u015fefkatli uygarl\u0131\u011f\u0131na s\u0131\u011f\u0131nmak isteyeceksiniz. -Sydsvenska Dagbladet.- Bu kadar ac\u0131 ve y\u00fcrek burkucu bir kitap okumad\u0131m. A\u011flayarak elimden b\u0131rakt\u0131\u011f\u0131m kitaba her seferinde geri d\u00f6nd\u00fcm. Korkun\u00e7 bir \u00f6yk\u00fcyd\u00fc. Bir zamanlar bas\u0131n organlar\u0131nda Yugoslavya\u2019n\u0131n ad\u0131yla birlikte duydu\u011fum \u2018etnik temizlik\u2019, \u2018toplama kamp\u0131\u2019, \u2018toplu tecav\u00fcz\u2019 gibi s\u00f6zc\u00fcklerin ne anlatt\u0131\u011f\u0131n\u0131 bu kitapla anlad\u0131m. -Allt om B\u00f6cker- Balkanlarda neler olup bitti\u011fini anlatan sars\u0131c\u0131 bir kitap. Leyla kendisinin ve ba\u015fka kad\u0131nlar\u0131n ya\u015fad\u0131klar\u0131 cehennemi hayk\u0131r\u0131yor&#8230; Bu kitab\u0131 sonuna kadar okuyup bitirmeden duram\u0131yorsunuz. -Svenska Dagbladet- E\u011fer yetkim olsa her okula insanl\u0131k dersi diye bir ders koyar ve bu kitab\u0131 herkesin okumas\u0131n\u0131 zorunlu k\u0131lard\u0131m. -Dagens Nyheter- \ufffcTan\u0131t\u0131m Metni<\/p>\n","protected":false},"excerpt":{"rendered":"<p>Bosnal\u0131 Bir K\u0131z\u0131n Y\u00fcre\u011finizi Burkacak ve T\u00fcylerinizi \u00dcrpertecek Ger\u00e7ek Hayat \u00d6yk\u00fcs\u00fc. Bosnal\u0131 Leyla b\u00fcy\u00fck bir k\u00e2busu atlatm\u0131\u015ft\u0131: Bosna\u2019daki toplama kamp\u0131nda ge\u00e7irdi\u011fi iki y\u0131l\u0131. Binlerce kad\u0131n\u0131n travma<span class=\"excerpt-hellip\"> [\u2026]<\/span><\/p>\n","protected":false},"featured_media":0,"template":"","meta":{"_monsterinsights_skip_tracking":false,"_monsterinsights_sitenote_active":false,"_monsterinsights_sitenote_note":"","_monsterinsights_sitenote_category":0},"product_brand":[],"product_cat":[12291,12711],"product_tag":[],"class_list":{"0":"post-698187","1":"product","2":"type-product","3":"status-publish","5":"product_cat-edebiyat","6":"product_cat-roman-oyku","7":"pa_tur-kitap","8":"pa_yayinevi-pegasus-yayinlari","9":"pa_yazar-alexandra-cavelius","11":"first","12":"instock","13":"sale","14":"shipping-taxable","15":"purchasable","16":"product-type-simple"},"_links":{"self":[{"href":"https:\/\/roveyayinevi.com.tr\/index.php\/wp-json\/wp\/v2\/product\/698187","targetHints":{"allow":["GET"]}}],"collection":[{"href":"https:\/\/roveyayinevi.com.tr\/index.php\/wp-json\/wp\/v2\/product"}],"about":[{"href":"https:\/\/roveyayinevi.com.tr\/index.php\/wp-json\/wp\/v2\/types\/product"}],"wp:attachment":[{"href":"https:\/\/roveyayinevi.com.tr\/index.php\/wp-json\/wp\/v2\/media?parent=698187"}],"wp:term":[{"taxonomy":"product_brand","embeddable":true,"href":"https:\/\/roveyayinevi.com.tr\/index.php\/wp-json\/wp\/v2\/product_brand?post=698187"},{"taxonomy":"product_cat","embeddable":true,"href":"https:\/\/roveyayinevi.com.tr\/index.php\/wp-json\/wp\/v2\/product_cat?post=698187"},{"taxonomy":"product_tag","embeddable":true,"href":"https:\/\/roveyayinevi.com.tr\/index.php\/wp-json\/wp\/v2\/product_tag?post=698187"}],"curies":[{"name":"wp","href":"https:\/\/api.w.org\/{rel}","templated":true}]}}