{"id":698185,"date":"2025-08-27T14:43:57","date_gmt":"2025-08-27T11:43:57","guid":{"rendered":"https:\/\/roveyayinevi.com.tr\/index.php\/urun\/intihar-2\/"},"modified":"2026-04-16T02:07:48","modified_gmt":"2026-04-15T23:07:48","slug":"intihar-2","status":"publish","type":"product","link":"https:\/\/roveyayinevi.com.tr\/index.php\/urun\/intihar-2\/","title":{"rendered":"\u0130ntihar"},"content":{"rendered":"<p>\u00c9douard Lev\u00e9, yirmi y\u0131l \u00f6nce intihar etmi\u015f, belki hayali belki de ger\u00e7ek \u00e7ocukluk arkada\u015f\u0131na uzun bir mektup niteli\u011findeki Intihar\u2019da, ya\u015famay\u0131 reddeden kahraman\u0131n\u0131n ger\u00e7ek\u00e7i bir portresini sunuyor. Yetenekleri, arzular\u0131 ve duyarl\u0131l\u0131klar\u0131yla yaz\u0131ya ta\u015f\u0131d\u0131\u011f\u0131 arkada\u015f\u0131n\u0131n intihar\u0131n\u0131 t\u00fcm a\u015famalar\u0131 ve en ince ayr\u0131nt\u0131lar\u0131yla anlat\u0131yor. Kitab\u0131 tamamlay\u0131p yay\u0131nc\u0131s\u0131na teslim ettikten sadece on g\u00fcn sonra ise kendi hayat\u0131na t\u0131pk\u0131 arkada\u015f\u0131 gibi son veren Lev\u00e9, \u0130ntihar\u2019dan sonra d\u00fcnya edebiyat\u0131n\u0131n sonsuza dek gen\u00e7 kalacak k\u00fclt yazarlar\u0131ndan biri olmu\u015ftur.<\/p>\n","protected":false},"excerpt":{"rendered":"<p>\u00c9douard Lev\u00e9, yirmi y\u0131l \u00f6nce intihar etmi\u015f, belki hayali belki de ger\u00e7ek \u00e7ocukluk arkada\u015f\u0131na uzun bir mektup niteli\u011findeki Intihar\u2019da, ya\u015famay\u0131 reddeden kahraman\u0131n\u0131n ger\u00e7ek\u00e7i bir portresini sunuyor.<span class=\"excerpt-hellip\"> [\u2026]<\/span><\/p>\n","protected":false},"featured_media":0,"template":"","meta":{"_monsterinsights_skip_tracking":false,"_monsterinsights_sitenote_active":false,"_monsterinsights_sitenote_note":"","_monsterinsights_sitenote_category":0},"product_brand":[],"product_cat":[12291,12711],"product_tag":[],"class_list":{"0":"post-698185","1":"product","2":"type-product","3":"status-publish","5":"product_cat-edebiyat","6":"product_cat-roman-oyku","7":"pa_cilt-ciltsiz","8":"pa_tur-kitap","9":"pa_yayinevi-sel-yayincilik","10":"pa_yazar-edouard-leve","12":"first","13":"instock","14":"sale","15":"shipping-taxable","16":"purchasable","17":"product-type-simple"},"_links":{"self":[{"href":"https:\/\/roveyayinevi.com.tr\/index.php\/wp-json\/wp\/v2\/product\/698185","targetHints":{"allow":["GET"]}}],"collection":[{"href":"https:\/\/roveyayinevi.com.tr\/index.php\/wp-json\/wp\/v2\/product"}],"about":[{"href":"https:\/\/roveyayinevi.com.tr\/index.php\/wp-json\/wp\/v2\/types\/product"}],"wp:attachment":[{"href":"https:\/\/roveyayinevi.com.tr\/index.php\/wp-json\/wp\/v2\/media?parent=698185"}],"wp:term":[{"taxonomy":"product_brand","embeddable":true,"href":"https:\/\/roveyayinevi.com.tr\/index.php\/wp-json\/wp\/v2\/product_brand?post=698185"},{"taxonomy":"product_cat","embeddable":true,"href":"https:\/\/roveyayinevi.com.tr\/index.php\/wp-json\/wp\/v2\/product_cat?post=698185"},{"taxonomy":"product_tag","embeddable":true,"href":"https:\/\/roveyayinevi.com.tr\/index.php\/wp-json\/wp\/v2\/product_tag?post=698185"}],"curies":[{"name":"wp","href":"https:\/\/api.w.org\/{rel}","templated":true}]}}