{"id":698179,"date":"2025-08-27T14:43:55","date_gmt":"2025-08-27T11:43:55","guid":{"rendered":"https:\/\/roveyayinevi.com.tr\/index.php\/urun\/kapitalizmde-devlet-ve-ekonomi\/"},"modified":"2026-04-16T02:07:48","modified_gmt":"2026-04-15T23:07:48","slug":"kapitalizmde-devlet-ve-ekonomi","status":"publish","type":"product","link":"https:\/\/roveyayinevi.com.tr\/index.php\/urun\/kapitalizmde-devlet-ve-ekonomi\/","title":{"rendered":"Kapitalizmde Devlet ve Ekonomi"},"content":{"rendered":"<p>Kapitalist ekonomilerde devlet m\u00fcdahalesinin bi\u00e7imi, genel olarak, \u00fc\u00e7 farkl\u0131 bak\u0131\u015f a\u00e7\u0131s\u0131yla a\u00e7\u0131klanabilir. Birinci bak\u0131\u015f a\u00e7\u0131s\u0131na g\u00f6re kamu politikas\u0131, yurtta\u015flar\u0131n demokratik yollarla (oy kullanmak suretiyle) ifade ettikleri tercihlerine ba\u011fl\u0131d\u0131r: Halk h\u00e2kimiyeti. Burada demokrasinin iktisadi teorileri ve neo-liberal teoriler \u00f6n plana \u00e7\u0131kmaktad\u0131r. \u0130kinci bak\u0131\u015f a\u00e7\u0131s\u0131 devletlerin toplumdan etkilenmedi\u011fini, otonom kurumlar oldu\u011funu, kendi \u00e7\u0131karlar\u0131na uygun \u015fekilde hareket ettiklerini savunur: Devletin h\u00e2kimiyeti. Devlet otonomisinin k\u00f6kenleri ve yap\u0131s\u0131 \u00e7o\u011funlukla Marksist temelde a\u00e7\u0131klan\u0131r. \u00dc\u00e7\u00fcnc\u00fc bak\u0131\u015f a\u00e7\u0131s\u0131 ise devletlerin hareket sahalar\u0131n\u0131n, \u00fcretken kaynaklar\u0131n \u00f6zel m\u00fclkiyetini elinde tutan ki\u015filerin \u00e7\u0131karlar\u0131nca k\u0131s\u0131tland\u0131\u011f\u0131n\u0131 iddia eder: Sermayenin h\u00e2kimiyeti. Marksist devlet teorilerinin savundu\u011fu bu bak\u0131\u015f a\u00e7\u0131s\u0131na g\u00f6re devlet y\u00f6neticilerinin \u015fahsi \u00e7\u0131karlar\u0131 ve mefhumlar\u0131 olabilir ancak istisnas\u0131z t\u00fcm h\u00fck\u00fcmetlerin hedeflerini ger\u00e7ekle\u015ftirebilme kapasitesi, sermayenin kamu iktidar\u0131nca s\u0131n\u0131rland\u0131r\u0131lm\u0131\u015ft\u0131r.Elinizdeki kitap bu bak\u0131\u015f a\u00e7\u0131lar\u0131n\u0131 olduk\u00e7a sistematik bir bi\u00e7imde inceleyip, ampirik ve mant\u0131ksal ele\u015ftirilere tabi tutmaktad\u0131r. <\/p>\n","protected":false},"excerpt":{"rendered":"<p>Kapitalist ekonomilerde devlet m\u00fcdahalesinin bi\u00e7imi, genel olarak, \u00fc\u00e7 farkl\u0131 bak\u0131\u015f a\u00e7\u0131s\u0131yla a\u00e7\u0131klanabilir. Birinci bak\u0131\u015f a\u00e7\u0131s\u0131na g\u00f6re kamu politikas\u0131, yurtta\u015flar\u0131n demokratik yollarla (oy kullanmak suretiyle) ifade ettikleri<span class=\"excerpt-hellip\"> [\u2026]<\/span><\/p>\n","protected":false},"featured_media":0,"template":"","meta":{"_monsterinsights_skip_tracking":false,"_monsterinsights_sitenote_active":false,"_monsterinsights_sitenote_note":"","_monsterinsights_sitenote_category":0},"product_brand":[],"product_cat":[13043,14144],"product_tag":[],"class_list":{"0":"post-698179","1":"product","2":"type-product","3":"status-publish","5":"product_cat-ekonomi","6":"product_cat-turkiye-ekonomisi","7":"pa_cilt-ciltsiz","8":"pa_tur-kitap","9":"pa_yayinevi-heretik-yayincilik","10":"pa_yazar-adam-przeworski","12":"first","13":"instock","14":"sale","15":"shipping-taxable","16":"purchasable","17":"product-type-simple"},"_links":{"self":[{"href":"https:\/\/roveyayinevi.com.tr\/index.php\/wp-json\/wp\/v2\/product\/698179","targetHints":{"allow":["GET"]}}],"collection":[{"href":"https:\/\/roveyayinevi.com.tr\/index.php\/wp-json\/wp\/v2\/product"}],"about":[{"href":"https:\/\/roveyayinevi.com.tr\/index.php\/wp-json\/wp\/v2\/types\/product"}],"wp:attachment":[{"href":"https:\/\/roveyayinevi.com.tr\/index.php\/wp-json\/wp\/v2\/media?parent=698179"}],"wp:term":[{"taxonomy":"product_brand","embeddable":true,"href":"https:\/\/roveyayinevi.com.tr\/index.php\/wp-json\/wp\/v2\/product_brand?post=698179"},{"taxonomy":"product_cat","embeddable":true,"href":"https:\/\/roveyayinevi.com.tr\/index.php\/wp-json\/wp\/v2\/product_cat?post=698179"},{"taxonomy":"product_tag","embeddable":true,"href":"https:\/\/roveyayinevi.com.tr\/index.php\/wp-json\/wp\/v2\/product_tag?post=698179"}],"curies":[{"name":"wp","href":"https:\/\/api.w.org\/{rel}","templated":true}]}}