{"id":698178,"date":"2025-08-27T14:43:55","date_gmt":"2025-08-27T11:43:55","guid":{"rendered":"https:\/\/roveyayinevi.com.tr\/index.php\/urun\/sosyalizm\/"},"modified":"2026-04-16T02:07:48","modified_gmt":"2026-04-15T23:07:48","slug":"sosyalizm","status":"publish","type":"product","link":"https:\/\/roveyayinevi.com.tr\/index.php\/urun\/sosyalizm\/","title":{"rendered":"Sosyalizm"},"content":{"rendered":"<p>\u201cHi\u00e7 kimse, tasarlamam\u0131\u015f oldu\u011fumuz bir \u015feyi anlama konusunda bize Mises kadar yard\u0131mc\u0131 olmam\u0131\u015ft\u0131r\u201d Friedrich A. von Hayek   20. Y\u00fczy\u0131l&#8217;\u0131n en g\u00f6ze \u00e7arpan iktisat\u00e7\u0131lar\u0131ndan ve filozoflar\u0131ndan olan Ludwig von Mises, uzun ve \u00e7ok \u00fcretken hayat\u0131 boyunca, insano\u011flunun arzulad\u0131\u011f\u0131 hedeflere ula\u015fmak \u00fczere bilin\u00e7li davran\u0131\u015fta bulundu\u011fu temel aksiyomu \u00fczerine b\u00fct\u00fcnc\u00fcl, ded\u00fcktif bir iktisat bilimi geli\u015ftirmi\u015ftir. Mises, savundu\u011fu, insan \u0131rk\u0131na uygulanabilir tek iktisat politikas\u0131n\u0131 \u015f\u00f6yle tarif eder: S\u0131n\u0131rland\u0131r\u0131lmam\u0131\u015f laissez-faire, serbest piyasalar, \u00f6zel m\u00fclkiyet hakk\u0131n\u0131n engellenmeden serbest\u00e7e kullan\u0131m\u0131 ile ki\u015filik ve m\u00fclkiyet haklar\u0131n\u0131 korumakla s\u0131n\u0131rl\u0131 y\u00f6netim.   Birinci D\u00fcnya Sava\u015f\u0131&#8217;n\u0131n sonunda sosyalizmin ve kom\u00fcnizmin Rusya ve Avrupa&#8217;da zafer kazanmas\u0131n\u0131n ard\u0131ndan, Mises, Economic Calculation in the Socialist Commonwealth (1920) adl\u0131 \u00fcnl\u00fc makalesini yazd\u0131. Makalede, sosyalist bir planlama kurulunun modern bir iktisad\u00ee sistemi planlayamayaca\u011f\u0131n\u0131; dahas\u0131 hakik\u00ee bir fiyatland\u0131rma ve maliyet sisteminin m\u00fclkiyetin m\u00fcbadelesi ve dolay\u0131s\u0131yla \u00fcretim arac\u0131 olarak \u00f6zel m\u00fclkiyeti gerektirdi\u011fi i\u00e7in sun\u00ee \u201cpiyasalar\u201d olu\u015fturmaya y\u00f6nelik hi\u00e7bir \u00e7aban\u0131n i\u015fe yaramayaca\u011f\u0131n\u0131 g\u00f6sterdi. Mises&#8217;in s\u00f6zkonusu makalesini geli\u015ftirerek yazd\u0131\u011f\u0131 Sosyalizm (1922), iktisad\u00ee oldu\u011fu kadar felsef\u00ee ve sosyolojik bir derinlik de ihtiva etmektedir.   Bu eser, sosyalizmin bug\u00fcne kadar kaleme al\u0131nan en esasl\u0131 ve tahripk\u00e2r y\u0131k\u0131m\u0131d\u0131r. Aralar\u0131nda Friedrich A. von Hayek, Wilhelm R\u00f6pke ve Lionel Robbins&#8217;in de bulundu\u011fu bir\u00e7ok \u00f6nemli iktisat\u00e7\u0131 ve filozof, bu kitap sayesinde sosyalizmle ilgili g\u00f6r\u00fc\u015flerini de\u011fi\u015ftirmi\u015ftir. <\/p>\n","protected":false},"excerpt":{"rendered":"<p>\u201cHi\u00e7 kimse, tasarlamam\u0131\u015f oldu\u011fumuz bir \u015feyi anlama konusunda bize Mises kadar yard\u0131mc\u0131 olmam\u0131\u015ft\u0131r\u201d Friedrich A. von Hayek 20. Y\u00fczy\u0131l&#8217;\u0131n en g\u00f6ze \u00e7arpan iktisat\u00e7\u0131lar\u0131ndan ve filozoflar\u0131ndan olan<span class=\"excerpt-hellip\"> [\u2026]<\/span><\/p>\n","protected":false},"featured_media":0,"template":"","meta":{"_monsterinsights_skip_tracking":false,"_monsterinsights_sitenote_active":false,"_monsterinsights_sitenote_note":"","_monsterinsights_sitenote_category":0},"product_brand":[],"product_cat":[12965,12337],"product_tag":[],"class_list":{"0":"post-698178","1":"product","2":"type-product","3":"status-publish","5":"product_cat-genel-politika","6":"product_cat-politika-siyaset","7":"pa_cilt-ciltsiz","8":"pa_tur-kitap","9":"pa_yayinevi-liberte-yayinlari","10":"pa_yazar-ludwig-von-mises","12":"first","13":"instock","14":"sale","15":"shipping-taxable","16":"purchasable","17":"product-type-simple"},"_links":{"self":[{"href":"https:\/\/roveyayinevi.com.tr\/index.php\/wp-json\/wp\/v2\/product\/698178","targetHints":{"allow":["GET"]}}],"collection":[{"href":"https:\/\/roveyayinevi.com.tr\/index.php\/wp-json\/wp\/v2\/product"}],"about":[{"href":"https:\/\/roveyayinevi.com.tr\/index.php\/wp-json\/wp\/v2\/types\/product"}],"wp:attachment":[{"href":"https:\/\/roveyayinevi.com.tr\/index.php\/wp-json\/wp\/v2\/media?parent=698178"}],"wp:term":[{"taxonomy":"product_brand","embeddable":true,"href":"https:\/\/roveyayinevi.com.tr\/index.php\/wp-json\/wp\/v2\/product_brand?post=698178"},{"taxonomy":"product_cat","embeddable":true,"href":"https:\/\/roveyayinevi.com.tr\/index.php\/wp-json\/wp\/v2\/product_cat?post=698178"},{"taxonomy":"product_tag","embeddable":true,"href":"https:\/\/roveyayinevi.com.tr\/index.php\/wp-json\/wp\/v2\/product_tag?post=698178"}],"curies":[{"name":"wp","href":"https:\/\/api.w.org\/{rel}","templated":true}]}}