{"id":698176,"date":"2025-08-27T14:43:54","date_gmt":"2025-08-27T11:43:54","guid":{"rendered":"https:\/\/roveyayinevi.com.tr\/index.php\/urun\/cogito-sayi-64-heidegger-varligin-cobani-ozel-sayi\/"},"modified":"2026-04-16T02:07:48","modified_gmt":"2026-04-15T23:07:48","slug":"cogito-sayi-64-heidegger-varligin-cobani-ozel-sayi","status":"publish","type":"product","link":"https:\/\/roveyayinevi.com.tr\/index.php\/urun\/cogito-sayi-64-heidegger-varligin-cobani-ozel-sayi\/","title":{"rendered":"Cogito Say\u0131: 64 Heidegger: Varl\u0131\u011f\u0131n \u00c7oban\u0131 \u00d6zel Say\u0131"},"content":{"rendered":"<p>Cogito\u2019dan Heidegger: Varl\u0131\u011f\u0131n \u00c7oban\u0131 Martin Heidegger &#8211; Tanr\u0131l\u0131\u011f\u0131n Men\u015fei Martin Heidegger &#8211; \u00c7ok Sevgili M\u00f6sy\u00f6 Sartre Emmanuel Levinas &#8211; Martin Heidegger ve Ontoloji Tina Chanter &#8211; Heidegger ve Feminizm Hasan \u00dcnal Nalbanto\u011flu &#8211; Manip\u00fclatif D\u00fczen &#8211; Dev\u00e2s\u00e2l\u0131k &#8211; Amerikanla\u015fma \/ [Machenschaft &#8211; Gigantomachia &#8211; Amerikanismus] Kaan H. \u00d6kten &#8211; Giri\u015f\u2019e Giri\u015f: Varl\u0131k ve Zaman\u2019\u0131n Giri\u015f K\u0131sm\u0131 Hakk\u0131nda Notlar Zeynep Direk &#8211; Heidegger\u2019in Sanat Anlay\u0131\u015f\u0131 Sevgi \u0130yi &#8211; Heidegger\u2019de Logos un Yeri H. B\u00fclent G\u00f6zk\u00e2n &#8211; Kant\u2019tan Heidegger\u2019e Varl\u0131\u011f\u0131n Anlam\u0131 Meselesi S\u00f6yle\u015fi: Frederick Olafson &#8211; Herbert Marcuse &#8211; Heidegger ve Siyaset Eda Keskin &#8211; Varl\u0131k ve Zaman\u2019daki Yabanc\u0131la\u015fma Kavram\u0131n\u0131n Marksist Bir Analizi Ani Ceylan \u00d6ner &#8211; B\u00fct\u00fcn B\u00fcy\u00fck \u015eeyler F\u0131rt\u0131nada Durur Murat Arpac\u0131 &#8211; Yurtsuz Zoon Politikon Olarak \u0130nsan Elif \u00c7\u0131rakman &#8211; \u0130mgelemin I\u015f\u0131\u011f\u0131nda: Heidegger\u2019de \u00d6zg\u00fcrl\u00fck ve Zaman \u00d6zge Ejder &#8211; Heidegger D\u00fc\u015f\u00fcncesinde S\u0131k\u0131nt\u0131 Kavram\u0131 \u00dczerinden Modernite Ele\u015ftirisi Eda \u00c7a\u00e7a &#8211; Dasein\u2019\u0131n Yaln\u0131zl\u0131\u011f\u0131n\u0131n Yazg\u0131ya Vecibesi Michael E. Zimmerman &#8211; Heidegger\u2019in Nietzsche Yorumunun Geli\u015fimi Kurtul G\u00fclen\u00e7 &#8211; Bilim, D\u00fc\u015f\u00fcnme ve Varl\u0131k: Heidegger\u2019de Fenomenolojik Hermeneutik S\u00fcreyya Su &#8211; Varl\u0131k ve Sanat Kronoloji \ufffc<\/p>\n","protected":false},"excerpt":{"rendered":"<p>Cogito\u2019dan Heidegger: Varl\u0131\u011f\u0131n \u00c7oban\u0131 Martin Heidegger &#8211; Tanr\u0131l\u0131\u011f\u0131n Men\u015fei Martin Heidegger &#8211; \u00c7ok Sevgili M\u00f6sy\u00f6 Sartre Emmanuel Levinas &#8211; Martin Heidegger ve Ontoloji Tina Chanter &#8211;<span class=\"excerpt-hellip\"> [\u2026]<\/span><\/p>\n","protected":false},"featured_media":0,"template":"","meta":{"_monsterinsights_skip_tracking":false,"_monsterinsights_sitenote_active":false,"_monsterinsights_sitenote_note":"","_monsterinsights_sitenote_category":0},"product_brand":[],"product_cat":[30023,13527],"product_tag":[],"class_list":{"0":"post-698176","1":"product","2":"type-product","3":"status-publish","5":"product_cat-edebiyat-sureli-yayinlar","6":"product_cat-sureli-yayinlar","7":"pa_cilt-ciltsiz","8":"pa_tur-dergi","9":"pa_yayinevi-yapi-kredi-yayinlari-dergi","10":"pa_yazar-kolektif","12":"first","13":"instock","14":"sale","15":"shipping-taxable","16":"purchasable","17":"product-type-simple"},"_links":{"self":[{"href":"https:\/\/roveyayinevi.com.tr\/index.php\/wp-json\/wp\/v2\/product\/698176","targetHints":{"allow":["GET"]}}],"collection":[{"href":"https:\/\/roveyayinevi.com.tr\/index.php\/wp-json\/wp\/v2\/product"}],"about":[{"href":"https:\/\/roveyayinevi.com.tr\/index.php\/wp-json\/wp\/v2\/types\/product"}],"wp:attachment":[{"href":"https:\/\/roveyayinevi.com.tr\/index.php\/wp-json\/wp\/v2\/media?parent=698176"}],"wp:term":[{"taxonomy":"product_brand","embeddable":true,"href":"https:\/\/roveyayinevi.com.tr\/index.php\/wp-json\/wp\/v2\/product_brand?post=698176"},{"taxonomy":"product_cat","embeddable":true,"href":"https:\/\/roveyayinevi.com.tr\/index.php\/wp-json\/wp\/v2\/product_cat?post=698176"},{"taxonomy":"product_tag","embeddable":true,"href":"https:\/\/roveyayinevi.com.tr\/index.php\/wp-json\/wp\/v2\/product_tag?post=698176"}],"curies":[{"name":"wp","href":"https:\/\/api.w.org\/{rel}","templated":true}]}}