{"id":698173,"date":"2025-08-27T14:43:53","date_gmt":"2025-08-27T11:43:53","guid":{"rendered":"https:\/\/roveyayinevi.com.tr\/index.php\/urun\/pendname\/"},"modified":"2026-04-16T02:07:48","modified_gmt":"2026-04-15T23:07:48","slug":"pendname","status":"publish","type":"product","link":"https:\/\/roveyayinevi.com.tr\/index.php\/urun\/pendname\/","title":{"rendered":"Pendname"},"content":{"rendered":"<p>Mevl\u00e2na\u2019n\u0131n \u00fcstad\u0131 olarak kabul etti\u011fi Ferid\u00fcddin Attar\u2019\u0131n bu eseri, genel bir bak\u0131\u015fla \u0130sl\u00e2m\u00ee bir temeledayanan ahl\u00e2k ve \u00e2dap kaidelerini k\u0131sa form\u00fcller halinde gen\u00e7li\u011fe a\u015f\u0131lamak maksad\u0131yla yaz\u0131lm\u0131\u015f didaktik bireserdir. Ancak i\u00e7ine her seviyeye hitap eden m\u00fcsbet ve kuvvetli fikirlerin de serpi\u015ftirilmi\u015f oldu\u011funag\u00f6re uzun bir tecr\u00fcbenin derin bir bilginin rehberli\u011fiyle pratik hayatta bahtiyar ge\u00e7inmenin s\u0131rlar\u0131n\u0131 da\u00f6\u011fretmektedir.As\u0131rlar boyunca \u015eark-\u0130sl\u00e2m \u00fclkelerinde hemen her s\u0131n\u0131f halk tabakas\u0131 aras\u0131nda geni\u015f ve derin bir etkiyaratm\u0131\u015f olan Pendn\u00e2me\u2019nin bir\u00e7ok par\u00e7alar\u0131 ge\u00e7en nesillerin h\u00e2f\u0131zas\u0131nda ya\u015fad\u0131\u011f\u0131 gibi bug\u00fcn\u00fcn orta ya\u015fl\u0131ayd\u0131nlar\u0131 da bunu ruh ve ahl\u00e2k e\u011fitimi bak\u0131m\u0131ndan de\u011ferli bir vesika olarak tan\u0131m\u0131\u015ft\u0131r. \u0130sl\u00e2m\u00ee ve tasavvuf\u00eebir g\u00f6r\u00fc\u015fe dayanan pratik ahl\u00e2k kurallar\u0131n\u0131, insanl\u0131k duygular\u0131n\u0131 be\u015fer\u00ee faziletlerle mua\u015feret usullerini,hatta en basit ya\u015fay\u0131\u015f tarzlar\u0131n\u0131 kuvvetli ve \u00e2henkli bir mesnevi kal\u0131b\u0131 i\u00e7inde vecizelendiren bu k\u00fc\u00e7\u00fck eser,kendi nev\u2019inden en m\u00fckemmel \u00f6rnektir.<\/p>\n","protected":false},"excerpt":{"rendered":"<p>Mevl\u00e2na\u2019n\u0131n \u00fcstad\u0131 olarak kabul etti\u011fi Ferid\u00fcddin Attar\u2019\u0131n bu eseri, genel bir bak\u0131\u015fla \u0130sl\u00e2m\u00ee bir temeledayanan ahl\u00e2k ve \u00e2dap kaidelerini k\u0131sa form\u00fcller halinde gen\u00e7li\u011fe a\u015f\u0131lamak maksad\u0131yla yaz\u0131lm\u0131\u015f<span class=\"excerpt-hellip\"> [\u2026]<\/span><\/p>\n","protected":false},"featured_media":0,"template":"","meta":{"_monsterinsights_skip_tracking":false,"_monsterinsights_sitenote_active":false,"_monsterinsights_sitenote_note":"","_monsterinsights_sitenote_category":0},"product_brand":[],"product_cat":[12718,12719,15238],"product_tag":[],"class_list":{"0":"post-698173","1":"product","2":"type-product","3":"status-publish","5":"product_cat-din","6":"product_cat-islam","7":"product_cat-tasavvuf","8":"pa_cilt-ciltsiz","9":"pa_tur-kitap","10":"pa_yayinevi-atac-yayinlari","11":"pa_yazar-feriduddin-i-attar","13":"first","14":"instock","15":"sale","16":"shipping-taxable","17":"purchasable","18":"product-type-simple"},"_links":{"self":[{"href":"https:\/\/roveyayinevi.com.tr\/index.php\/wp-json\/wp\/v2\/product\/698173","targetHints":{"allow":["GET"]}}],"collection":[{"href":"https:\/\/roveyayinevi.com.tr\/index.php\/wp-json\/wp\/v2\/product"}],"about":[{"href":"https:\/\/roveyayinevi.com.tr\/index.php\/wp-json\/wp\/v2\/types\/product"}],"wp:attachment":[{"href":"https:\/\/roveyayinevi.com.tr\/index.php\/wp-json\/wp\/v2\/media?parent=698173"}],"wp:term":[{"taxonomy":"product_brand","embeddable":true,"href":"https:\/\/roveyayinevi.com.tr\/index.php\/wp-json\/wp\/v2\/product_brand?post=698173"},{"taxonomy":"product_cat","embeddable":true,"href":"https:\/\/roveyayinevi.com.tr\/index.php\/wp-json\/wp\/v2\/product_cat?post=698173"},{"taxonomy":"product_tag","embeddable":true,"href":"https:\/\/roveyayinevi.com.tr\/index.php\/wp-json\/wp\/v2\/product_tag?post=698173"}],"curies":[{"name":"wp","href":"https:\/\/api.w.org\/{rel}","templated":true}]}}