{"id":698169,"date":"2025-08-27T14:43:52","date_gmt":"2025-08-27T11:43:52","guid":{"rendered":"https:\/\/roveyayinevi.com.tr\/index.php\/urun\/napolyonun-dugmeleri\/"},"modified":"2026-04-16T02:07:48","modified_gmt":"2026-04-15T23:07:48","slug":"napolyonun-dugmeleri","status":"publish","type":"product","link":"https:\/\/roveyayinevi.com.tr\/index.php\/urun\/napolyonun-dugmeleri\/","title":{"rendered":"Napolyon&#8217;un D\u00fc\u011fmeleri"},"content":{"rendered":"<p>Napolyon&#8217;un D\u00fc\u011fmeleri insanl\u0131k tarihini de\u011fi\u015ftiren on yedi molek\u00fcl ve bile\u015fi\u011fin hem hik\u00e2yelerini hem de kimyasal yap\u0131lar\u0131n\u0131 anlatan, b\u00f6ylece kimyayla tarihi harmanlayan bir kitap. Ele al\u0131nan molek\u00fcller g\u00fcndelik hayatta s\u0131k s\u0131k kulland\u0131\u011f\u0131m\u0131z ya da kullan\u0131ld\u0131\u011f\u0131na tan\u0131k oldu\u011fumuz maddelerin (baharatlar, C vitamini, \u015feker, ipek ve naylon, boyalar, aspirin, do\u011fum kontrol hap\u0131, morfin-nikotin-kafein, zeytinya\u011f\u0131, tuz vs.) yap\u0131ta\u015flar\u0131n\u0131 olu\u015fturuyor. Bize gayet s\u0131radan g\u00f6r\u00fcnen, varl\u0131klar\u0131na fazlas\u0131yla al\u0131\u015ft\u0131\u011f\u0131m\u0131z bu maddelerin ge\u00e7mi\u015fte ne kadar \u00f6nemli olaylar\u0131 tetikledi\u011fini \u00f6\u011freniyoruz: co\u011frafi ke\u015fifler ve g\u00f6\u00e7ler, s\u00f6m\u00fcrgecilik ve k\u00f6lelik, t\u0131p ve m\u00fchendislikte kaydedilen devrim niteli\u011finde geli\u015fmeler, toplumsal cinsiyet rollerinin ve k\u00fclt\u00fcrel yap\u0131lar\u0131n d\u00f6n\u00fc\u015f\u00fcm\u00fc, do\u011fal \u00e7evrede meydana gelen ciddi tahribat\u2026 \u0130nsanlar\u0131n bu maddeleri elde etmek i\u00e7in neleri g\u00f6ze ald\u0131\u011f\u0131n\u0131, bu s\u00fcre\u00e7te tesad\u00fcflerin ne kadar b\u00fcy\u00fck bir rol oynad\u0131\u011f\u0131n\u0131 g\u00f6r\u00fcyoruz. <\/p>\n","protected":false},"excerpt":{"rendered":"<p>Napolyon&#8217;un D\u00fc\u011fmeleri insanl\u0131k tarihini de\u011fi\u015ftiren on yedi molek\u00fcl ve bile\u015fi\u011fin hem hik\u00e2yelerini hem de kimyasal yap\u0131lar\u0131n\u0131 anlatan, b\u00f6ylece kimyayla tarihi harmanlayan bir kitap. Ele al\u0131nan molek\u00fcller<span class=\"excerpt-hellip\"> [\u2026]<\/span><\/p>\n","protected":false},"featured_media":0,"template":"","meta":{"_monsterinsights_skip_tracking":false,"_monsterinsights_sitenote_active":false,"_monsterinsights_sitenote_note":"","_monsterinsights_sitenote_category":0},"product_brand":[],"product_cat":[13005,15998],"product_tag":[],"class_list":{"0":"post-698169","1":"product","2":"type-product","3":"status-publish","5":"product_cat-bilim-muhendislik","6":"product_cat-bilim-tarihi","7":"pa_cilt-ciltsiz","8":"pa_tur-kitap","9":"pa_yayinevi-metis-yayinlari","10":"pa_yazar-penny-le-couteur-ve-jay-burreson","12":"first","13":"instock","14":"sale","15":"shipping-taxable","16":"purchasable","17":"product-type-simple"},"_links":{"self":[{"href":"https:\/\/roveyayinevi.com.tr\/index.php\/wp-json\/wp\/v2\/product\/698169","targetHints":{"allow":["GET"]}}],"collection":[{"href":"https:\/\/roveyayinevi.com.tr\/index.php\/wp-json\/wp\/v2\/product"}],"about":[{"href":"https:\/\/roveyayinevi.com.tr\/index.php\/wp-json\/wp\/v2\/types\/product"}],"wp:attachment":[{"href":"https:\/\/roveyayinevi.com.tr\/index.php\/wp-json\/wp\/v2\/media?parent=698169"}],"wp:term":[{"taxonomy":"product_brand","embeddable":true,"href":"https:\/\/roveyayinevi.com.tr\/index.php\/wp-json\/wp\/v2\/product_brand?post=698169"},{"taxonomy":"product_cat","embeddable":true,"href":"https:\/\/roveyayinevi.com.tr\/index.php\/wp-json\/wp\/v2\/product_cat?post=698169"},{"taxonomy":"product_tag","embeddable":true,"href":"https:\/\/roveyayinevi.com.tr\/index.php\/wp-json\/wp\/v2\/product_tag?post=698169"}],"curies":[{"name":"wp","href":"https:\/\/api.w.org\/{rel}","templated":true}]}}