{"id":698167,"date":"2025-08-27T14:43:52","date_gmt":"2025-08-27T11:43:52","guid":{"rendered":"https:\/\/roveyayinevi.com.tr\/index.php\/urun\/uzak-akrabalar-fasizm-nasyonalsosyalizmnew-deal-1933-1939\/"},"modified":"2026-04-16T02:07:48","modified_gmt":"2026-04-15T23:07:48","slug":"uzak-akrabalar-fasizm-nasyonalsosyalizmnew-deal-1933-1939","status":"publish","type":"product","link":"https:\/\/roveyayinevi.com.tr\/index.php\/urun\/uzak-akrabalar-fasizm-nasyonalsosyalizmnew-deal-1933-1939\/","title":{"rendered":"Uzak Akrabalar: Fa\u015fizm, Nasyonalsosyalizm,New Deal, 1933-1939"},"content":{"rendered":"<p>Hitler ve Mussolini\u2019yi yan yana d\u00fc\u015f\u00fcnmek ola\u011fan, peki ya onlar\u0131Roosevelt\u2019le birlikte d\u00fc\u015f\u00fcnmek?Fa\u015fizm ve nasyonalsosyalizm rejimlerini birlikte anmaya al\u0131\u015f\u0131\u011f\u0131z, pekiABD\u2019nin iki d\u00fcnya sava\u015f\u0131 aras\u0131 d\u00f6nemde izledi\u011fi New Deal rejiminionlarla ayn\u0131 s\u0131raya koyabilir miyiz?Uzak Akrabalar, fa\u015fist-totaliter rejimlerle liberal-demokratik rejimleriayn\u0131 kaba koymaks\u0131z\u0131n, 1930\u2019lardaki \u015fa\u015f\u0131rt\u0131c\u0131 ortak noktalar\u0131n\u0131g\u00f6steriyor bize: Topyek\u00fbn sava\u015fa ayarlanm\u0131\u015f toplum ve ekonomid\u00fczeni; kitleleri \u201cavcunun i\u00e7ine almaya\u201d d\u00f6n\u00fck propaganda teknikleri;lider k\u00fclt\u00fc; dev ekonomik projeler; an\u0131tsall\u0131\u011fa olan d\u00fc\u015fk\u00fcnl\u00fck; k\u0131r-kent, bah\u00e7e-\u015fehir idilleri ve topra\u011fa d\u00f6n\u00fc\u015f mitolojileri&#8230;Bu rejimlerin s\u00fcrekli birbirlerini g\u00f6zlediklerini, bir yandan ele\u015ftirir veyak\u0131narken, bir yandan birbirlerinden emsal de ald\u0131klar\u0131n\u0131 g\u00f6r\u00fcyoruz.Tarih\u00e7i Wolfgang Schivelbusch, bu \u00e7arp\u0131c\u0131 mukayeseyi yaparken, sonderece canl\u0131 \u00f6rneklerle, kapitalizmin 1930\u2019lardaki b\u00fcy\u00fck krizini ved\u00f6n\u00fc\u015f\u00fcm\u00fcn\u00fc ortaya koyuyor. Bill\u00fbr gibi bir zaman\u0131n ruhu kitab\u0131&#8230; <\/p>\n","protected":false},"excerpt":{"rendered":"<p>Hitler ve Mussolini\u2019yi yan yana d\u00fc\u015f\u00fcnmek ola\u011fan, peki ya onlar\u0131Roosevelt\u2019le birlikte d\u00fc\u015f\u00fcnmek?Fa\u015fizm ve nasyonalsosyalizm rejimlerini birlikte anmaya al\u0131\u015f\u0131\u011f\u0131z, pekiABD\u2019nin iki d\u00fcnya sava\u015f\u0131 aras\u0131 d\u00f6nemde izledi\u011fi New<span class=\"excerpt-hellip\"> [\u2026]<\/span><\/p>\n","protected":false},"featured_media":0,"template":"","meta":{"_monsterinsights_skip_tracking":false,"_monsterinsights_sitenote_active":false,"_monsterinsights_sitenote_note":"","_monsterinsights_sitenote_category":0},"product_brand":[],"product_cat":[12364],"product_tag":[],"class_list":{"0":"post-698167","1":"product","2":"type-product","3":"status-publish","5":"product_cat-genel-konular","6":"pa_tur-kitap","7":"pa_yayinevi-iletisim-yayinlari","8":"pa_yazar-wolfgang-schivelbusch","10":"first","11":"instock","12":"sale","13":"shipping-taxable","14":"purchasable","15":"product-type-simple"},"_links":{"self":[{"href":"https:\/\/roveyayinevi.com.tr\/index.php\/wp-json\/wp\/v2\/product\/698167","targetHints":{"allow":["GET"]}}],"collection":[{"href":"https:\/\/roveyayinevi.com.tr\/index.php\/wp-json\/wp\/v2\/product"}],"about":[{"href":"https:\/\/roveyayinevi.com.tr\/index.php\/wp-json\/wp\/v2\/types\/product"}],"wp:attachment":[{"href":"https:\/\/roveyayinevi.com.tr\/index.php\/wp-json\/wp\/v2\/media?parent=698167"}],"wp:term":[{"taxonomy":"product_brand","embeddable":true,"href":"https:\/\/roveyayinevi.com.tr\/index.php\/wp-json\/wp\/v2\/product_brand?post=698167"},{"taxonomy":"product_cat","embeddable":true,"href":"https:\/\/roveyayinevi.com.tr\/index.php\/wp-json\/wp\/v2\/product_cat?post=698167"},{"taxonomy":"product_tag","embeddable":true,"href":"https:\/\/roveyayinevi.com.tr\/index.php\/wp-json\/wp\/v2\/product_tag?post=698167"}],"curies":[{"name":"wp","href":"https:\/\/api.w.org\/{rel}","templated":true}]}}