{"id":698159,"date":"2025-08-27T14:43:49","date_gmt":"2025-08-27T11:43:49","guid":{"rendered":"https:\/\/roveyayinevi.com.tr\/index.php\/urun\/1-siniflar-icin-degerler-egitimi-dizisi-15-kitap\/"},"modified":"2026-04-16T02:07:48","modified_gmt":"2026-04-15T23:07:48","slug":"1-siniflar-icin-degerler-egitimi-dizisi-15-kitap","status":"publish","type":"product","link":"https:\/\/roveyayinevi.com.tr\/index.php\/urun\/1-siniflar-icin-degerler-egitimi-dizisi-15-kitap\/","title":{"rendered":"1.S\u0131n\u0131flar \u0130\u00e7in De\u011ferler E\u011fitimi Dizisi &#8211; 15 kitap"},"content":{"rendered":"<p>\u00c7ocuklar\u0131m\u0131z\u0131n sosyal, duygusal ve dil geli\u015fimlerine katk\u0131 sa\u011flamak amac\u0131yla haz\u0131rlanan hikayelerde 13 evrensel de\u011fer i\u015flenmi\u015ftir. Milli E\u011fitim Bakanl\u0131\u011f\u0131n\u0131n De\u011ferler E\u011fitimi Genelgesine uygun, \u00f6\u011frenci odakl\u0131 bu sette 15 hikaye kitab\u0131 bulunmaktad\u0131r.<\/p>\n","protected":false},"excerpt":{"rendered":"<p>\u00c7ocuklar\u0131m\u0131z\u0131n sosyal, duygusal ve dil geli\u015fimlerine katk\u0131 sa\u011flamak amac\u0131yla haz\u0131rlanan hikayelerde 13 evrensel de\u011fer i\u015flenmi\u015ftir. Milli E\u011fitim Bakanl\u0131\u011f\u0131n\u0131n De\u011ferler E\u011fitimi Genelgesine uygun, \u00f6\u011frenci odakl\u0131 bu sette<span class=\"excerpt-hellip\"> [\u2026]<\/span><\/p>\n","protected":false},"featured_media":0,"template":"","meta":{"_monsterinsights_skip_tracking":false,"_monsterinsights_sitenote_active":false,"_monsterinsights_sitenote_note":"","_monsterinsights_sitenote_category":0},"product_brand":[],"product_cat":[12274,12631],"product_tag":[],"class_list":{"0":"post-698159","1":"product","2":"type-product","3":"status-publish","5":"product_cat-cocuk-ve-genclik-kitaplari","6":"product_cat-diger-cocuk-ve-genclik-kitaplari","7":"pa_cilt-ciltsiz","8":"pa_tur-kitap","9":"pa_yayinevi-erdem-cocuk","10":"pa_yazar-kollektif","12":"first","13":"instock","14":"sale","15":"shipping-taxable","16":"purchasable","17":"product-type-simple"},"_links":{"self":[{"href":"https:\/\/roveyayinevi.com.tr\/index.php\/wp-json\/wp\/v2\/product\/698159","targetHints":{"allow":["GET"]}}],"collection":[{"href":"https:\/\/roveyayinevi.com.tr\/index.php\/wp-json\/wp\/v2\/product"}],"about":[{"href":"https:\/\/roveyayinevi.com.tr\/index.php\/wp-json\/wp\/v2\/types\/product"}],"wp:attachment":[{"href":"https:\/\/roveyayinevi.com.tr\/index.php\/wp-json\/wp\/v2\/media?parent=698159"}],"wp:term":[{"taxonomy":"product_brand","embeddable":true,"href":"https:\/\/roveyayinevi.com.tr\/index.php\/wp-json\/wp\/v2\/product_brand?post=698159"},{"taxonomy":"product_cat","embeddable":true,"href":"https:\/\/roveyayinevi.com.tr\/index.php\/wp-json\/wp\/v2\/product_cat?post=698159"},{"taxonomy":"product_tag","embeddable":true,"href":"https:\/\/roveyayinevi.com.tr\/index.php\/wp-json\/wp\/v2\/product_tag?post=698159"}],"curies":[{"name":"wp","href":"https:\/\/api.w.org\/{rel}","templated":true}]}}