{"id":698154,"date":"2025-08-27T14:43:48","date_gmt":"2025-08-27T11:43:48","guid":{"rendered":"https:\/\/roveyayinevi.com.tr\/index.php\/urun\/ekonomik-teori-ve-analizin-tarihi\/"},"modified":"2026-04-16T02:07:48","modified_gmt":"2026-04-15T23:07:48","slug":"ekonomik-teori-ve-analizin-tarihi","status":"publish","type":"product","link":"https:\/\/roveyayinevi.com.tr\/index.php\/urun\/ekonomik-teori-ve-analizin-tarihi\/","title":{"rendered":"Ekonomik Teori ve Analizin Tarihi"},"content":{"rendered":"<p>Sosyal bilimler kategorisi i\u00e7erisinde say\u0131lan ekonomi bilimi, modern anlam\u0131yla insan\u0131n ekonomik davran\u0131\u015flar\u0131n\u0131 piyasa mekanizmas\u0131 i\u00e7erisinde inceler. Smith ve di\u011fer kl\u00e2sik ekonomistlerde ve Marshall\u2019da g\u00f6rd\u00fc\u011f\u00fcm\u00fcz bu anlay\u0131\u015f, ekonomik teori ve analizin tarihi ile ilgili \u00f6nemli bir s\u0131n\u0131rlamay\u0131 da zorunlu olarak ortaya koymaktad\u0131r. Yani insan\u0131n ekonomik davran\u0131\u015f\u0131 ile piyasa mekanizmas\u0131 veya kavram\u0131n\u0131n birlikte d\u00fc\u015f\u00fcn\u00fclmesi. Bu anlamda modern ekonomik teori ve analizin, Smith\u2019in piyasa mekanizmas\u0131n\u0131n d\u00fczenleyici rol\u00fcn\u00fc ke\u015ffetmesiyle ba\u015flad\u0131\u011f\u0131 genelde kabul edilir. Bu \u00e7izgide kl\u00e2sik ve neokl\u00e2sik ekonomistlerin \u00e7al\u0131\u015fmalar\u0131n\u0131n ortaya koydu\u011fu d\u00fc\u015f\u00fcnce, teori ve analizlerdeki geli\u015fmeler b\u00fcy\u00fck \u00f6l\u00e7\u00fcde bu kitab\u0131n konusu olmu\u015ftur. Bu ortodoks \u00e7izgi d\u0131\u015f\u0131nda piyasa mekanizmas\u0131n\u0131n yetersizli\u011fini, alternatiflerini, ekonominin di\u011fer sosyal bilimler ve kurumsal yap\u0131 ile ili\u015fkisini \u00f6ne \u00e7\u0131karan heterodoks \u00e7izgideki \u00e7al\u0131\u015fmalar da dengeli bir \u015fekilde kitap kapsam\u0131na al\u0131nm\u0131\u015ft\u0131r.Kitapta Smith\u2019in Wealth of Nations\u2019\u0131, modern ekonomik teori ve analizin ba\u015flang\u0131\u00e7 tarihi olarak kabul edilmi\u015ftir ve a\u011f\u0131rl\u0131kl\u0131 olarak bu tarihten sonras\u0131 incelenmi\u015ftir. Ancak Smith\u2019e temel olu\u015fturan, Antik Yunan d\u00f6nemine kadar uzanan tarihsel, sosyal ve ekonomik analizde kullan\u0131lan \u00f6nemli kavramlarla ve yakla\u015f\u0131mlarla ilgili entelekt\u00fcel birikim de kapsam i\u00e7erisine al\u0131nmaya \u00e7al\u0131\u015f\u0131lm\u0131\u015ft\u0131r.Kitapta teori ve analize katk\u0131lar, olabildi\u011fince matematik tekniklerine dayal\u0131 \u00e7\u0131karsama ve kan\u0131tlamalara girmeden, yal\u0131n halleriyle, dayand\u0131klar\u0131 vizyon ve esaslar dikkate al\u0131narak aktar\u0131lmaya \u00e7al\u0131\u015f\u0131lm\u0131\u015ft\u0131r. Dolay\u0131s\u0131yla kitap, matematik ve teknik ayr\u0131nt\u0131lardan olabildi\u011fince ar\u0131nd\u0131r\u0131larak haz\u0131rlanm\u0131\u015ft\u0131r. Bu haliyle \u00e7al\u0131\u015fman\u0131n; ekonomi bilimine a\u015final\u0131\u011f\u0131 bulunan, ba\u015flang\u0131\u00e7 d\u00fczeyinde ekonomi bilgisi sahibi herkes taraf\u0131ndan, en az\u0131ndan \u00e7o\u011fu b\u00f6l\u00fcmlerinin, rahatl\u0131kla okunup de\u011ferlendirilebilece\u011fini d\u00fc\u015f\u00fcnmekteyim. <\/p>\n","protected":false},"excerpt":{"rendered":"<p>Sosyal bilimler kategorisi i\u00e7erisinde say\u0131lan ekonomi bilimi, modern anlam\u0131yla insan\u0131n ekonomik davran\u0131\u015flar\u0131n\u0131 piyasa mekanizmas\u0131 i\u00e7erisinde inceler. Smith ve di\u011fer kl\u00e2sik ekonomistlerde ve Marshall\u2019da g\u00f6rd\u00fc\u011f\u00fcm\u00fcz bu anlay\u0131\u015f,<span class=\"excerpt-hellip\"> [\u2026]<\/span><\/p>\n","protected":false},"featured_media":0,"template":"","meta":{"_monsterinsights_skip_tracking":false,"_monsterinsights_sitenote_active":false,"_monsterinsights_sitenote_note":"","_monsterinsights_sitenote_category":0},"product_brand":[],"product_cat":[12573,12566],"product_tag":[],"class_list":{"0":"post-698154","1":"product","2":"type-product","3":"status-publish","5":"product_cat-akademik-kitaplar","6":"product_cat-egitim","7":"pa_tur-kitap","8":"pa_yayinevi-efil-yayinevi","9":"pa_yazar-ahmet-ertugrul","11":"first","12":"instock","13":"sale","14":"shipping-taxable","15":"purchasable","16":"product-type-simple"},"_links":{"self":[{"href":"https:\/\/roveyayinevi.com.tr\/index.php\/wp-json\/wp\/v2\/product\/698154","targetHints":{"allow":["GET"]}}],"collection":[{"href":"https:\/\/roveyayinevi.com.tr\/index.php\/wp-json\/wp\/v2\/product"}],"about":[{"href":"https:\/\/roveyayinevi.com.tr\/index.php\/wp-json\/wp\/v2\/types\/product"}],"wp:attachment":[{"href":"https:\/\/roveyayinevi.com.tr\/index.php\/wp-json\/wp\/v2\/media?parent=698154"}],"wp:term":[{"taxonomy":"product_brand","embeddable":true,"href":"https:\/\/roveyayinevi.com.tr\/index.php\/wp-json\/wp\/v2\/product_brand?post=698154"},{"taxonomy":"product_cat","embeddable":true,"href":"https:\/\/roveyayinevi.com.tr\/index.php\/wp-json\/wp\/v2\/product_cat?post=698154"},{"taxonomy":"product_tag","embeddable":true,"href":"https:\/\/roveyayinevi.com.tr\/index.php\/wp-json\/wp\/v2\/product_tag?post=698154"}],"curies":[{"name":"wp","href":"https:\/\/api.w.org\/{rel}","templated":true}]}}