{"id":698146,"date":"2025-08-27T14:43:46","date_gmt":"2025-08-27T11:43:46","guid":{"rendered":"https:\/\/roveyayinevi.com.tr\/index.php\/urun\/ask-neden-bu-kadar-zordur-ve-yine-de-nasil-mumkun-olur\/"},"modified":"2026-04-16T02:07:48","modified_gmt":"2026-04-15T23:07:48","slug":"ask-neden-bu-kadar-zordur-ve-yine-de-nasil-mumkun-olur","status":"publish","type":"product","link":"https:\/\/roveyayinevi.com.tr\/index.php\/urun\/ask-neden-bu-kadar-zordur-ve-yine-de-nasil-mumkun-olur\/","title":{"rendered":"A\u015fk: Neden Bu Kadar Zordur ve Yine de Nas\u0131l M\u00fcmk\u00fcn Olur?"},"content":{"rendered":"<p>A\u015fk, insanl\u0131k tarihinin en eski kavramlar\u0131ndan biri. Arkada\u015f sohbetlerinin, romanlar\u0131n, filmlerin vazge\u00e7ilmez konusu. Peki hayat\u0131m\u0131zda bu kadar geni\u015f yer kaplayan bu duyguyu ya\u015farken ne kadar ba\u015far\u0131l\u0131y\u0131z? Alman felsefeci Wilhelm Schmid, bu kitapta \u201ca\u015fk\u201d \u00fczerine kafa yoruyor.A\u015fk \u00f6\u011frenilebilir mi? Belli kurallara uyarak mutlu bir a\u015fk ili\u015fkisi  y\u00fcr\u00fctmek m\u00fcmk\u00fcn m\u00fcd\u00fcr? Uzun s\u00fcreli ili\u015fkilerde fl\u00f6rt\u00fcn yeri  var m\u0131d\u0131r? Sadakat, k\u0131skan\u00e7l\u0131k, g\u00fc\u00e7 ve para, a\u015fka nas\u0131l etki eder? \u0130li\u015fkilerde cinselli\u011fin rol\u00fc nedir? A\u015fka nefes ald\u0131rmak ne demektir? Uzun soluklu birlikteliklerde dostluk ve a\u015fk dengesini nas\u0131l kurmak gerekir? Mutsuzluk a\u015fk i\u00e7in bir tehdit midir, yoksa onu m\u00fcmk\u00fcn k\u0131lan  itici bir g\u00fc\u00e7 m\u00fc? Bir de, sahiden, a\u015fk\u0131n herhangi bir anlam\u0131 var m\u0131d\u0131r? Wilhelm Schmid a\u015fk\u0131n do\u011fas\u0131na bakarken, bu sorulara cevap ar\u0131yor. Felsefeyi psikolojiyle bulu\u015fturan ve karma\u015f\u0131k konular\u0131 kolay ve g\u00fcndelik bir dille anlatan Wilhelm Schmid, bu kitapta a\u015fk\u0131 arayanlara, onu bulup korumak isteyelere \u00f6nemli ipu\u00e7lar\u0131 veriyor. <\/p>\n","protected":false},"excerpt":{"rendered":"<p>A\u015fk, insanl\u0131k tarihinin en eski kavramlar\u0131ndan biri. Arkada\u015f sohbetlerinin, romanlar\u0131n, filmlerin vazge\u00e7ilmez konusu. Peki hayat\u0131m\u0131zda bu kadar geni\u015f yer kaplayan bu duyguyu ya\u015farken ne kadar ba\u015far\u0131l\u0131y\u0131z?<span class=\"excerpt-hellip\"> [\u2026]<\/span><\/p>\n","protected":false},"featured_media":0,"template":"","meta":{"_monsterinsights_skip_tracking":false,"_monsterinsights_sitenote_active":false,"_monsterinsights_sitenote_note":"","_monsterinsights_sitenote_category":0},"product_brand":[],"product_cat":[12312,12304],"product_tag":[],"class_list":{"0":"post-698146","1":"product","2":"type-product","3":"status-publish","5":"product_cat-diger","6":"product_cat-tarih","7":"pa_cilt-ciltsiz","8":"pa_tur-kitap","9":"pa_yayinevi-iletisim-yayinlari","10":"pa_yazar-wilhelm-schmid","12":"first","13":"instock","14":"sale","15":"shipping-taxable","16":"purchasable","17":"product-type-simple"},"_links":{"self":[{"href":"https:\/\/roveyayinevi.com.tr\/index.php\/wp-json\/wp\/v2\/product\/698146","targetHints":{"allow":["GET"]}}],"collection":[{"href":"https:\/\/roveyayinevi.com.tr\/index.php\/wp-json\/wp\/v2\/product"}],"about":[{"href":"https:\/\/roveyayinevi.com.tr\/index.php\/wp-json\/wp\/v2\/types\/product"}],"wp:attachment":[{"href":"https:\/\/roveyayinevi.com.tr\/index.php\/wp-json\/wp\/v2\/media?parent=698146"}],"wp:term":[{"taxonomy":"product_brand","embeddable":true,"href":"https:\/\/roveyayinevi.com.tr\/index.php\/wp-json\/wp\/v2\/product_brand?post=698146"},{"taxonomy":"product_cat","embeddable":true,"href":"https:\/\/roveyayinevi.com.tr\/index.php\/wp-json\/wp\/v2\/product_cat?post=698146"},{"taxonomy":"product_tag","embeddable":true,"href":"https:\/\/roveyayinevi.com.tr\/index.php\/wp-json\/wp\/v2\/product_tag?post=698146"}],"curies":[{"name":"wp","href":"https:\/\/api.w.org\/{rel}","templated":true}]}}