{"id":698139,"date":"2025-08-27T14:43:44","date_gmt":"2025-08-27T11:43:44","guid":{"rendered":"https:\/\/roveyayinevi.com.tr\/index.php\/urun\/homoekonomikus\/"},"modified":"2026-04-16T02:07:47","modified_gmt":"2026-04-15T23:07:47","slug":"homoekonomikus","status":"publish","type":"product","link":"https:\/\/roveyayinevi.com.tr\/index.php\/urun\/homoekonomikus\/","title":{"rendered":"Homoekonomikus"},"content":{"rendered":"<p>Ben ilkokuldayken (yakla\u015f\u0131k 30 y\u0131l \u00f6nce) okullarda Hayat Bilgisi dersi vard\u0131. Hat\u0131rlad\u0131\u011f\u0131m kadar\u0131yla bize hayat bilgisi diye anlat\u0131lan, &#8220;vali kimdir?&#8221;, &#8220;kaymakam kimdir?&#8221;, &#8220;ihtiyar heyeti ne i\u015f yapar?&#8221; gibi hayat\u0131 de\u011fil, devleti ve devlete kar\u015f\u0131 vazifelerimizi \u00f6\u011freten bir dersti. Tara nas\u0131l kazan\u0131l\u0131r?&#8221;, &#8220;insan a\u015f\u0131k olunca neler hisseder?&#8221;, &#8220;arkada\u015flar\u0131m\u0131zla ili\u015fkilerimizi nas\u0131l de\u011ferlendirmeliyiz&#8221;, &#8220;okul bitirmek ne i\u015fe yarar?&#8221;, &#8220;insan\u0131n evlilikte kar\u015f\u0131la\u015fabilece\u011fi sorunlar nelerdir?&#8221; gibi hayata d\u00e2ir konularda hi\u00e7bir \u015fey \u00f6\u011fretildi\u011fini hat\u0131rlam\u0131yorum.Bu derleme, b\u00fcy\u00fck \u00f6l\u00e7\u00fcde, hayata ili\u015fkin sorunlara iktisat disiplininin ara\u00e7lar\u0131n\u0131 kullanarak bir cevap arama \u00e7abas\u0131d\u0131r. Ya da bir iktisat\u00e7\u0131 taraf\u0131ndan kaleme al\u0131nm\u0131\u015f Hayat Bilgisi kitab\u0131 denemesi&#8230; Hayata dair en az\u0131ndan birka\u00e7 sorunuzu cevaplamas\u0131 umuduyla. <\/p>\n","protected":false},"excerpt":{"rendered":"<p>Ben ilkokuldayken (yakla\u015f\u0131k 30 y\u0131l \u00f6nce) okullarda Hayat Bilgisi dersi vard\u0131. Hat\u0131rlad\u0131\u011f\u0131m kadar\u0131yla bize hayat bilgisi diye anlat\u0131lan, &#8220;vali kimdir?&#8221;, &#8220;kaymakam kimdir?&#8221;, &#8220;ihtiyar heyeti ne i\u015f<span class=\"excerpt-hellip\"> [\u2026]<\/span><\/p>\n","protected":false},"featured_media":0,"template":"","meta":{"_monsterinsights_skip_tracking":false,"_monsterinsights_sitenote_active":false,"_monsterinsights_sitenote_note":"","_monsterinsights_sitenote_category":0},"product_brand":[],"product_cat":[13044,13043],"product_tag":[],"class_list":{"0":"post-698139","1":"product","2":"type-product","3":"status-publish","5":"product_cat-dunya-ekonomisi","6":"product_cat-ekonomi","7":"pa_cilt-ciltsiz","8":"pa_tur-kitap","9":"pa_yayinevi-liman-kitaplar","10":"pa_yazar-murat-cokgezen","12":"first","13":"instock","14":"sale","15":"shipping-taxable","16":"purchasable","17":"product-type-simple"},"_links":{"self":[{"href":"https:\/\/roveyayinevi.com.tr\/index.php\/wp-json\/wp\/v2\/product\/698139","targetHints":{"allow":["GET"]}}],"collection":[{"href":"https:\/\/roveyayinevi.com.tr\/index.php\/wp-json\/wp\/v2\/product"}],"about":[{"href":"https:\/\/roveyayinevi.com.tr\/index.php\/wp-json\/wp\/v2\/types\/product"}],"wp:attachment":[{"href":"https:\/\/roveyayinevi.com.tr\/index.php\/wp-json\/wp\/v2\/media?parent=698139"}],"wp:term":[{"taxonomy":"product_brand","embeddable":true,"href":"https:\/\/roveyayinevi.com.tr\/index.php\/wp-json\/wp\/v2\/product_brand?post=698139"},{"taxonomy":"product_cat","embeddable":true,"href":"https:\/\/roveyayinevi.com.tr\/index.php\/wp-json\/wp\/v2\/product_cat?post=698139"},{"taxonomy":"product_tag","embeddable":true,"href":"https:\/\/roveyayinevi.com.tr\/index.php\/wp-json\/wp\/v2\/product_tag?post=698139"}],"curies":[{"name":"wp","href":"https:\/\/api.w.org\/{rel}","templated":true}]}}