{"id":698127,"date":"2025-08-27T14:43:40","date_gmt":"2025-08-27T11:43:40","guid":{"rendered":"https:\/\/roveyayinevi.com.tr\/index.php\/urun\/devlet-nedir\/"},"modified":"2026-04-16T02:07:47","modified_gmt":"2026-04-15T23:07:47","slug":"devlet-nedir","status":"publish","type":"product","link":"https:\/\/roveyayinevi.com.tr\/index.php\/urun\/devlet-nedir\/","title":{"rendered":"Devlet Nedir?"},"content":{"rendered":"<p>Marksist devlet kuram\u0131na T\u00fcrkiye\u2019den \u00f6zg\u00fcn bir katk\u0131 !Toplumsal ya\u015fam\u0131n her alan\u0131nda, s\u00fcrekli olarak kar\u015f\u0131m\u0131za \u00e7\u0131kan bir olgudur devlet. Ama, ger\u00e7ekte devlet nedir? Toplumun t\u00fcm\u00fcne hizmet eden bir ayg\u0131t m\u0131? Yoksa egemen s\u0131n\u0131flar\u0131n bask\u0131 arac\u0131 m\u0131? Ya da toplumu haraca kesen asalak bir \u00f6rg\u00fct m\u00fc? <\/p>\n","protected":false},"excerpt":{"rendered":"<p>Marksist devlet kuram\u0131na T\u00fcrkiye\u2019den \u00f6zg\u00fcn bir katk\u0131 !Toplumsal ya\u015fam\u0131n her alan\u0131nda, s\u00fcrekli olarak kar\u015f\u0131m\u0131za \u00e7\u0131kan bir olgudur devlet. Ama, ger\u00e7ekte devlet nedir? Toplumun t\u00fcm\u00fcne hizmet eden<span class=\"excerpt-hellip\"> [\u2026]<\/span><\/p>\n","protected":false},"featured_media":0,"template":"","meta":{"_monsterinsights_skip_tracking":false,"_monsterinsights_sitenote_active":false,"_monsterinsights_sitenote_note":"","_monsterinsights_sitenote_category":0},"product_brand":[],"product_cat":[12337,14706],"product_tag":[],"class_list":{"0":"post-698127","1":"product","2":"type-product","3":"status-publish","5":"product_cat-politika-siyaset","6":"product_cat-siyaset-bilimi","7":"pa_cilt-ciltsiz","8":"pa_tur-kitap","9":"pa_yayinevi-yordam-kitap","10":"pa_yazar-cem-erogul","12":"first","13":"instock","14":"sale","15":"shipping-taxable","16":"purchasable","17":"product-type-simple"},"_links":{"self":[{"href":"https:\/\/roveyayinevi.com.tr\/index.php\/wp-json\/wp\/v2\/product\/698127","targetHints":{"allow":["GET"]}}],"collection":[{"href":"https:\/\/roveyayinevi.com.tr\/index.php\/wp-json\/wp\/v2\/product"}],"about":[{"href":"https:\/\/roveyayinevi.com.tr\/index.php\/wp-json\/wp\/v2\/types\/product"}],"wp:attachment":[{"href":"https:\/\/roveyayinevi.com.tr\/index.php\/wp-json\/wp\/v2\/media?parent=698127"}],"wp:term":[{"taxonomy":"product_brand","embeddable":true,"href":"https:\/\/roveyayinevi.com.tr\/index.php\/wp-json\/wp\/v2\/product_brand?post=698127"},{"taxonomy":"product_cat","embeddable":true,"href":"https:\/\/roveyayinevi.com.tr\/index.php\/wp-json\/wp\/v2\/product_cat?post=698127"},{"taxonomy":"product_tag","embeddable":true,"href":"https:\/\/roveyayinevi.com.tr\/index.php\/wp-json\/wp\/v2\/product_tag?post=698127"}],"curies":[{"name":"wp","href":"https:\/\/api.w.org\/{rel}","templated":true}]}}