{"id":698125,"date":"2025-08-27T14:43:39","date_gmt":"2025-08-27T11:43:39","guid":{"rendered":"https:\/\/roveyayinevi.com.tr\/index.php\/urun\/icindeki-devi-uyandir\/"},"modified":"2026-04-08T02:10:25","modified_gmt":"2026-04-07T23:10:25","slug":"icindeki-devi-uyandir","status":"publish","type":"product","link":"https:\/\/roveyayinevi.com.tr\/index.php\/urun\/icindeki-devi-uyandir\/","title":{"rendered":"\u0130\u00e7indeki Devi Uyand\u0131r"},"content":{"rendered":"<p>Zihinsel, duygusal fiziksel ve parasal kaderinin kontrol\u00fcn\u00fc hi\u00e7 gecikmeden eline al! \u015ea\u015f\u0131rt\u0131c\u0131 bir inan\u0131rl\u0131k&#8230; Her sayfas\u0131, iyi ara\u015ft\u0131r\u0131lm\u0131\u015f ve hemen kullan\u0131labilecek pratik y\u00f6ntemlerle dolu&#8230; D\u00fc\u015f\u00fcnce ve duygular\u0131n\u0131z\u0131n konsantrasyonuyla ama\u00e7lar\u0131n\u0131za ula\u015fman\u0131z\u0131 m\u00fcmk\u00fcn k\u0131lan kitap! &#8211; Success dergisi Anthony Robbins: Doruk performans biliminde lider. \ufffc<\/p>\n","protected":false},"excerpt":{"rendered":"<p>Zihinsel, duygusal fiziksel ve parasal kaderinin kontrol\u00fcn\u00fc hi\u00e7 gecikmeden eline al! \u015ea\u015f\u0131rt\u0131c\u0131 bir inan\u0131rl\u0131k&#8230; Her sayfas\u0131, iyi ara\u015ft\u0131r\u0131lm\u0131\u015f ve hemen kullan\u0131labilecek pratik y\u00f6ntemlerle dolu&#8230; D\u00fc\u015f\u00fcnce ve<span class=\"excerpt-hellip\"> [\u2026]<\/span><\/p>\n","protected":false},"featured_media":0,"template":"","meta":{"_monsterinsights_skip_tracking":false,"_monsterinsights_sitenote_active":false,"_monsterinsights_sitenote_note":"","_monsterinsights_sitenote_category":0},"product_brand":[],"product_cat":[12364,12376],"product_tag":[],"class_list":{"0":"post-698125","1":"product","2":"type-product","3":"status-publish","5":"product_cat-genel-konular","6":"product_cat-kisisel-gelisim","7":"pa_cilt-ciltsiz","8":"pa_tur-kitap","9":"pa_yayinevi-inkilap-kitabevi","10":"pa_yazar-anthony-robbins","12":"first","13":"instock","14":"sale","15":"shipping-taxable","16":"purchasable","17":"product-type-simple"},"_links":{"self":[{"href":"https:\/\/roveyayinevi.com.tr\/index.php\/wp-json\/wp\/v2\/product\/698125","targetHints":{"allow":["GET"]}}],"collection":[{"href":"https:\/\/roveyayinevi.com.tr\/index.php\/wp-json\/wp\/v2\/product"}],"about":[{"href":"https:\/\/roveyayinevi.com.tr\/index.php\/wp-json\/wp\/v2\/types\/product"}],"wp:attachment":[{"href":"https:\/\/roveyayinevi.com.tr\/index.php\/wp-json\/wp\/v2\/media?parent=698125"}],"wp:term":[{"taxonomy":"product_brand","embeddable":true,"href":"https:\/\/roveyayinevi.com.tr\/index.php\/wp-json\/wp\/v2\/product_brand?post=698125"},{"taxonomy":"product_cat","embeddable":true,"href":"https:\/\/roveyayinevi.com.tr\/index.php\/wp-json\/wp\/v2\/product_cat?post=698125"},{"taxonomy":"product_tag","embeddable":true,"href":"https:\/\/roveyayinevi.com.tr\/index.php\/wp-json\/wp\/v2\/product_tag?post=698125"}],"curies":[{"name":"wp","href":"https:\/\/api.w.org\/{rel}","templated":true}]}}