{"id":698120,"date":"2025-08-27T14:43:38","date_gmt":"2025-08-27T11:43:38","guid":{"rendered":"https:\/\/roveyayinevi.com.tr\/index.php\/urun\/kayip-zamanlar\/"},"modified":"2026-04-16T02:07:46","modified_gmt":"2026-04-15T23:07:46","slug":"kayip-zamanlar","status":"publish","type":"product","link":"https:\/\/roveyayinevi.com.tr\/index.php\/urun\/kayip-zamanlar\/","title":{"rendered":"Kay\u0131p Zamanlar"},"content":{"rendered":"<p>&#8220;Herkes gitti ve ben nihayet yaln\u0131z kalabildim. \u00d6n\u00fcmde uzun bir gece var ve bir saniyesini bile bo\u015fa harcamayaca\u011f\u0131m&#8230; Bu gecenin uzun, hayat\u0131m kadar uzun bir gece olmas\u0131n\u0131 istiyorum.&#8221;Ama zaman ilerlemektedir ve ge\u00e7mi\u015fiyle ilgili hat\u0131rlad\u0131\u011f\u0131 her \u015fey, Tommo&#8217;yu hayat\u0131n\u0131 sonsuza dek de\u011fi\u015ftirecek olaya biraz daha yakla\u015ft\u0131rmaktad\u0131r.&#8221;Morpugo, okurlar\u0131na ula\u015fmak konusunda ustad\u0131r. Burada unutulmamas\u0131 veya affedilmemesi gereken olaylardan bahseder&#8230; ger\u00e7ekten unutulmaz.&#8221;The Independet&#8221;&#8230; Hem h\u00fcz\u00fcnl\u00fc, hem s\u0131cac\u0131k&#8230; hayatta olman\u0131n ne kadar de\u011ferli oldu\u011funu g\u00f6steriyor.&#8221;The Sunday Times&#8221;Dokunakl\u0131, h\u00fcz\u00fcnl\u00fc bir a\u011f\u0131t.&#8221;Daily Mail<\/p>\n","protected":false},"excerpt":{"rendered":"<p>&#8220;Herkes gitti ve ben nihayet yaln\u0131z kalabildim. \u00d6n\u00fcmde uzun bir gece var ve bir saniyesini bile bo\u015fa harcamayaca\u011f\u0131m&#8230; Bu gecenin uzun, hayat\u0131m kadar uzun bir gece<span class=\"excerpt-hellip\"> [\u2026]<\/span><\/p>\n","protected":false},"featured_media":0,"template":"","meta":{"_monsterinsights_skip_tracking":false,"_monsterinsights_sitenote_active":false,"_monsterinsights_sitenote_note":"","_monsterinsights_sitenote_category":0},"product_brand":[],"product_cat":[12291,12711],"product_tag":[],"class_list":{"0":"post-698120","1":"product","2":"type-product","3":"status-publish","5":"product_cat-edebiyat","6":"product_cat-roman-oyku","7":"pa_cilt-ciltsiz","8":"pa_tur-kitap","9":"pa_yayinevi-tudem-yayinlari","10":"pa_yazar-michael-morpurgo","12":"first","13":"instock","14":"sale","15":"shipping-taxable","16":"purchasable","17":"product-type-simple"},"_links":{"self":[{"href":"https:\/\/roveyayinevi.com.tr\/index.php\/wp-json\/wp\/v2\/product\/698120","targetHints":{"allow":["GET"]}}],"collection":[{"href":"https:\/\/roveyayinevi.com.tr\/index.php\/wp-json\/wp\/v2\/product"}],"about":[{"href":"https:\/\/roveyayinevi.com.tr\/index.php\/wp-json\/wp\/v2\/types\/product"}],"wp:attachment":[{"href":"https:\/\/roveyayinevi.com.tr\/index.php\/wp-json\/wp\/v2\/media?parent=698120"}],"wp:term":[{"taxonomy":"product_brand","embeddable":true,"href":"https:\/\/roveyayinevi.com.tr\/index.php\/wp-json\/wp\/v2\/product_brand?post=698120"},{"taxonomy":"product_cat","embeddable":true,"href":"https:\/\/roveyayinevi.com.tr\/index.php\/wp-json\/wp\/v2\/product_cat?post=698120"},{"taxonomy":"product_tag","embeddable":true,"href":"https:\/\/roveyayinevi.com.tr\/index.php\/wp-json\/wp\/v2\/product_tag?post=698120"}],"curies":[{"name":"wp","href":"https:\/\/api.w.org\/{rel}","templated":true}]}}