{"id":698117,"date":"2025-08-27T14:43:37","date_gmt":"2025-08-27T11:43:37","guid":{"rendered":"https:\/\/roveyayinevi.com.tr\/index.php\/urun\/eylem-arastirmasi-el-kitabi\/"},"modified":"2026-04-16T02:07:46","modified_gmt":"2026-04-15T23:07:46","slug":"eylem-arastirmasi-el-kitabi","status":"publish","type":"product","link":"https:\/\/roveyayinevi.com.tr\/index.php\/urun\/eylem-arastirmasi-el-kitabi\/","title":{"rendered":"Eylem Ara\u015ft\u0131rmas\u0131 El Kitab\u0131"},"content":{"rendered":"<p>Bu kitap, e\u011fitim ortam\u0131nda eylem ara\u015ft\u0131rmas\u0131n\u0131n nas\u0131l yap\u0131laca\u011f\u0131n\u0131 anlatmaktad\u0131r. 15 b\u00f6l\u00fcmden ve eylem ara\u015ft\u0131rmas\u0131 proje \u00f6rneklerinden olu\u015fan kitab\u0131n, ara\u015ft\u0131rmac\u0131lar\u0131n ara\u015ft\u0131rmalar\u0131n\u0131 bir metodolojiye g\u00f6re d\u00fczenlemeleri ve dogmatik olmadan de\u011ferlendirme tutumlar\u0131n\u0131 geli\u015ftirmeye yard\u0131mc\u0131 olmas\u0131 ama\u00e7lanmaktad\u0131r. -Bilim, ara\u015ft\u0131rma ve \u00f6\u011fretim -Eylem ara\u015ft\u0131rmas\u0131na giri\u015f -Problem \u00e7\u00f6zmek i\u00e7in eylem ara\u015ft\u0131rmas\u0131 kullanmak -Ba\u015flang\u0131\u00e7 -Alanyaz\u0131n taramas\u0131 -Veri toplama y\u00f6ntemleri -Veri analizi y\u00f6ntemleri -Eylem ara\u015ft\u0131rmas\u0131nda nicel y\u00f6ntemler -Ara\u015ft\u0131rma de\u011ferlendirme, betimleme ve \u00f6nerme -Eylem ara\u015ft\u0131rmas\u0131nda bulgular\u0131 rapor etme -Eylem plan\u0131n\u0131z -Bir eylem ara\u015ft\u0131rmas\u0131 raporu yazma -Eylem ara\u015ft\u0131rman\u0131z\u0131 sunma -Y\u00fcksek lisans tezi olarak eylem ara\u015ft\u0131rmas\u0131 -Mesleki b\u00fcy\u00fcme ve geli\u015fme i\u00e7in stratejiler, Ek: Eylem ara\u015ft\u0131rmas\u0131 projesi \u00f6rnekleri <\/p>\n","protected":false},"excerpt":{"rendered":"<p>Bu kitap, e\u011fitim ortam\u0131nda eylem ara\u015ft\u0131rmas\u0131n\u0131n nas\u0131l yap\u0131laca\u011f\u0131n\u0131 anlatmaktad\u0131r. 15 b\u00f6l\u00fcmden ve eylem ara\u015ft\u0131rmas\u0131 proje \u00f6rneklerinden olu\u015fan kitab\u0131n, ara\u015ft\u0131rmac\u0131lar\u0131n ara\u015ft\u0131rmalar\u0131n\u0131 bir metodolojiye g\u00f6re d\u00fczenlemeleri ve dogmatik<span class=\"excerpt-hellip\"> [\u2026]<\/span><\/p>\n","protected":false},"featured_media":0,"template":"","meta":{"_monsterinsights_skip_tracking":false,"_monsterinsights_sitenote_active":false,"_monsterinsights_sitenote_note":"","_monsterinsights_sitenote_category":0},"product_brand":[],"product_cat":[12274,15842],"product_tag":[],"class_list":{"0":"post-698117","1":"product","2":"type-product","3":"status-publish","5":"product_cat-cocuk-ve-genclik-kitaplari","6":"product_cat-egitici-kitaplar","7":"pa_cilt-ciltsiz","8":"pa_tur-kitap","9":"pa_yayinevi-ani-yayincilik","10":"pa_yazar-andrew-p-johnson","12":"first","13":"instock","14":"sale","15":"shipping-taxable","16":"purchasable","17":"product-type-simple"},"_links":{"self":[{"href":"https:\/\/roveyayinevi.com.tr\/index.php\/wp-json\/wp\/v2\/product\/698117","targetHints":{"allow":["GET"]}}],"collection":[{"href":"https:\/\/roveyayinevi.com.tr\/index.php\/wp-json\/wp\/v2\/product"}],"about":[{"href":"https:\/\/roveyayinevi.com.tr\/index.php\/wp-json\/wp\/v2\/types\/product"}],"wp:attachment":[{"href":"https:\/\/roveyayinevi.com.tr\/index.php\/wp-json\/wp\/v2\/media?parent=698117"}],"wp:term":[{"taxonomy":"product_brand","embeddable":true,"href":"https:\/\/roveyayinevi.com.tr\/index.php\/wp-json\/wp\/v2\/product_brand?post=698117"},{"taxonomy":"product_cat","embeddable":true,"href":"https:\/\/roveyayinevi.com.tr\/index.php\/wp-json\/wp\/v2\/product_cat?post=698117"},{"taxonomy":"product_tag","embeddable":true,"href":"https:\/\/roveyayinevi.com.tr\/index.php\/wp-json\/wp\/v2\/product_tag?post=698117"}],"curies":[{"name":"wp","href":"https:\/\/api.w.org\/{rel}","templated":true}]}}