{"id":698114,"date":"2025-08-27T14:43:36","date_gmt":"2025-08-27T11:43:36","guid":{"rendered":"https:\/\/roveyayinevi.com.tr\/index.php\/urun\/hayvanlar-uzerine\/"},"modified":"2026-04-16T02:07:46","modified_gmt":"2026-04-15T23:07:46","slug":"hayvanlar-uzerine","status":"publish","type":"product","link":"https:\/\/roveyayinevi.com.tr\/index.php\/urun\/hayvanlar-uzerine\/","title":{"rendered":"Hayvanlar \u00dczerine"},"content":{"rendered":"<p>Politik, oyunbaz, alet yapan, konu\u015fan, bilen insan tan\u0131mlamalar\u0131n\u0131n ortak endi\u015fe- si, insan\u0131 di\u011fer hayvanlardan ay\u0131ran \u00f6zelli\u011fi bulmakt\u0131r. Peki insan\u0131n i\u00e7indeki hayvan(lar) ve hayvan\u0131n i\u00e7indeki insan(lar)dan bahsetmek bu kadar imkans\u0131z m\u0131d\u0131r? Uzun y\u0131llar\u0131n\u0131 iktidar ili\u015fkileri ve kitlelerin davran\u0131\u015f bi\u00e7imleri \u00fczerine d\u00fc\u015f\u00fcnerek ge\u00e7iren Elias Canetti i\u00e7in insanlarla hayvanlar\u0131n ili\u015fkileri ve bunlar\u0131n ge\u00e7irgenli\u011fi her za- man ilham kayna\u011f\u0131 olmu\u015ftur. Ancak Nobel \u00f6d\u00fcll\u00fc yazar bu defa, hayat\u0131 boyunca hayvan- lara, ama en \u00e7ok da onlar\u0131n insanlarla aras\u0131ndaki hiyerar\u015fik ili\u015fkiye dair tuttu\u011fu notlar, aforizmalar, an\u0131lar, otobiyografik \u00f6geler ta\u015f\u0131yan k\u0131sa ancak \u00e7arp\u0131c\u0131 \u00f6yk\u00fclerle \u201ct\u00fcrc\u00fcl\u00fc\u011f\u00fcn\u201d kalbine adeta b\u0131\u00e7ak sapl\u0131yor. Canetti vah\u015fi ve evcil insan, k\u0131l\u0131k de\u011fi\u015ftiren hayvan \u00f6yk\u00fcleriyle metamorfoz hikayelerinin bir araya geldi\u011fi Hayvanlar \u00dczerine\u2019de insan-hayvan, av-avc\u0131, yeti\u015fkin-\u00e7ocuk, efendi-k\u00f6le gibi tahakk\u00fcme dayal\u0131 ili\u015fkileri tersy\u00fcz ederek adeta bir k\u0131yamet sonras\u0131 at- mosferi yarat\u0131yor. Canetti yad\u0131rgat\u0131c\u0131 ancak \u015fiirsel diliyle insan\u0131n i\u00e7indeki hayvanlara \u00f6zg\u00fc vah\u015fetin pe\u015finde&#8230; <\/p>\n","protected":false},"excerpt":{"rendered":"<p>Politik, oyunbaz, alet yapan, konu\u015fan, bilen insan tan\u0131mlamalar\u0131n\u0131n ortak endi\u015fe- si, insan\u0131 di\u011fer hayvanlardan ay\u0131ran \u00f6zelli\u011fi bulmakt\u0131r. Peki insan\u0131n i\u00e7indeki hayvan(lar) ve hayvan\u0131n i\u00e7indeki insan(lar)dan bahsetmek<span class=\"excerpt-hellip\"> [\u2026]<\/span><\/p>\n","protected":false},"featured_media":0,"template":"","meta":{"_monsterinsights_skip_tracking":false,"_monsterinsights_sitenote_active":false,"_monsterinsights_sitenote_note":"","_monsterinsights_sitenote_category":0},"product_brand":[],"product_cat":[12777,12291],"product_tag":[],"class_list":{"0":"post-698114","1":"product","2":"type-product","3":"status-publish","5":"product_cat-deneme","6":"product_cat-edebiyat","7":"pa_cilt-ciltsiz","8":"pa_tur-kitap","9":"pa_yayinevi-sel-yayincilik","10":"pa_yazar-elias-canetti","12":"first","13":"instock","14":"sale","15":"shipping-taxable","16":"purchasable","17":"product-type-simple"},"_links":{"self":[{"href":"https:\/\/roveyayinevi.com.tr\/index.php\/wp-json\/wp\/v2\/product\/698114","targetHints":{"allow":["GET"]}}],"collection":[{"href":"https:\/\/roveyayinevi.com.tr\/index.php\/wp-json\/wp\/v2\/product"}],"about":[{"href":"https:\/\/roveyayinevi.com.tr\/index.php\/wp-json\/wp\/v2\/types\/product"}],"wp:attachment":[{"href":"https:\/\/roveyayinevi.com.tr\/index.php\/wp-json\/wp\/v2\/media?parent=698114"}],"wp:term":[{"taxonomy":"product_brand","embeddable":true,"href":"https:\/\/roveyayinevi.com.tr\/index.php\/wp-json\/wp\/v2\/product_brand?post=698114"},{"taxonomy":"product_cat","embeddable":true,"href":"https:\/\/roveyayinevi.com.tr\/index.php\/wp-json\/wp\/v2\/product_cat?post=698114"},{"taxonomy":"product_tag","embeddable":true,"href":"https:\/\/roveyayinevi.com.tr\/index.php\/wp-json\/wp\/v2\/product_tag?post=698114"}],"curies":[{"name":"wp","href":"https:\/\/api.w.org\/{rel}","templated":true}]}}