{"id":698110,"date":"2025-08-27T14:43:35","date_gmt":"2025-08-27T11:43:35","guid":{"rendered":"https:\/\/roveyayinevi.com.tr\/index.php\/urun\/bizim-tombis-fiyonk-makarnayi-cok-seviyor\/"},"modified":"2026-04-03T02:11:50","modified_gmt":"2026-04-02T23:11:50","slug":"bizim-tombis-fiyonk-makarnayi-cok-seviyor","status":"publish","type":"product","link":"https:\/\/roveyayinevi.com.tr\/index.php\/urun\/bizim-tombis-fiyonk-makarnayi-cok-seviyor\/","title":{"rendered":"Bizim Tombi\u015f Fiyonk Makarnay\u0131 \u00c7ok Seviyor"},"content":{"rendered":"<p>\u00c7ocuk kitaplar\u0131 alan\u0131ndaki \u00f6zg\u00fcn verimiyle \u00fclkemizin 2013 Astrid Lindgren Anma \u00d6d\u00fcl\u00fc (ALMA) aday\u0131 olan Behi\u00e7 Ak\u2019\u0131n \u201cTombi\u015f Kitaplar\u201d dizisi, sanat\u00e7\u0131n\u0131n yeni yaz\u0131p \u00e7izdi\u011fi \u00fc\u00e7\u00fcnc\u00fc kitab\u0131yla s\u00fcr\u00fcyor. Benim Bir Kar\u015f\u0131m ve Bizim Tombi\u015f Ta\u015ftan Hi\u00e7 Anlam\u0131yor kitaplar\u0131nda farkl\u0131 sorular\u0131n cevaplar\u0131n\u0131 arayan Memo ile bu cevaplar\u0131 pek de umursamayan yak\u0131n arkada\u015f\u0131 Tombi\u015f, bu sefer de \u00e7ocukluk hayallerinin s\u0131n\u0131rs\u0131zl\u0131\u011f\u0131na tan\u0131kl\u0131k ediyorlar. Sanat\u00e7\u0131 bu kitab\u0131yla, \u00e7ocuklar\u0131 b\u00fcy\u00fck hayaller kurmaya ve hayallerinin pe\u015finden gitmeye davet ediyor. \u00c7ocuklar\u0131 olas\u0131l\u0131klar ve farkl\u0131l\u0131klar \u00fczerine d\u00fc\u015f\u00fcnd\u00fcren Tombi\u015f Kitaplar, gelecekteki felsefe okumalar\u0131n\u0131n kap\u0131s\u0131n\u0131 aral\u0131yor. Dizi, hem desenleriyle hem de ve yarat\u0131c\u0131 okuma olana\u011f\u0131 sa\u011flayan metniyle k\u00fc\u00e7\u00fck okurlar kadar yeti\u015fkinlerin de en sevdiklerinden. <\/p>\n","protected":false},"excerpt":{"rendered":"<p>\u00c7ocuk kitaplar\u0131 alan\u0131ndaki \u00f6zg\u00fcn verimiyle \u00fclkemizin 2013 Astrid Lindgren Anma \u00d6d\u00fcl\u00fc (ALMA) aday\u0131 olan Behi\u00e7 Ak\u2019\u0131n \u201cTombi\u015f Kitaplar\u201d dizisi, sanat\u00e7\u0131n\u0131n yeni yaz\u0131p \u00e7izdi\u011fi \u00fc\u00e7\u00fcnc\u00fc kitab\u0131yla s\u00fcr\u00fcyor.<span class=\"excerpt-hellip\"> [\u2026]<\/span><\/p>\n","protected":false},"featured_media":0,"template":"","meta":{"_monsterinsights_skip_tracking":false,"_monsterinsights_sitenote_active":false,"_monsterinsights_sitenote_note":"","_monsterinsights_sitenote_category":0},"product_brand":[],"product_cat":[12274,12284],"product_tag":[],"class_list":{"0":"post-698110","1":"product","2":"type-product","3":"status-publish","5":"product_cat-cocuk-ve-genclik-kitaplari","6":"product_cat-hikayeler","7":"pa_cilt-ciltsiz","8":"pa_tur-kitap","9":"pa_yayinevi-gunisigi-kitapligi","10":"pa_yazar-behic-ak","12":"first","13":"instock","14":"sale","15":"shipping-taxable","16":"purchasable","17":"product-type-simple"},"_links":{"self":[{"href":"https:\/\/roveyayinevi.com.tr\/index.php\/wp-json\/wp\/v2\/product\/698110","targetHints":{"allow":["GET"]}}],"collection":[{"href":"https:\/\/roveyayinevi.com.tr\/index.php\/wp-json\/wp\/v2\/product"}],"about":[{"href":"https:\/\/roveyayinevi.com.tr\/index.php\/wp-json\/wp\/v2\/types\/product"}],"wp:attachment":[{"href":"https:\/\/roveyayinevi.com.tr\/index.php\/wp-json\/wp\/v2\/media?parent=698110"}],"wp:term":[{"taxonomy":"product_brand","embeddable":true,"href":"https:\/\/roveyayinevi.com.tr\/index.php\/wp-json\/wp\/v2\/product_brand?post=698110"},{"taxonomy":"product_cat","embeddable":true,"href":"https:\/\/roveyayinevi.com.tr\/index.php\/wp-json\/wp\/v2\/product_cat?post=698110"},{"taxonomy":"product_tag","embeddable":true,"href":"https:\/\/roveyayinevi.com.tr\/index.php\/wp-json\/wp\/v2\/product_tag?post=698110"}],"curies":[{"name":"wp","href":"https:\/\/api.w.org\/{rel}","templated":true}]}}