{"id":698108,"date":"2025-08-27T14:43:35","date_gmt":"2025-08-27T11:43:35","guid":{"rendered":"https:\/\/roveyayinevi.com.tr\/index.php\/urun\/kimlikli-bedenler\/"},"modified":"2026-04-16T02:07:46","modified_gmt":"2026-04-15T23:07:46","slug":"kimlikli-bedenler","status":"publish","type":"product","link":"https:\/\/roveyayinevi.com.tr\/index.php\/urun\/kimlikli-bedenler\/","title":{"rendered":"Kimlikli Bedenler"},"content":{"rendered":"<p>Kimlikli Bedenler\u2019de bir araya gelen yaz\u0131lar, farkl\u0131 d\u00f6nemlerde \u00fcretilmi\u015f, farkl\u0131 t\u00fcrde yap\u0131tlar \u00fczerinden bedenin kimlik etraf\u0131ndaki k\u00fclt\u00fcrel \u00f6r\u00fcnt\u00fclerine bak\u0131yor. Sanat\u0131n ve tarihinin kimlik olgusunun kurgulanma s\u00fcrecinde oynad\u0131\u011f\u0131 ideolojik i\u015flevi sorgulayan yaz\u0131lar\u0131n yan\u0131 s\u0131ra, g\u00fcn\u00fcm\u00fczde kimlik politikalar\u0131yla ilgilenen sanat\u00e7\u0131lar\u0131n, ge\u00e7mi\u015fin yap\u0131tlar\u0131ndan bug\u00fcne ta\u015f\u0131nan stereotipik temsilleri nas\u0131l alt etti\u011fi irdeleniyor. Osmanl\u0131 resminden Cumhuriyet d\u00f6nemine uzanan s\u00fcre\u00e7te \u00e7\u0131plakl\u0131k olgusunun sanatsal ve k\u00fclt\u00fcrel zemini, T\u00fcrkiye\u2019nin modernle\u015fme s\u00fcreci ba\u011flam\u0131nda beden ve temsilleri, bir \u2018namus meselesi\u2019 olarak heykel olgusu, kad\u0131nlar\u0131n \u00e7a\u011fda\u015f sanattaki \u00f6nc\u00fc konumlar\u0131, feminizm ve performans, kimlik politikalar\u0131 ba\u011flam\u0131nda sanatta performatif beden, bedenin \u2018arma\u011fan\u2019 kavram\u0131 ba\u011flam\u0131nda sanatsal bir metafora d\u00f6n\u00fc\u015f\u00fcm\u00fc Kimlikli Bedenler &#8211; Sanat, Kimlik, Cinsiyet\u2019te ele al\u0131nan konular. <\/p>\n","protected":false},"excerpt":{"rendered":"<p>Kimlikli Bedenler\u2019de bir araya gelen yaz\u0131lar, farkl\u0131 d\u00f6nemlerde \u00fcretilmi\u015f, farkl\u0131 t\u00fcrde yap\u0131tlar \u00fczerinden bedenin kimlik etraf\u0131ndaki k\u00fclt\u00fcrel \u00f6r\u00fcnt\u00fclerine bak\u0131yor. Sanat\u0131n ve tarihinin kimlik olgusunun kurgulanma s\u00fcrecinde<span class=\"excerpt-hellip\"> [\u2026]<\/span><\/p>\n","protected":false},"featured_media":0,"template":"","meta":{"_monsterinsights_skip_tracking":false,"_monsterinsights_sitenote_active":false,"_monsterinsights_sitenote_note":"","_monsterinsights_sitenote_category":0},"product_brand":[],"product_cat":[12312,12304],"product_tag":[],"class_list":{"0":"post-698108","1":"product","2":"type-product","3":"status-publish","5":"product_cat-diger","6":"product_cat-tarih","7":"pa_cilt-ciltsiz","8":"pa_tur-kitap","9":"pa_yayinevi-sel-yayincilik","10":"pa_yazar-ahu-antmen","12":"first","13":"instock","14":"sale","15":"shipping-taxable","16":"purchasable","17":"product-type-simple"},"_links":{"self":[{"href":"https:\/\/roveyayinevi.com.tr\/index.php\/wp-json\/wp\/v2\/product\/698108","targetHints":{"allow":["GET"]}}],"collection":[{"href":"https:\/\/roveyayinevi.com.tr\/index.php\/wp-json\/wp\/v2\/product"}],"about":[{"href":"https:\/\/roveyayinevi.com.tr\/index.php\/wp-json\/wp\/v2\/types\/product"}],"wp:attachment":[{"href":"https:\/\/roveyayinevi.com.tr\/index.php\/wp-json\/wp\/v2\/media?parent=698108"}],"wp:term":[{"taxonomy":"product_brand","embeddable":true,"href":"https:\/\/roveyayinevi.com.tr\/index.php\/wp-json\/wp\/v2\/product_brand?post=698108"},{"taxonomy":"product_cat","embeddable":true,"href":"https:\/\/roveyayinevi.com.tr\/index.php\/wp-json\/wp\/v2\/product_cat?post=698108"},{"taxonomy":"product_tag","embeddable":true,"href":"https:\/\/roveyayinevi.com.tr\/index.php\/wp-json\/wp\/v2\/product_tag?post=698108"}],"curies":[{"name":"wp","href":"https:\/\/api.w.org\/{rel}","templated":true}]}}